{"id":14841,"date":"2026-04-20T03:06:02","date_gmt":"2026-04-20T00:06:02","guid":{"rendered":"https:\/\/kasskoer.ee\/product\/brit-care-functional-recovery-narimismaius-koertele-150g-2\/"},"modified":"2026-04-20T03:06:04","modified_gmt":"2026-04-20T00:06:04","slug":"brit-care-functional-recovery-narimismaius-koertele-150g","status":"publish","type":"product","link":"https:\/\/kasskoer.ee\/en\/toode\/brit-care-functional-recovery-narimismaius-koertele-150g\/","title":{"rendered":"Brit Care Functional Recovery n\u00e4rimismaius koertele 150g"},"content":{"rendered":"<p><b>Brit Care funktsionaalne heeringa ja astelpajuga maius kiireks taastumiseks peale suuremat koormust. T\u00e4iends\u00f6\u00f6t koertele.<\/b>&#13;<\/p>\n<li>Astelpaju rikkalikult antioks\u00fcdante sisaldavad supermarjad aitavad v\u00f5idelda vabade radikaalidega ning nende suur C-vitamiini sisaldus aitab kaasa haavade paranemisele ja taastumisele.<\/li>\n<p>&#13;<\/p>\n<li>Heeringas on suurep\u00e4rane s\u00fcdame-veresoonkonna \u00f5igeks toimimiseks vajalike oomega-3 rasvhapete allikas.<\/li>\n<p>&#13;<\/p>\n<li>Rikastatud aminohapete ja vitamiinidega, et tagada kiire taastumine p\u00e4rast sportimist.<\/li>\n<p>&#13;<\/p>\n<li>Ei sisalda teravilja ega kartuleid.<\/li>\n<p>&#13;<\/p>\n<li>Fulvohapped toetavad toitainete imendumist.<\/li>\n<p>&#13;<\/p>\n<li>Meloniekstrakt on antioks\u00fcdantide allikas.<\/li>\n<p>&#13;<\/p>\n<li>Kollageen toetab luude, lihaste ja liigeste tervist.<\/li>\n<p>&#13;<\/p>\n<li>Probiootikumid toetavad soolestiku mikrofloorat.<\/li>\n<p>&#13;<br \/>\n<br \/>&#13;<br \/>\n<b>Koostis<\/b><br \/>&#13;<br \/>\nDeh\u00fcdreeritud heeringas (26%), k\u00f5rvits (20%), punased l\u00e4\u00e4tsed (18%), vedel k\u00f6\u00f6giviljat\u00e4rklis (14%), heeringavalk* (10%), heeringamahl* (5%), kollageen (4%), kuivatatud astelpalju (1%), l\u00f5he\u00f5li (1%), fulvohape (0,5%), mineraalained, kantaluubi ekstrakt (0,01%), inaktiveeritud Lactobacillus acidophilus HA-122 (15 x 109 rakku\/kg). * H\u00fcdrol\u00fc\u00fcsitud.<br \/>&#13;<br \/>\n<br \/>&#13;<br \/>\n<b>Anal\u00fc\u00fctilised koostisosad<\/b><br \/>&#13;<br \/>\nToorvalk 28,0%, toorrasv 4,5%, niiskus 17,0%, toortuhk 6,2%, toorkiud 1,1%, kaltsium 0,8%, fosfor 0,6%, naatrium 0,8%, oomega-3 0,45%, oomega-6 0,35%.<br \/>&#13;<br \/>\n<br \/>&#13;<br \/>\n<b>S\u00f6\u00f6dalisandid<\/b><br \/>&#13;<br \/>\nNiatsiinamiid (3a315) 100 mg, kaltsiumpantotenaat (3a841) 40 mg, biotiin (3a880) 2 mg, koliinkloriid (3a890) 2500 mg, L-l\u00fcsiin (3.2.3) 50 mg, L-metioniin (3c305) 200 mg, L-treoniin (3c410) 40 mg, L-tr\u00fcptofaan (3.4.1.) 100 mg. Sisaldab ELi poolt heakskiidetud s\u00e4ilitusaineid: sidrunhape (E330), \u00f5unhape (E296).<br \/>&#13;<br \/>\n<br \/>&#13;<br \/>\n<b>Metaboliseeruv energia<\/b><br \/>&#13;<br \/>\n3 150 kcal\/kg<\/p>\n","protected":false},"excerpt":{"rendered":"<p>Funktsionaalne maius koerale, mis aitab kiirendada taastumist p\u00e4rast sporti.<\/p>\n","protected":false},"featured_media":11250,"template":"","meta":[],"product_cat":[1210,688],"product_tag":[],"class_list":{"0":"post-14841","1":"product","2":"type-product","3":"status-publish","4":"has-post-thumbnail","6":"product_cat-koerte-maiused","7":"product_cat-koerad","8":"pa_brand-brit-care","9":"pa_ean-2045","10":"pa_kaal-0-150","11":"pa_tootjariik-tsehhi","13":"first","14":"instock","15":"sale","16":"taxable","17":"shipping-taxable","18":"purchasable","19":"product-type-simple"},"_links":{"self":[{"href":"https:\/\/kasskoer.ee\/en\/wp-json\/wp\/v2\/product\/14841","targetHints":{"allow":["GET"]}}],"collection":[{"href":"https:\/\/kasskoer.ee\/en\/wp-json\/wp\/v2\/product"}],"about":[{"href":"https:\/\/kasskoer.ee\/en\/wp-json\/wp\/v2\/types\/product"}],"wp:featuredmedia":[{"embeddable":true,"href":"https:\/\/kasskoer.ee\/en\/wp-json\/wp\/v2\/media\/11250"}],"wp:attachment":[{"href":"https:\/\/kasskoer.ee\/en\/wp-json\/wp\/v2\/media?parent=14841"}],"wp:term":[{"taxonomy":"product_cat","embeddable":true,"href":"https:\/\/kasskoer.ee\/en\/wp-json\/wp\/v2\/product_cat?post=14841"},{"taxonomy":"product_tag","embeddable":true,"href":"https:\/\/kasskoer.ee\/en\/wp-json\/wp\/v2\/product_tag?post=14841"}],"curies":[{"name":"wp","href":"https:\/\/api.w.org\/{rel}","templated":true}]}}