{"id":14842,"date":"2026-04-20T03:06:02","date_gmt":"2026-04-20T00:06:02","guid":{"rendered":"https:\/\/kasskoer.ee\/product\/brit-care-functional-skin-coat-narimismaius-koertele-150g-2\/"},"modified":"2026-04-20T03:06:04","modified_gmt":"2026-04-20T00:06:04","slug":"brit-care-functional-skin-coat-narimismaius-koertele-150g","status":"publish","type":"product","link":"https:\/\/kasskoer.ee\/en\/toode\/brit-care-functional-skin-coat-narimismaius-koertele-150g\/","title":{"rendered":"Brit Care Functional Skin &#038; Coat n\u00e4rimismaius koertele 150g"},"content":{"rendered":"<p><b>Brit Care funktsionaalne krilli ja kookosega maius karvkatte ja naha tervise toetamiseks. T\u00e4iends\u00f6\u00f6t koertele.<\/b>&#13;<\/p>\n<li>Kookosp\u00e4hkel on tervislik toiduaine ning see sisaldab rikkalikult spetsiifilisi toitaineid, mis aitavad hoida nahka tervemana ja niisutatuna. Kookosp\u00e4hklit on lihtne lisada igap\u00e4evasele s\u00f6\u00f6dale ning see on loomulik viis koera naha tervena ja karvkatte l\u00e4ikivana hoidmiseks.<\/li>\n<p>&#13;<\/p>\n<li>Krill &#8211; rikkalik E-vitamiini ja oomega-3 rasvhapete allikas, mis aitab kuiva nahka taastada ja toita ning ergutada terve ja l\u00e4ikiva karva kasvamist.<\/li>\n<p>&#13;<\/p>\n<li>Rikastatud tsingi ja biotiiniga, et aidata hoida nahka tervena ja karvkatet l\u00e4ikivana.<\/li>\n<p>&#13;<\/p>\n<li>Ei sisalda teravilja ega kartuleid.<\/li>\n<p>&#13;<\/p>\n<li>Fulvohapped toetavad toitainete imendumist.<\/li>\n<p>&#13;<\/p>\n<li>Meloniekstrakt on antioks\u00fcdantide allikas.<\/li>\n<p>&#13;<\/p>\n<li>Kollageen toetab luude, lihaste ja liigeste tervist.<\/li>\n<p>&#13;<\/p>\n<li>Probiootikumid toetavad soolestiku mikrofloorat.<\/li>\n<p>&#13;<br \/>\n<br \/>&#13;<br \/>\n<b>Koostis<\/b><br \/>&#13;<br \/>\nDeh\u00fcdreeritud krill (26%), k\u00f5rvits (20%), vedel k\u00f6\u00f6giviljat\u00e4rklis (14%), punased l\u00e4\u00e4tsed (13%), l\u00f5hevalk* (10%), linaseemned (5%), l\u00f5hemahl* (5%), kollageen (3,5%), kuivatatud kookosp\u00e4hkel (1%), l\u00f5he\u00f5li (1%), kuivatatud vetikad (0,8%), fulvohape (0,5%), mineraalained, kantaluubi ekstrakt (0,01%), inaktiveeritud Lactobacillus acidophilus HA-122 (15 x 109 rakku\/kg). * H\u00fcdrol\u00fc\u00fcsitud.<br \/>&#13;<br \/>\n<br \/>&#13;<br \/>\n<b>Anal\u00fc\u00fctiline koostis<\/b><br \/>&#13;<br \/>\nToorvalk 22,0%, toorrasv 5,5%, niiskus 17,0%, toortuhk 4,0%, toorkiud 1,0%, kaltsium 0,9%, fosfor 0,4%, naatrium 0,7%, oomega-3 2,0%, oomega-6 0,8%.<br \/>&#13;<br \/>\n<br \/>&#13;<br \/>\n<b>S\u00f6\u00f6dalisandid (1 kg kohta)<\/b><br \/>&#13;<br \/>\nToitainelised lisandid: Tsink (3b606) 150 mg, biotiin (3a880) 2 mg. Sisaldab ELi poolt heakskiidetud s\u00e4ilitusaineid: sidrunhape (E330), \u00f5unhape (E296).<br \/>&#13;<br \/>\n<br \/>&#13;<br \/>\n<b>Metaboliseeruv energia<\/b><br \/>&#13;<br \/>\n3 260 kcal\/kg<\/p>\n","protected":false},"excerpt":{"rendered":"<p>Funktsionaalne maius koerale, mis toetab naha ja karva tervist.<\/p>\n","protected":false},"featured_media":11252,"template":"","meta":[],"product_cat":[1210,688],"product_tag":[],"class_list":{"0":"post-14842","1":"product","2":"type-product","3":"status-publish","4":"has-post-thumbnail","6":"product_cat-koerte-maiused","7":"product_cat-koerad","8":"pa_brand-brit-care","9":"pa_ean-2046","10":"pa_kaal-0-150","11":"pa_tootjariik-tsehhi","13":"first","14":"instock","15":"sale","16":"taxable","17":"shipping-taxable","18":"purchasable","19":"product-type-simple"},"_links":{"self":[{"href":"https:\/\/kasskoer.ee\/en\/wp-json\/wp\/v2\/product\/14842","targetHints":{"allow":["GET"]}}],"collection":[{"href":"https:\/\/kasskoer.ee\/en\/wp-json\/wp\/v2\/product"}],"about":[{"href":"https:\/\/kasskoer.ee\/en\/wp-json\/wp\/v2\/types\/product"}],"wp:featuredmedia":[{"embeddable":true,"href":"https:\/\/kasskoer.ee\/en\/wp-json\/wp\/v2\/media\/11252"}],"wp:attachment":[{"href":"https:\/\/kasskoer.ee\/en\/wp-json\/wp\/v2\/media?parent=14842"}],"wp:term":[{"taxonomy":"product_cat","embeddable":true,"href":"https:\/\/kasskoer.ee\/en\/wp-json\/wp\/v2\/product_cat?post=14842"},{"taxonomy":"product_tag","embeddable":true,"href":"https:\/\/kasskoer.ee\/en\/wp-json\/wp\/v2\/product_tag?post=14842"}],"curies":[{"name":"wp","href":"https:\/\/api.w.org\/{rel}","templated":true}]}}