{"id":14855,"date":"2026-04-20T03:06:02","date_gmt":"2026-04-20T00:06:02","guid":{"rendered":"https:\/\/kasskoer.ee\/product\/flamingo-led-valgusega-pall-koerale-125cm-2\/"},"modified":"2026-04-20T03:06:04","modified_gmt":"2026-04-20T00:06:04","slug":"flamingo-led-valgusega-pall-koerale-125cm","status":"publish","type":"product","link":"https:\/\/kasskoer.ee\/en\/toode\/flamingo-led-valgusega-pall-koerale-125cm\/","title":{"rendered":"Flamingo LED valgusega pall koerale 12,5cm"},"content":{"rendered":"<p><b>Pilkup\u00fc\u00fcdev pall, mis s\u00fcttib pimedas ja vilgub sellega m\u00e4ngides.<\/b>   &#13;<\/p>\n<li>Palli tuli s\u00fcttib seda visates.<\/li>\n<p>&#13;<\/p>\n<li>P\u00fcsib vee peal ja sobib seet\u00f5ttu suurep\u00e4raselt koos koeraga veem\u00e4ngudeks.<\/li>\n<p>&#13;<\/p>\n<li>Annab valgust t\u00e4nu patareidele (ei ole vahetatavad).<\/li>\n<p>&#13;<\/p>\n<li>Valmistatud vastupidavast TPR kummist.<\/li>\n","protected":false},"excerpt":{"rendered":"<p>Flamingo LED valgusega sinine ogadega pall koertele.<\/p>\n","protected":false},"featured_media":11278,"template":"","meta":[],"product_cat":[1326,688],"product_tag":[],"class_list":{"0":"post-14855","1":"product","2":"type-product","3":"status-publish","4":"has-post-thumbnail","6":"product_cat-koerte-manguasjad","7":"product_cat-koerad","8":"pa_brand-flamingo","9":"pa_ean-2322","10":"pa_kaal-0-200","11":"pa_tootjariik-hiina","13":"first","14":"outofstock","15":"taxable","16":"shipping-taxable","17":"purchasable","18":"product-type-simple"},"_links":{"self":[{"href":"https:\/\/kasskoer.ee\/en\/wp-json\/wp\/v2\/product\/14855","targetHints":{"allow":["GET"]}}],"collection":[{"href":"https:\/\/kasskoer.ee\/en\/wp-json\/wp\/v2\/product"}],"about":[{"href":"https:\/\/kasskoer.ee\/en\/wp-json\/wp\/v2\/types\/product"}],"wp:featuredmedia":[{"embeddable":true,"href":"https:\/\/kasskoer.ee\/en\/wp-json\/wp\/v2\/media\/11278"}],"wp:attachment":[{"href":"https:\/\/kasskoer.ee\/en\/wp-json\/wp\/v2\/media?parent=14855"}],"wp:term":[{"taxonomy":"product_cat","embeddable":true,"href":"https:\/\/kasskoer.ee\/en\/wp-json\/wp\/v2\/product_cat?post=14855"},{"taxonomy":"product_tag","embeddable":true,"href":"https:\/\/kasskoer.ee\/en\/wp-json\/wp\/v2\/product_tag?post=14855"}],"curies":[{"name":"wp","href":"https:\/\/api.w.org\/{rel}","templated":true}]}}