{"id":14892,"date":"2026-04-20T03:06:02","date_gmt":"2026-04-20T00:06:02","guid":{"rendered":"https:\/\/kasskoer.ee\/product\/flamingo-hapki-duck-rice-bone-narimismaius-koerale-170g-2\/"},"modified":"2026-04-20T03:06:05","modified_gmt":"2026-04-20T00:06:05","slug":"flamingo-hapki-duck-rice-bone-narimismaius-koerale-170g","status":"publish","type":"product","link":"https:\/\/kasskoer.ee\/en\/toode\/flamingo-hapki-duck-rice-bone-narimismaius-koerale-170g\/","title":{"rendered":"Flamingo Hapki Duck + Rice Bone n\u00e4rimismaius koerale 170g"},"content":{"rendered":"<p><b>Hapki pardi ja riisiga kondikesed. T\u00e4iends\u00f6\u00f6t koerale.<\/b><br \/>&#13;<\/p>\n<li>100% maitsvad.<\/li>\n<p>&#13;<\/p>\n<li>Lihtne murda ja pakkuda ka v\u00e4iksemate t\u00fckkidena.<\/li>\n<p>&#13;<\/p>\n<li>Gluteenivabad.<\/li>\n<p>&#13;<\/p>\n<li>Ilma lisatud suhkruteta.<\/li>\n<p>&#13;<br \/>\n<br \/>&#13;<br \/>\n<b>Koostis<\/b><br \/>&#13;<br \/>\nPart (65,8%), riis (15%), gl\u00fctseriin (4%), sorbitool (2%), t\u00e4rklis (10%), taimne valk (3%), sool (0,2%).<br \/>&#13;<br \/>\n<br \/>&#13;<br \/>\n<b>Anal\u00fc\u00fctilised koostisosad<\/b><br \/>&#13;<br \/>\nToorvalk 23%, toorrasv 0,5%, niiskus 18%, toortuhk 8%, toorkiud 3%.<br \/>&#13;<br \/>\n<br \/>&#13;<br \/>\n<b>S\u00f6\u00f6dalisandid<\/b><br \/>&#13;<br \/>\nKaaliumsorbaat E202 0,1%<br \/>&#13;<br \/>\n<br \/>&#13;<br \/>\n<b>Maksimaalne p\u00e4evane kogus<\/b>&#13;<\/p>\n<table class=\" cke_show_border\" width=\"350\">&#13;<\/p>\n<tbody>&#13;<\/p>\n<tr>&#13;<\/p>\n<td>< 3 kg<\/td>\n<p>&#13;<\/p>\n<td>3 &#8211; 5 kg<\/td>\n<p>&#13;<\/p>\n<td>5 &#8211; 10 kg<\/td>\n<p>&#13;<\/p>\n<td>10 &#8211; 20 kg<\/td>\n<p>&#13;<\/p>\n<td>> 20 kg<\/td>\n<p>&#13;<br \/>\n<\/tr>\n<p>&#13;<\/p>\n<tr>&#13;<\/p>\n<td>2 tk<\/td>\n<p>&#13;<\/p>\n<td>4 tk<\/td>\n<p>&#13;<\/p>\n<td>6 tk<\/td>\n<p>&#13;<\/p>\n<td>8 tk<\/td>\n<p>&#13;<\/p>\n<td>10 tk<\/td>\n<p>&#13;<br \/>\n<\/tr>\n<p>&#13;<br \/>\n<\/tbody>\n<p>&#13;<br \/>\n<\/table>\n","protected":false},"excerpt":{"rendered":"<p>Hapki maitsvad pardi ja riisiga maiused koerale.<\/p>\n","protected":false},"featured_media":11298,"template":"","meta":[],"product_cat":[1210,688],"product_tag":[],"class_list":{"0":"post-14892","1":"product","2":"type-product","3":"status-publish","4":"has-post-thumbnail","6":"product_cat-koerte-maiused","7":"product_cat-koerad","8":"pa_brand-flamingo","9":"pa_ean-2063","10":"pa_kaal-0-170","11":"pa_tootjariik-hiina","13":"first","14":"instock","15":"taxable","16":"shipping-taxable","17":"purchasable","18":"product-type-simple"},"_links":{"self":[{"href":"https:\/\/kasskoer.ee\/en\/wp-json\/wp\/v2\/product\/14892","targetHints":{"allow":["GET"]}}],"collection":[{"href":"https:\/\/kasskoer.ee\/en\/wp-json\/wp\/v2\/product"}],"about":[{"href":"https:\/\/kasskoer.ee\/en\/wp-json\/wp\/v2\/types\/product"}],"wp:featuredmedia":[{"embeddable":true,"href":"https:\/\/kasskoer.ee\/en\/wp-json\/wp\/v2\/media\/11298"}],"wp:attachment":[{"href":"https:\/\/kasskoer.ee\/en\/wp-json\/wp\/v2\/media?parent=14892"}],"wp:term":[{"taxonomy":"product_cat","embeddable":true,"href":"https:\/\/kasskoer.ee\/en\/wp-json\/wp\/v2\/product_cat?post=14892"},{"taxonomy":"product_tag","embeddable":true,"href":"https:\/\/kasskoer.ee\/en\/wp-json\/wp\/v2\/product_tag?post=14892"}],"curies":[{"name":"wp","href":"https:\/\/api.w.org\/{rel}","templated":true}]}}