{"id":14898,"date":"2026-04-20T03:10:00","date_gmt":"2026-04-20T00:10:00","guid":{"rendered":"https:\/\/kasskoer.ee\/product\/flamingo-led-kaelarihm-koertele-sinine-20-70cm-16mm-2\/"},"modified":"2026-04-20T03:10:01","modified_gmt":"2026-04-20T00:10:01","slug":"flamingo-led-kaelarihm-koertele-sinine-20-70cm-16mm","status":"publish","type":"product","link":"https:\/\/kasskoer.ee\/en\/toode\/flamingo-led-kaelarihm-koertele-sinine-20-70cm-16mm\/","title":{"rendered":"Flamingo LED kaelarihm koertele sinine 20-70cm 16mm"},"content":{"rendered":"<p><b>Ideaalne kaelarihm igaks v\u00e4litegevuseks!<\/b>&#13;<\/p>\n<li>Kaelarihma saab sobivasse m\u00f5\u00f5tu l\u00f5igata.<\/li>\n<p>&#13;<\/p>\n<li>Rihmal on LED valgus, mis on n\u00e4htav kuni 500 meetrit ja kolm valgusre\u017eiimi.<\/li>\n<p>&#13;<\/p>\n<li>Kaasas 1 taaslaetav LIR1015 aku ja mikro-USB kaabel.<\/li>\n<p>&#13;<\/p>\n<li>IP44 (kaitse teravate esemete eest ja pritsmekindel).<\/li>\n<p>&#13;<\/p>\n<li>Kaelarihm on valmistatud plastikust.<\/li>\n<p>&#13;<br \/>\n<br \/>&#13;<br \/>\n<b>M\u00f5\u00f5tmed<\/b><br \/>&#13;<br \/>\n20-70cm x16mm<\/p>\n","protected":false},"excerpt":{"rendered":"<p>Flamingo sinine LED kaelarihm koertele.<\/p>\n","protected":false},"featured_media":11306,"template":"","meta":[],"product_cat":[1331],"product_tag":[],"class_list":{"0":"post-14898","1":"product","2":"type-product","3":"status-publish","4":"has-post-thumbnail","6":"product_cat-koerte-rihmad","7":"pa_brand-flamingo","8":"pa_ean-2236","9":"pa_kaal-0-060","10":"pa_tootjariik-hiina","12":"first","13":"outofstock","14":"taxable","15":"shipping-taxable","16":"purchasable","17":"product-type-simple"},"_links":{"self":[{"href":"https:\/\/kasskoer.ee\/en\/wp-json\/wp\/v2\/product\/14898","targetHints":{"allow":["GET"]}}],"collection":[{"href":"https:\/\/kasskoer.ee\/en\/wp-json\/wp\/v2\/product"}],"about":[{"href":"https:\/\/kasskoer.ee\/en\/wp-json\/wp\/v2\/types\/product"}],"wp:featuredmedia":[{"embeddable":true,"href":"https:\/\/kasskoer.ee\/en\/wp-json\/wp\/v2\/media\/11306"}],"wp:attachment":[{"href":"https:\/\/kasskoer.ee\/en\/wp-json\/wp\/v2\/media?parent=14898"}],"wp:term":[{"taxonomy":"product_cat","embeddable":true,"href":"https:\/\/kasskoer.ee\/en\/wp-json\/wp\/v2\/product_cat?post=14898"},{"taxonomy":"product_tag","embeddable":true,"href":"https:\/\/kasskoer.ee\/en\/wp-json\/wp\/v2\/product_tag?post=14898"}],"curies":[{"name":"wp","href":"https:\/\/api.w.org\/{rel}","templated":true}]}}