{"id":14901,"date":"2026-04-20T03:10:00","date_gmt":"2026-04-20T00:10:00","guid":{"rendered":"https:\/\/kasskoer.ee\/product\/flamingo-hapki-lamb-rice-strips-narimismaius-koerale-85g-2\/"},"modified":"2026-04-20T03:10:01","modified_gmt":"2026-04-20T00:10:01","slug":"flamingo-hapki-lamb-rice-strips-narimismaius-koerale-85g","status":"publish","type":"product","link":"https:\/\/kasskoer.ee\/en\/toode\/flamingo-hapki-lamb-rice-strips-narimismaius-koerale-85g\/","title":{"rendered":"Flamingo Hapki Lamb + Rice Strips n\u00e4rimismaius koerale 85g"},"content":{"rendered":"<p><b>Hapki lamba ja riisi ribad. T\u00e4iends\u00f6\u00f6t koerale.<\/b><br \/>&#13;<\/p>\n<li>100% maitsvad.<\/li>\n<p>&#13;<\/p>\n<li>Suurep\u00e4rased tervislikuks preemiaks.<\/li>\n<p>&#13;<\/p>\n<li>K\u00f5rge valgu- ja madala rasvasisaldusega.<\/li>\n<p>&#13;<\/p>\n<li>Ilma lisatud suhkruteta.<\/li>\n<p>&#13;<br \/>\n<br \/>&#13;<br \/>\n<b>Koostis<\/b><br \/>&#13;<br \/>\nLammas (62,1%), riis (17,6%), gl\u00fctseriin, taimne valk, t\u00e4rklis, k\u00fc\u00fcslaugupulber, sool.<br \/>&#13;<br \/>\n<br \/>&#13;<br \/>\n<b>Anal\u00fc\u00fctilised koostisosad<\/b><br \/>&#13;<br \/>\nToorvalk 28%, toorrasv 1%, niiskus 16%, toortuhk 3%, toorkiud 1%.<br \/>&#13;<br \/>\n<br \/>&#13;<br \/>\n<b>S\u00f6\u00f6dalisandid<\/b><br \/>&#13;<br \/>\nV\u00e4rvaine &#8211; punane raudoksiid E172 0,007%<br \/>&#13;<br \/>\n<br \/>&#13;<br \/>\n<b>Maksimaalne p\u00e4evane kogus<\/b>&#13;<\/p>\n<table class=\" cke_show_border\" width=\"350\">&#13;<\/p>\n<tbody>&#13;<\/p>\n<tr>&#13;<\/p>\n<td>< 5 kg<\/td>\n<p>&#13;<\/p>\n<td>5 &#8211; 10 kg<\/td>\n<p>&#13;<\/p>\n<td>10 &#8211; 25 kg<\/td>\n<p>&#13;<\/p>\n<td>> 25 kg<\/td>\n<p>&#13;<br \/>\n<\/tr>\n<p>&#13;<\/p>\n<tr>&#13;<\/p>\n<td>1 tk<\/td>\n<p>&#13;<\/p>\n<td>3 tk<\/td>\n<p>&#13;<\/p>\n<td>5 tk<\/td>\n<p>&#13;<\/p>\n<td>7 tk<\/td>\n<p>&#13;<br \/>\n<\/tr>\n<p>&#13;<br \/>\n<\/tbody>\n<p>&#13;<br \/>\n<\/table>\n","protected":false},"excerpt":{"rendered":"<p>Hapki maitsvad lamba ja riisiga maiused koerale.<\/p>\n","protected":false},"featured_media":11308,"template":"","meta":[],"product_cat":[1210,688],"product_tag":[],"class_list":{"0":"post-14901","1":"product","2":"type-product","3":"status-publish","4":"has-post-thumbnail","6":"product_cat-koerte-maiused","7":"product_cat-koerad","8":"pa_brand-flamingo","9":"pa_ean-2065","10":"pa_kaal-0-085","11":"pa_tootjariik-hiina","13":"first","14":"instock","15":"taxable","16":"shipping-taxable","17":"purchasable","18":"product-type-simple"},"_links":{"self":[{"href":"https:\/\/kasskoer.ee\/en\/wp-json\/wp\/v2\/product\/14901","targetHints":{"allow":["GET"]}}],"collection":[{"href":"https:\/\/kasskoer.ee\/en\/wp-json\/wp\/v2\/product"}],"about":[{"href":"https:\/\/kasskoer.ee\/en\/wp-json\/wp\/v2\/types\/product"}],"wp:featuredmedia":[{"embeddable":true,"href":"https:\/\/kasskoer.ee\/en\/wp-json\/wp\/v2\/media\/11308"}],"wp:attachment":[{"href":"https:\/\/kasskoer.ee\/en\/wp-json\/wp\/v2\/media?parent=14901"}],"wp:term":[{"taxonomy":"product_cat","embeddable":true,"href":"https:\/\/kasskoer.ee\/en\/wp-json\/wp\/v2\/product_cat?post=14901"},{"taxonomy":"product_tag","embeddable":true,"href":"https:\/\/kasskoer.ee\/en\/wp-json\/wp\/v2\/product_tag?post=14901"}],"curies":[{"name":"wp","href":"https:\/\/api.w.org\/{rel}","templated":true}]}}