{"id":14905,"date":"2026-04-20T03:10:00","date_gmt":"2026-04-20T00:10:00","guid":{"rendered":"https:\/\/kasskoer.ee\/product\/flamingo-must-metallpuur-keo-koerale-xs-30x47x37cm-2\/"},"modified":"2026-04-20T03:10:01","modified_gmt":"2026-04-20T00:10:01","slug":"flamingo-must-metallpuur-keo-koerale-xs-30x47x37cm","status":"publish","type":"product","link":"https:\/\/kasskoer.ee\/en\/toode\/flamingo-must-metallpuur-keo-koerale-xs-30x47x37cm\/","title":{"rendered":"Flamingo must metallpuur Keo koerale XS 30x47x37cm"},"content":{"rendered":"<p><b>Flamingo musta v\u00e4rvi puur koerale.<\/b>&#13;<\/p>\n<li>Puuril on \u00fcks liuglukuga uks.<\/li>\n<p>&#13;<\/p>\n<li>Kaitsvad jalad, et v\u00e4ltida kriimustuste teket.<\/li>\n<p>&#13;<\/p>\n<li>K\u00e4ep\u00e4rane v\u00e4ljat\u00f5mmatav plastalus muudab puuri puhastamise \u00fclimalt mugavaks.<\/li>\n<p>&#13;<\/p>\n<li>Eemaldatav k\u00e4epide teeb transportimise lihtsaks ja mugavaks.<\/li>\n<p>&#13;<\/p>\n<li>Puur on lihtsasti kokkupandav.<\/li>\n<p>&#13;<br \/>\n<br \/>&#13;<br \/>\n<b>M\u00f5\u00f5tmed<\/b><br \/>&#13;<br \/>\nPikkus, laius ja k\u00f5rgus: 47 x 30 x 37 cm.<br \/>&#13;<br \/>\nHorisontaalne, vertikaalne ja raami traadi paksus: 4 \/ 3 \/ 4,8 mm.<\/p>\n","protected":false},"excerpt":{"rendered":"<p>Flamingo kvaliteetne ja vastupidav metallpuur.<\/p>\n","protected":false},"featured_media":11312,"template":"","meta":[],"product_cat":[2186],"product_tag":[],"class_list":{"0":"post-14905","1":"product","2":"type-product","3":"status-publish","4":"has-post-thumbnail","6":"product_cat-koerte-puurid","7":"pa_brand-flamingo","8":"pa_ean-2200","9":"pa_kaal-3-900","10":"pa_tootjariik-hiina","12":"first","13":"outofstock","14":"taxable","15":"shipping-taxable","16":"purchasable","17":"product-type-simple"},"_links":{"self":[{"href":"https:\/\/kasskoer.ee\/en\/wp-json\/wp\/v2\/product\/14905","targetHints":{"allow":["GET"]}}],"collection":[{"href":"https:\/\/kasskoer.ee\/en\/wp-json\/wp\/v2\/product"}],"about":[{"href":"https:\/\/kasskoer.ee\/en\/wp-json\/wp\/v2\/types\/product"}],"wp:featuredmedia":[{"embeddable":true,"href":"https:\/\/kasskoer.ee\/en\/wp-json\/wp\/v2\/media\/11312"}],"wp:attachment":[{"href":"https:\/\/kasskoer.ee\/en\/wp-json\/wp\/v2\/media?parent=14905"}],"wp:term":[{"taxonomy":"product_cat","embeddable":true,"href":"https:\/\/kasskoer.ee\/en\/wp-json\/wp\/v2\/product_cat?post=14905"},{"taxonomy":"product_tag","embeddable":true,"href":"https:\/\/kasskoer.ee\/en\/wp-json\/wp\/v2\/product_tag?post=14905"}],"curies":[{"name":"wp","href":"https:\/\/api.w.org\/{rel}","templated":true}]}}