{"id":14906,"date":"2026-04-20T03:10:00","date_gmt":"2026-04-20T00:10:00","guid":{"rendered":"https:\/\/kasskoer.ee\/product\/brit-care-sustainable-junior-large-breed-chicken-insect-koeratoit-12kg-2\/"},"modified":"2026-04-20T03:10:01","modified_gmt":"2026-04-20T00:10:01","slug":"brit-care-sustainable-junior-large-breed-chicken-insect-koeratoit-12kg","status":"publish","type":"product","link":"https:\/\/kasskoer.ee\/en\/toode\/brit-care-sustainable-junior-large-breed-chicken-insect-koeratoit-12kg\/","title":{"rendered":"Brit Care Sustainable Junior Large Breed Chicken &#038; Insect koeratoit 12kg"},"content":{"rendered":"<p><b>J\u00e4tkusuutlik ja keskkonda s\u00e4\u00e4stev superpremium s\u00f6\u00f6t, mis m\u00f5jub soodsalt seedeelundkonna tervisele, v\u00e4hendab stressi, soodustab f\u00fc\u00fcsilise vormi paranemist ja toetab immuunsust. <\/b><br \/>&#13;<\/p>\n<li>Ideaalne suurt t\u00f5ugu kutsikatele.<\/li>\n<p>&#13;<\/p>\n<li>Sisaldab kergesti seeditavaid ja suure toitev\u00e4\u00e4rtusega valke ja k\u00f5iki aminohappeid, mis on vajalikud suurep\u00e4rase lihastoonuse ja kudede tervise jaoks.<\/li>\n<p>&#13;<\/p>\n<li>Oomega-3 rasvhapped DHA ja EPA toetavad normaalset aju ja s\u00fcdame arengut.<\/li>\n<p>&#13;<\/p>\n<li>Kondroprotektiivsed ained toetavad liigeste, luude ja k\u00f5hrede tervist.<\/li>\n<p>&#13;<\/p>\n<li>Probiootikumid ja antioks\u00fcdandid toetavad immuuns\u00fcsteemi ja seedeelundkonna tervist.<\/li>\n<p>&#13;<\/p>\n<li>S\u00fcsiniku jalaj\u00e4lje v\u00e4hendamiseks tasakaalustatud retsept.<\/li>\n<p>&#13;<br \/>\n<br \/>&#13;<br \/>\n<b>Koostis<\/b><br \/>&#13;<br \/>\nKana (38%) (deh\u00fcdreeritud kana, h\u00fcdrol\u00fc\u00fcsitud kana), kaer (28%), deh\u00fcdreeritud putukad (14%), kuivatatud \u00f5una viljaliha, kanarasv, looduslikud maitseained, \u00f5llep\u00e4rm, l\u00f5he\u00f5li (2%), h\u00fcdrol\u00fc\u00fcsitud p\u00e4rm (0,5% &#8211; inositooli ja aminohapete allikas), hernejahu, gl\u00fckoosamiin (300 mg\/kg), fruktooligosahhariidid (230 mg\/kg), kondroitiinsulfaat (230 mg\/kg), mannaani oligosahhariidid (180 mg\/kg), Mojave yucca (180\u202fmg\/kg), maarjaohaka seemned (110 mg\/kg), \u03b2-gl\u00fckaan (60 mg\/kg), kuivatatud veiste-s\u00fcdamerohi (60 mg\/kg), kuivatatud astelpaju (60\u202fmg\/kg), probiootikumid Lactobacillus helveticus HA \u2013 122 inaktiveeritud (15&#215;109 rakku\/kg).<br \/>&#13;<br \/>\n<br \/>&#13;<br \/>\n<b>Anal\u00fc\u00fctilised koostisosad<\/b><br \/>&#13;<br \/>\nToorproteiin 28,0%, toorrasv 15,0%, niiskus 10,0%, toortuhk 5,7%, toorkiud 2,2%, kaltsium 1,3%, fosfor 1,1%, naatrium 0,3%, oomega-3 rasvhapped 0,4%, oomega-6 rasvhapped 1,9%, EPA (eikosapentaeenhape) (20:5 n-3) 0,05%, DHA (dokosaheksaeenhape) (22:6 n-3) 0,1%.<br \/>&#13;<br \/>\n<br \/>&#13;<br \/>\n<b>S\u00f6\u00f6dalisandid<\/b><br \/>&#13;<br \/>\nVitamiin A (3a672a) 23000 R\u00dc, vitamiin D3 (3a671) 1700 R\u00dc, vitamiin E (3a700) 550 mg, vitamiin C (3a312) 350\u202fmg, tauriin (3a370) 1500 mg, koliinkloriid (3a890) 1800 mg, L-karnitiin (3a910) 300 mg, vitamiin B1 (3a821) 3 mg, vitamiin B2 (3a825i) 11 mg, biotiin (3a880) 4 mg, foolhape (3a316) 1,4 mg, vitamiin B6 (3a831) 3 mg, D-kaltsiumpantotenaat (3a841) 30 mg, niatsiinamiid (3a315) 38 mg, vitamiin B12 0,12 mg, jood (3b201) 0,9 mg, orgaaniline tsink (3b606) 100 mg, orgaaniline mangaan (3b504) 45 mg, orgaaniline vask (3b406) 20 mg, orgaaniline raud (3b106) 88 mg, orgaaniline seleen (3b810) 0,18 mg, L-tr\u00fcptofaan (3c440) 4000 mg. Sisaldab EL-i poolt heakskiidetud antioks\u00fcdante: taime\u00f5lide tokoferooliekstrakte (1b306 (i)), askorb\u00fc\u00fclpalmitaati (1b304) ja rosmariiniekstrakti.<br \/>&#13;<br \/>\n<br \/>&#13;<br \/>\n<b>Metaboliseeruv energia<\/b><br \/>&#13;<br \/>\n3845 kcal\/kg<\/p>\n<p>&#13;<br \/>\n<br \/><b>Soovituslik p\u00e4evane kogus<\/b>&#13;<\/p>\n<figure class=\"table\">\n<table>\n<thead>\n<tr>\n<th rowspan=\"2\">&nbsp;<\/th>\n<th rowspan=\"2\"><strong>Vanus (kuudes)<\/strong><\/th>\n<th colspan=\"8\"><strong>Koera kaal (kg)<\/strong><\/th>\n<\/tr>\n<tr>\n<th><strong>25<\/strong><\/th>\n<th>\n<p style=\"text-align:center;\"><strong>30<\/strong><\/p>\n<\/th>\n<th><strong>40<\/strong><\/th>\n<th><strong>50<\/strong><\/th>\n<th><strong>60<\/strong><\/th>\n<th><strong>70<\/strong><\/th>\n<th><strong>80<\/strong><\/th>\n<th><strong>90&lt;<\/strong><\/th>\n<\/tr>\n<\/thead>\n<tbody>\n<tr>\n<td rowspan=\"8\"><strong>P\u00e4evane kogus (g\/p\u00e4evas)<\/strong><\/td>\n<td>\n<p style=\"text-align:center;\"><strong>1-3<\/strong><\/p>\n<\/td>\n<td colspan=\"8\">\n<p style=\"text-align:center;\">Puppy<\/p>\n<\/td>\n<\/tr>\n<tr>\n<td>\n<p style=\"text-align:center;\"><strong>3-4<\/strong><\/p>\n<\/td>\n<td>250<\/td>\n<td>270<\/td>\n<td>290<\/td>\n<td>300<\/td>\n<td>340<\/td>\n<td>350<\/td>\n<td>410<\/td>\n<td>420<\/td>\n<\/tr>\n<tr>\n<td>\n<p style=\"text-align:center;\"><strong>4-6<\/strong><\/p>\n<\/td>\n<td>280<\/td>\n<td>310<\/td>\n<td>380<\/td>\n<td>420<\/td>\n<td>510<\/td>\n<td>560<\/td>\n<td>610<\/td>\n<td>660<\/td>\n<\/tr>\n<tr>\n<td>\n<p style=\"text-align:center;\"><strong>6-12<\/strong><\/p>\n<\/td>\n<td>270<\/td>\n<td>320<\/td>\n<td>390<\/td>\n<td>450<\/td>\n<td>510<\/td>\n<td>580<\/td>\n<td>640<\/td>\n<td>690<\/td>\n<\/tr>\n<tr>\n<td>\n<p style=\"text-align:center;\"><strong>12-18<\/strong><\/p>\n<\/td>\n<td>250<\/td>\n<td>310<\/td>\n<td>380<\/td>\n<td>450<\/td>\n<td>500<\/td>\n<td>580<\/td>\n<td>640<\/td>\n<td>690<\/td>\n<\/tr>\n<tr>\n<td>\n<p style=\"text-align:center;\"><strong>18-24<\/strong><\/p>\n<\/td>\n<td>250<\/td>\n<td>290<\/td>\n<td>360<\/td>\n<td>430<\/td>\n<td>500<\/td>\n<td>570<\/td>\n<td>620<\/td>\n<td>670<\/td>\n<\/tr>\n<tr>\n<td>\n<p style=\"text-align:center;\"><strong>24-30<\/strong><\/p>\n<\/td>\n<td colspan=\"3\" rowspan=\"2\">Adult Large Breed<\/td>\n<td>420<\/td>\n<td>490<\/td>\n<td>540<\/td>\n<td>600<\/td>\n<td>650<\/td>\n<\/tr>\n<tr>\n<td>\n<p style=\"text-align:center;\"><strong>30&lt;<\/strong><\/p>\n<\/td>\n<td>&nbsp;<\/td>\n<td>&nbsp;<\/td>\n<td>&nbsp;<\/td>\n<td>&nbsp;<\/td>\n<td>&nbsp;<\/td>\n<\/tr>\n<\/tbody>\n<\/table>\n<\/figure>\n","protected":false},"excerpt":{"rendered":"<p>Kana ja putukatega t\u00e4iss\u00f6\u00f6t suurt t\u00f5ugu (\u00fcle 25kg) kutsikatele (3kuud-2aastat).<\/p>\n","protected":false},"featured_media":11314,"template":"","meta":[],"product_cat":[688,64],"product_tag":[],"class_list":{"0":"post-14906","1":"product","2":"type-product","3":"status-publish","4":"has-post-thumbnail","6":"product_cat-koerad","7":"product_cat-koeratoit","8":"pa_brand-brit-care","9":"pa_ean-2034","10":"pa_kaal-12-000","11":"pa_tootjariik-tsehhi","13":"first","14":"outofstock","15":"taxable","16":"shipping-taxable","17":"purchasable","18":"product-type-simple"},"_links":{"self":[{"href":"https:\/\/kasskoer.ee\/en\/wp-json\/wp\/v2\/product\/14906","targetHints":{"allow":["GET"]}}],"collection":[{"href":"https:\/\/kasskoer.ee\/en\/wp-json\/wp\/v2\/product"}],"about":[{"href":"https:\/\/kasskoer.ee\/en\/wp-json\/wp\/v2\/types\/product"}],"wp:featuredmedia":[{"embeddable":true,"href":"https:\/\/kasskoer.ee\/en\/wp-json\/wp\/v2\/media\/11314"}],"wp:attachment":[{"href":"https:\/\/kasskoer.ee\/en\/wp-json\/wp\/v2\/media?parent=14906"}],"wp:term":[{"taxonomy":"product_cat","embeddable":true,"href":"https:\/\/kasskoer.ee\/en\/wp-json\/wp\/v2\/product_cat?post=14906"},{"taxonomy":"product_tag","embeddable":true,"href":"https:\/\/kasskoer.ee\/en\/wp-json\/wp\/v2\/product_tag?post=14906"}],"curies":[{"name":"wp","href":"https:\/\/api.w.org\/{rel}","templated":true}]}}