{"id":14911,"date":"2026-04-20T03:10:00","date_gmt":"2026-04-20T00:10:00","guid":{"rendered":"https:\/\/kasskoer.ee\/product\/brit-care-grain-free-senior-light-salmon-koeratoit-12kg-2\/"},"modified":"2026-04-20T03:10:02","modified_gmt":"2026-04-20T00:10:02","slug":"brit-care-grain-free-senior-light-salmon-koeratoit-12kg","status":"publish","type":"product","link":"https:\/\/kasskoer.ee\/en\/toode\/brit-care-grain-free-senior-light-salmon-koeratoit-12kg\/","title":{"rendered":"Brit Care Grain-Free Senior &#038; Light Salmon koeratoit 12kg"},"content":{"rendered":"<p><b>Teraviljavaba s\u00f6\u00f6t naha ja karvkatte hea seisundi, veresoonkonna ja s\u00fcdame, suurep\u00e4rase f\u00fc\u00fcsilise vormi ning tugeva immuunsuse toetamiseks.<\/b><br \/>&#13;<\/p>\n<li>Rikkalikult kiudaineid sisaldava, kuid teraviljavaba koostisega s\u00f6\u00f6t on ideaalne koera kehakaalu kontrolli all hoidmiseks.<\/li>\n<p>&#13;<\/p>\n<li>Kondroprotektiivsed ained toetavad liigeste, luude ja k\u00f5hrede tervist, mis on v\u00e4ga oluline eakate koerte puhul.<\/li>\n<p>&#13;<\/p>\n<li>Sisaldab k\u00f5rge toitev\u00e4\u00e4rtusega valke ning rasvhappeid naha ja karvkatte tervise toetamiseks.<\/li>\n<p>&#13;<\/p>\n<li>Tauriin toetab s\u00fcdame normaalset t\u00f6\u00f6d, kuna langetab verer\u00f5hku ja v\u00e4hendab n\u00e4rvis\u00fcsteemi \u00e4rritust.<\/li>\n<p>&#13;<\/p>\n<li>Sisaldab astelpaju, mis toetab neerude ja kuseteede tervist.<\/li>\n<p>&#13;<\/p>\n<li>Probiootikumid ja antioks\u00fcdandid toetavad immuuns\u00fcsteemi ja seedeelundkonna tervist.<\/li>\n<p>&#13;<\/p>\n<li>Teraviljavaba koostis on ideaalne koertele, kelle karvkate vajab palju hooldamist, kes peavad p\u00fcsima heas f\u00fc\u00fcsilises vormis v\u00f5i kellel esineb reaktsioone teist t\u00fc\u00fcpi s\u00f6\u00f6dale.<\/li>\n<p>&#13;<br \/>\n&#13;<br \/>\n<br \/><b>Koostis<\/b><br \/>&#13;<br \/>\nL\u00f5he (48%) (deh\u00fcdreeritud l\u00f5he, h\u00fcdrol\u00fc\u00fcsitud l\u00f5he), kartulid (30%), kuivatatud \u00f5una viljaliha, kanarasv, lignotselluloos, \u00f5llep\u00e4rm, l\u00f5he\u00f5li (3%), looduslikud maitseained, hernejahu, gl\u00fckoosamiin (260 mg\/kg), fruktooligosahhariidid (200 mg\/kg), kondroitiinsulfaat (200 mg\/kg), mannaani oligosahhariidid (150 mg\/kg), Mojave yucca (150 mg\/kg), maarjaohaka seemned (90\u202fmg\/kg), \u03b2-gl\u00fckaan (50 mg\/kg), kuivatatud veiste-s\u00fcdamerohi (50 mg\/kg), kuivatatud astelpaju (50 mg\/kg), probiootikumid Lactobacillus helveticus HA \u2013 122 inaktiveeritud (15&#215;109 rakku\/kg).&#13;<br \/>\n<br \/>&#13;<br \/>\n<br \/><b>Anal\u00fc\u00fctilised koostisosad<\/b><br \/>&#13;<br \/>\nToorproteiin 25,0%, toorrasv 12,0%, niiskus 10,0%, toortuhk 6,5%, toorkiud 6,2%, kaltsium 1,1%, fosfor 0,8%, naatrium 0,4%, oomega-3 rasvhapped 0,9%, oomega-6 rasvhapped 1,5%, EPA (eikosapentaeenhape) (20:5 n-3) 0,12%, DHA (dokosaheksaeenhape) (22:6 n-3) 0,16%.<br \/>&#13;<br \/>\n<br \/><b>S\u00f6\u00f6dalisandid<\/b><br \/>&#13;<br \/>\nVitamiin A (3a672a) 20000 R\u00dc, vitamiin D3 (3a671) 1500 R\u00dc, vitamiin E (3a700) 500 mg, vitamiin C (3a312) 300\u202fmg, tauriin (3a370) 1500 mg, koliinkloriid (3a890) 1800 mg, L-karnitiin (3a910) 250 mg, vitamiin B1 (3a821) 2,5 mg, vitamiin B2 (3a825i) 9,6 mg, biotiin (3a880) 3,5 mg, foolhape (3a316) 1,2 mg, vitamiin B6 (3a831) 2,5 mg, D-kaltsiumpantotenaat (3a841) 25 mg, niatsiinamiid (3a315) 32,5 mg, vitamiin B12 0,1 mg, jood (3b201) 0,8 mg, orgaaniline tsink (3b606) 85\u202fmg, orgaaniline mangaan (3b504) 40 mg, orgaaniline vask (3b406) 18 mg, orgaaniline raud (3b106) 75 mg, orgaaniline seleen (3b810) 0,16 mg. Sisaldab EL-i poolt heakskiidetud antioks\u00fcdante: taime\u00f5lide tokoferooliekstrakte (1b306 (i)), askorb\u00fc\u00fclpalmitaati (1b304) ja rosmariiniekstrakti.&#13;<br \/>\n<br \/>&#13;<br \/>\n<br \/><b>Metaboliseeruv energia<\/b><br \/>&#13;<br \/>\n3410 kcal\/kg<br \/>&#13;<br \/>\n<br \/><b>Soovituslik p\u00e4evane kogus<\/b>&#13;<\/p>\n<figure class=\"table\">\n<table>\n<tbody>\n<tr>\n<td>\n<p style=\"text-align:center;\"><strong>Koera kaal (kg)<\/strong><\/p>\n<\/td>\n<td>5<\/td>\n<td>10<\/td>\n<td>15<\/td>\n<td>20<\/td>\n<td>25<\/td>\n<td>30<\/td>\n<td>40<\/td>\n<td>50<\/td>\n<td>60<\/td>\n<td>70<\/td>\n<td>80<\/td>\n<td>90<\/td>\n<\/tr>\n<tr>\n<td>\n<p style=\"text-align:center;\"><strong>P\u00e4evane kogus vanemal koeral (g\/p\u00e4evas)<\/strong><\/p>\n<\/td>\n<td>90<\/td>\n<td>150<\/td>\n<td>210<\/td>\n<td>250<\/td>\n<td>290<\/td>\n<td>330<\/td>\n<td>410<\/td>\n<td>480<\/td>\n<td>550<\/td>\n<td>610<\/td>\n<td>680<\/td>\n<td>730<\/td>\n<\/tr>\n<tr>\n<td>\n<p style=\"text-align:center;\"><strong>P\u00e4evane kogus \u00fclekaalulisel koeral (g\/p\u00e4evas)<\/strong><\/p>\n<\/td>\n<td>75<\/td>\n<td>125<\/td>\n<td>180<\/td>\n<td>220<\/td>\n<td>260<\/td>\n<td>300<\/td>\n<td>360<\/td>\n<td>420<\/td>\n<td>480<\/td>\n<td>540<\/td>\n<td>600<\/td>\n<td>650<\/td>\n<\/tr>\n<\/tbody>\n<\/table>\n<\/figure>\n","protected":false},"excerpt":{"rendered":"<p>Teraviljavaba t\u00e4iss\u00f6\u00f6t l\u00f5hega igat t\u00f5ugu eakatele v\u00f5i kaaluprobleemidega koertele naha ja karvkatte hea seisundi toetamiseks.<\/p>\n","protected":false},"featured_media":11324,"template":"","meta":[],"product_cat":[688,64],"product_tag":[],"class_list":{"0":"post-14911","1":"product","2":"type-product","3":"status-publish","4":"has-post-thumbnail","6":"product_cat-koerad","7":"product_cat-koeratoit","8":"pa_brand-brit-care","9":"pa_ean-2066","10":"pa_kaal-12-000","11":"pa_tootjariik-tsehhi","13":"first","14":"instock","15":"taxable","16":"shipping-taxable","17":"purchasable","18":"product-type-simple"},"_links":{"self":[{"href":"https:\/\/kasskoer.ee\/en\/wp-json\/wp\/v2\/product\/14911","targetHints":{"allow":["GET"]}}],"collection":[{"href":"https:\/\/kasskoer.ee\/en\/wp-json\/wp\/v2\/product"}],"about":[{"href":"https:\/\/kasskoer.ee\/en\/wp-json\/wp\/v2\/types\/product"}],"wp:featuredmedia":[{"embeddable":true,"href":"https:\/\/kasskoer.ee\/en\/wp-json\/wp\/v2\/media\/11324"}],"wp:attachment":[{"href":"https:\/\/kasskoer.ee\/en\/wp-json\/wp\/v2\/media?parent=14911"}],"wp:term":[{"taxonomy":"product_cat","embeddable":true,"href":"https:\/\/kasskoer.ee\/en\/wp-json\/wp\/v2\/product_cat?post=14911"},{"taxonomy":"product_tag","embeddable":true,"href":"https:\/\/kasskoer.ee\/en\/wp-json\/wp\/v2\/product_tag?post=14911"}],"curies":[{"name":"wp","href":"https:\/\/api.w.org\/{rel}","templated":true}]}}