{"id":14926,"date":"2026-04-20T03:10:00","date_gmt":"2026-04-20T00:10:00","guid":{"rendered":"https:\/\/kasskoer.ee\/product\/brit-care-hypoallergenic-adult-medium-breed-lamb-koeratoit-1kg-2\/"},"modified":"2026-04-20T03:10:03","modified_gmt":"2026-04-20T00:10:03","slug":"brit-care-hypoallergenic-adult-medium-breed-lamb-koeratoit-1kg","status":"publish","type":"product","link":"https:\/\/kasskoer.ee\/en\/toode\/brit-care-hypoallergenic-adult-medium-breed-lamb-koeratoit-1kg\/","title":{"rendered":"Brit Care Hypoallergenic Adult Medium Breed Lamb koeratoit 1kg"},"content":{"rendered":"<p><b>Ainult \u00fcht liiki loomset valku sisaldav allergiaohutu superpremium-s\u00f6\u00f6t allergiliste reaktsioonide ennetamiseks.<\/b><br \/>&#13;<\/p>\n<li>S\u00f6\u00f6t sobib eriti h\u00e4sti neile koertele, kellel on tundlik seedimine, spetsiaalsed toitumisn\u00f5uded v\u00f5i toiduallergiate tekkimise oht.<\/li>\n<p>&#13;<\/p>\n<li>Probiootikumid ja antioks\u00fcdandid toetavad immuuns\u00fcsteemi ja seedeelundkonna tervist.<\/li>\n<p>&#13;<\/p>\n<li>Optimaalne aminohapete sisaldus lihaskudede loomiseks ja parandamiseks.<\/li>\n<p>&#13;<\/p>\n<li>Maarjaohakas toetab maksa t\u00f6\u00f6d ning puhastab samal ajal organismi ja vabastab seda kahjulikest m\u00fcrkainetest.<\/li>\n<p>&#13;<br \/>\n<br \/>&#13;<br \/>\n<b>Koostis<\/b><br \/>&#13;<br \/>\nDeh\u00fcdreeritud lambaliha (40%), riis (35%), kuivatatud \u00f5una viljaliha, kanarasv, looduslikud maitseained, \u00f5llep\u00e4rm, l\u00f5he\u00f5li (2%), hernejahu, gl\u00fckoosamiin (260 mg\/kg), fruktooligosahhariidid (200 mg\/kg), kondroitiinsulfaat (200 mg\/kg), mannaani oligosahhariidid (150 mg\/kg), Mojave yucca (150 mg\/kg), maarjaohaka seemned (90 mg\/kg), \u03b2-gl\u00fckaan (50 mg\/kg), kuivatatud veiste-s\u00fcdamerohi (50\u202fmg\/kg), kuivatatud astelpaju (50 mg\/kg), probiootikumid Lactobacillus helveticus HA \u2013 122 inaktiveeritud (15&#215;109 rakku\/kg).<br \/>&#13;<br \/>\n<br \/>&#13;<br \/>\n<b>Anal\u00fc\u00fctilised koostisosad<\/b><br \/>&#13;<br \/>\nToorproteiin 26,0%, toorrasv 16,0%, niiskus 10,0%, toortuhk 7,2%, toorkiud 2,5%, kaltsium 1,4%, fosfor 1,0%, naatrium 0,4%, oomega-3 rasvhapped 0,5%, oomega-6 rasvhapped 1,9%, EPA (eikosapentaeenhape) (20:5 n-3) 0,05%, DHA (dokosaheksaeenhape) (22:6 n-3) 0,1%.<br \/>&#13;<br \/>\n<br \/>&#13;<br \/>\n<b>S\u00f6\u00f6dalisandid<\/b><br \/>&#13;<br \/>\nVitamiin A (3a672a) 20000 R\u00dc, vitamiin D3 (3a671) 1500 R\u00dc, vitamiin E (3a700) 500 mg, vitamiin C (3a312) 300\u202fmg, tauriin (3a370) 1500 mg, koliinkloriid (3a890) 1800 mg, L-karnitiin (3a910) 250 mg, vitamiin B1 (3a821) 2,5 mg, vitamiin B2 (3a825i) 9,6 mg, biotiin (3a880) 3,5 mg, foolhape (3a316) 1,2 mg, vitamiin B6 (3a831) 2,5 mg, D\u2014kaltsiumpantotenaat (3a841) 25 mg, niatsiinamiid (3a315) 32,5 mg, vitamiin B12 0,1 mg, jood (3b201) 0,8 mg, orgaaniline tsink (3b606) 85\u202fmg, orgaaniline mangaan (3b504) 40 mg, orgaaniline vask (3b406) 18 mg, orgaaniline raud (3b106) 75 mg, orgaaniline seleen (3b810) 0,16\u202fmg. Sisaldab EL-i poolt heakskiidetud antioks\u00fcdante: taime\u00f5lide tokoferooliekstrakte (1b306 (i)), askorb\u00fc\u00fclpalmitaati (1b304) ja rosmariiniekstrakti.<br \/>&#13;<br \/>\n<br \/>&#13;<br \/>\n<b>Metaboliseeruv energia<\/b><br \/>&#13;<br \/>\n3810 kcal\/kg&#13;<br \/>\n<br \/>&#13;<br \/>\n<br \/><b>Soovituslik p\u00e4evane kogus<\/b>&#13;\n<\/p>\n<figure class=\"table\">\n<table>\n<tbody>\n<tr>\n<td><strong>Koera kaal (kg)<\/strong><\/td>\n<td>< 10<\/td>\n<td>10<\/td>\n<td>15<\/td>\n<td>20<\/td>\n<td>25<\/td>\n<td>25 <<\/td>\n<\/tr>\n<tr>\n<td><strong>P\u00e4evane kogus (g\/p\u00e4evas)<\/strong><\/td>\n<td>Adult Small Breed<\/td>\n<td>130<\/td>\n<td>180<\/td>\n<td>220<\/td>\n<td>250<\/td>\n<td>Adult Large Breed  <\/tr>\n<\/tbody>\n<\/table>\n<\/figure>\n","protected":false},"excerpt":{"rendered":"<p>Lamba ja riisiga t\u00e4iss\u00f6\u00f6t t\u00e4iskasvanud keskmist t\u00f5ugu (10-25kg) koertele.<\/p>\n","protected":false},"featured_media":11354,"template":"","meta":[],"product_cat":[688,64],"product_tag":[],"class_list":{"0":"post-14926","1":"product","2":"type-product","3":"status-publish","4":"has-post-thumbnail","6":"product_cat-koerad","7":"product_cat-koeratoit","8":"pa_brand-brit-care","9":"pa_ean-2022","10":"pa_kaal-1-000","11":"pa_tootjariik-tsehhi","13":"first","14":"instock","15":"taxable","16":"shipping-taxable","17":"purchasable","18":"product-type-simple"},"_links":{"self":[{"href":"https:\/\/kasskoer.ee\/en\/wp-json\/wp\/v2\/product\/14926","targetHints":{"allow":["GET"]}}],"collection":[{"href":"https:\/\/kasskoer.ee\/en\/wp-json\/wp\/v2\/product"}],"about":[{"href":"https:\/\/kasskoer.ee\/en\/wp-json\/wp\/v2\/types\/product"}],"wp:featuredmedia":[{"embeddable":true,"href":"https:\/\/kasskoer.ee\/en\/wp-json\/wp\/v2\/media\/11354"}],"wp:attachment":[{"href":"https:\/\/kasskoer.ee\/en\/wp-json\/wp\/v2\/media?parent=14926"}],"wp:term":[{"taxonomy":"product_cat","embeddable":true,"href":"https:\/\/kasskoer.ee\/en\/wp-json\/wp\/v2\/product_cat?post=14926"},{"taxonomy":"product_tag","embeddable":true,"href":"https:\/\/kasskoer.ee\/en\/wp-json\/wp\/v2\/product_tag?post=14926"}],"curies":[{"name":"wp","href":"https:\/\/api.w.org\/{rel}","templated":true}]}}