{"id":14929,"date":"2026-04-20T03:10:00","date_gmt":"2026-04-20T00:10:00","guid":{"rendered":"https:\/\/kasskoer.ee\/product\/brit-care-hypoallergenic-puppy-lamb-koeratoit-12kg-2\/"},"modified":"2026-04-20T03:10:03","modified_gmt":"2026-04-20T00:10:03","slug":"brit-care-hypoallergenic-puppy-lamb-koeratoit-12kg","status":"publish","type":"product","link":"https:\/\/kasskoer.ee\/en\/toode\/brit-care-hypoallergenic-puppy-lamb-koeratoit-12kg\/","title":{"rendered":"Brit Care Hypoallergenic Puppy Lamb koeratoit 12kg"},"content":{"rendered":"<p><b>Ainult \u00fcht liiki loomset valku sisaldav allergiaohutu superpremium-s\u00f6\u00f6t allergiliste reaktsioonide ennetamiseks.<\/b><br \/>&#13;<\/p>\n<li>Kalorite, kaltsiumi ja fosfori ideaalne vahekord stabiilse ja terve kasvamise toetamiseks.<\/li>\n<p>&#13;<\/p>\n<li>Kondroprotektiivsed aineid toetavad liigeste, luude ja k\u00f5hrede tervet kasvamist ja arenemist.<\/li>\n<p>&#13;<\/p>\n<li>Probiootikumid ja antioks\u00fcdandid toetavad immuuns\u00fcsteemi ja seedeelundkonna tervist.<\/li>\n<p>&#13;<\/p>\n<li>Optimaalne aminohapete sisaldus lihaskudede loomiseks ja parandamiseks.<\/li>\n<p>&#13;<\/p>\n<li>Maarjaohakas toetab maksa t\u00f6\u00f6d ning puhastab samal ajal organismi ja vabastab seda kahjulikest m\u00fcrkainetest.<\/li>\n<p>&#13;<br \/>\n<br \/>&#13;<br \/>\n<b>Koostis<\/b><br \/>&#13;<br \/>\nDeh\u00fcdreeritud lambaliha (46%), riis (30%), kanarasv, l\u00f5he\u00f5li (3%), \u00f5llep\u00e4rm, looduslikud maitseained, kuivatatud \u00f5una viljaliha, h\u00fcdrol\u00fc\u00fcsitud p\u00e4rm (0,5% &#8211; inositooli ja aminohapete allikas), hernejahu, gl\u00fckoosamiin (300 mg\/kg), fruktooligosahhariidid (230 mg\/kg), kondroitiinsulfaat (230 mg\/kg), mannaani oligosahhariidid (180 mg\/kg), Mojave yucca (180 mg\/kg), maarjaohaka seemned (110 mg\/kg), \u03b2-gl\u00fckaan (60 mg\/kg), kuivatatud veiste-s\u00fcdamerohi (60 mg\/kg), kuivatatud astelpaju (60 mg\/kg), probiootikumid Lactobacillus helveticus HA \u2013 122 inaktiveeritud (15&#215;109 rakku\/kg).<br \/>&#13;<br \/>\n<br \/>&#13;<br \/>\n<b>Anal\u00fc\u00fctilised koostisosad<\/b><br \/>&#13;<br \/>\nToorproteiin 32,0%, toorrasv 18,0%, niiskus 10,0%, toortuhk 7,7%, toorkiud 1,5%, kaltsium 1,4%, fosfor 1,1%, naatrium 0,4%, oomega-3 rasvhapped 0,8%, oomega-6 rasvhapped 2,2%, EPA (eikosapentaeenhape) (20:5 n-3) 0,05%, DHA (dokosaheksaeenhape) (22:6 n-3) 0,1%.<br \/>&#13;<br \/>\n<br \/>&#13;<br \/>\n<b>S\u00f6\u00f6dalisandid<\/b><br \/>&#13;<br \/>\nVitamiin A (3a672a) 23000 R\u00dc, vitamiin D3 (3a671) 1700 R\u00dc, vitamiin E (3a700) 550 mg, vitamiin C (3a312) 350\u202fmg, tauriin (3a370) 1500 mg, koliinkloriid (3a890) 1800 mg, L-karnitiin (3a910) 300 mg, vitamiin B1 (3a821) 3 mg, vitamiin B2 (3a825i) 11 mg, biotiin (3a880) 4 mg, foolhape (3a316) 1,4 mg, vitamiin B6 (3a831) 3 mg, D-kaltsiumpantotenaat (3a841) 30 mg, niatsiinamiid (3a315) 38 mg, vitamiin B12 0,12 mg, jood (3b201) 0,9 mg, orgaaniline tsink (3b606) 100 mg, orgaaniline mangaan (3b504) 45 mg, orgaaniline vask (3b406) 20 mg, orgaaniline raud (3b106) 88 mg, orgaaniline seleen (3b810) 0,18 mg. Sisaldab EL-i poolt heakskiidetud antioks\u00fcdante: taime\u00f5lide tokoferooliekstrakte (1b306 (i)), askorb\u00fc\u00fclpalmitaati (1b304) ja rosmariiniekstrakti.<br \/>&#13;<br \/>\n<br \/>&#13;<br \/>\n<b>Metaboliseeruv energia<\/b><br \/>&#13;<br \/>\n3980 kcal\/kg&#13;<br \/>\n<br \/>&#13;<br \/>\n<br \/><b>Soovituslik p\u00e4evane kogus<\/b>&#13;<\/p>\n<figure class=\"table\">\n<table>\n<tbody>\n<tr>\n<td rowspan=\"2\">&nbsp;<\/td>\n<td colspan=\"12\">\n<p style=\"text-align:center;\"><strong>T\u00e4iskasvanud koera kaal (kg)<\/strong><\/p>\n<\/td>\n<td>&nbsp;<\/td>\n<\/tr>\n<tr>\n<td><strong>Vanus (kuudes)<\/strong><\/td>\n<td><strong>5<\/strong><\/td>\n<td><strong>10<\/strong><\/td>\n<td><strong>15<\/strong><\/td>\n<td><strong>20<\/strong><\/td>\n<td><strong>25<\/strong><\/td>\n<td><strong>30<\/strong><\/td>\n<td><strong>40<\/strong><\/td>\n<td><strong>50<\/strong><\/td>\n<td><strong>60<\/strong><\/td>\n<td><strong>70<\/strong><\/td>\n<td><strong>80<\/strong><\/td>\n<td><strong>90<\/strong><\/td>\n<\/tr>\n<tr>\n<td rowspan=\"5\"><strong>P\u00e4evane kogus (g\/p\u00e4evas)<\/strong><\/td>\n<td><strong>1-3<\/strong><\/td>\n<td>50<\/td>\n<td>85<\/td>\n<td>115<\/td>\n<td>140<\/td>\n<td>150<\/td>\n<td>170<\/td>\n<td>180<\/td>\n<td>210<\/td>\n<td>240<\/td>\n<td>260<\/td>\n<td>280<\/td>\n<td>310<\/td>\n<\/tr>\n<tr>\n<td><strong>3-4<\/strong><\/td>\n<td>75<\/td>\n<td>120<\/td>\n<td>160<\/td>\n<td>180<\/td>\n<td colspan=\"8\" rowspan=\"4\">Junior Large Breed<\/td>\n<\/tr>\n<tr>\n<td><strong>4-6<\/strong><\/td>\n<td>75<\/td>\n<td>130<\/td>\n<td>175<\/td>\n<td>220<\/td>\n<\/tr>\n<tr>\n<td><strong>6-12<\/strong><\/td>\n<td>70<\/td>\n<td>120<\/td>\n<td>170<\/td>\n<td>210<\/td>\n<\/tr>\n<tr>\n<td><strong>12 &lt;<\/strong><\/td>\n<td>Adult Small Breed<\/td>\n<td colspan=\"3\">Adult Medium Breed<\/td>\n<\/tr>\n<\/tbody>\n<\/table>\n<\/figure>\n","protected":false},"excerpt":{"rendered":"<p>Lamba ja riisiga t\u00e4iss\u00f6\u00f6t kutsikatele (1-12 kuud).<\/p>\n","protected":false},"featured_media":11360,"template":"","meta":[],"product_cat":[688,64],"product_tag":[],"class_list":{"0":"post-14929","1":"product","2":"type-product","3":"status-publish","4":"has-post-thumbnail","6":"product_cat-koerad","7":"product_cat-koeratoit","8":"pa_brand-brit-care","9":"pa_ean-2234","10":"pa_kaal-12-000","11":"pa_tootjariik-tsehhi","13":"first","14":"instock","15":"taxable","16":"shipping-taxable","17":"purchasable","18":"product-type-simple"},"_links":{"self":[{"href":"https:\/\/kasskoer.ee\/en\/wp-json\/wp\/v2\/product\/14929","targetHints":{"allow":["GET"]}}],"collection":[{"href":"https:\/\/kasskoer.ee\/en\/wp-json\/wp\/v2\/product"}],"about":[{"href":"https:\/\/kasskoer.ee\/en\/wp-json\/wp\/v2\/types\/product"}],"wp:featuredmedia":[{"embeddable":true,"href":"https:\/\/kasskoer.ee\/en\/wp-json\/wp\/v2\/media\/11360"}],"wp:attachment":[{"href":"https:\/\/kasskoer.ee\/en\/wp-json\/wp\/v2\/media?parent=14929"}],"wp:term":[{"taxonomy":"product_cat","embeddable":true,"href":"https:\/\/kasskoer.ee\/en\/wp-json\/wp\/v2\/product_cat?post=14929"},{"taxonomy":"product_tag","embeddable":true,"href":"https:\/\/kasskoer.ee\/en\/wp-json\/wp\/v2\/product_tag?post=14929"}],"curies":[{"name":"wp","href":"https:\/\/api.w.org\/{rel}","templated":true}]}}