{"id":14933,"date":"2026-04-20T03:10:00","date_gmt":"2026-04-20T00:10:00","guid":{"rendered":"https:\/\/kasskoer.ee\/product\/brit-care-sustainable-activity-chicken-insect-koeratoit-3kg-2\/"},"modified":"2026-04-20T03:10:03","modified_gmt":"2026-04-20T00:10:03","slug":"brit-care-sustainable-activity-chicken-insect-koeratoit-3kg","status":"publish","type":"product","link":"https:\/\/kasskoer.ee\/en\/toode\/brit-care-sustainable-activity-chicken-insect-koeratoit-3kg\/","title":{"rendered":"Brit Care Sustainable Activity Chicken &#038; Insect koeratoit 3kg"},"content":{"rendered":"<p><b>J\u00e4tkusuutlik ja keskkonda s\u00e4\u00e4stev superpremium s\u00f6\u00f6t, mis m\u00f5jub soodsalt seedeelundkonna tervisele, v\u00e4hendab stressi, soodustab f\u00fc\u00fcsilise vormi paranemist ja toetab immuunsust. <\/b><br \/>&#13;<\/p>\n<li>Ideaalne suure energiakuluga koertele (jahi-, veokoerad).<\/li>\n<p>&#13;<\/p>\n<li>Sisaldab kergesti seeditavaid ja suure toitev\u00e4\u00e4rtusega valke ja k\u00f5iki aminohappeid, mis on vajalikud suurep\u00e4rase lihastoonuse ja kudede tervise jaoks.<\/li>\n<p>&#13;<\/p>\n<li>Kondroprotektiivsed ained toetavad liigeste, luude ja k\u00f5hrede tervist.<\/li>\n<p>&#13;<\/p>\n<li>L-karnitiin t\u00f5hustab ainevahetust ja lihaste taastumist.<\/li>\n<p>&#13;<\/p>\n<li>Probiootikumid ja antioks\u00fcdandid toetavad immuuns\u00fcsteemi ja seedeelundkonna tervist.<\/li>\n<p>&#13;<\/p>\n<li>S\u00fcsiniku jalaj\u00e4lje v\u00e4hendamiseks tasakaalustatud retsept.<\/li>\n<p>&#13;<br \/>\n<br \/>&#13;<br \/>\n<b>Koostis<\/b><br \/>&#13;<br \/>\nKana (40%) (deh\u00fcdreeritud kana, h\u00fcdrol\u00fc\u00fcsitud kana), kaer (26%), deh\u00fcdreeritud putukad (14%), kanarasv, looduslikud maitseained, \u00f5llep\u00e4rm, l\u00f5he\u00f5li (2%), kuivatatud \u00f5una viljaliha, hernejahu, gl\u00fckoosamiin (300 mg\/kg), fruktooligosahhariidid (230 mg\/kg), kondroitiinsulfaat (230 mg\/kg), mannani-oligosahhariidid (180 mg\/kg), Mojave yucca (180 mg\/kg), maarjaohaka seemned (110 mg\/kg), \u03b2-gl\u00fckaani (60 mg\/kg), kuivatatud veiste-s\u00fcdamerohi (60 mg\/kg), kuivatatud astelpaju (60 mg\/kg), probiootikumid Lactobacillus helveticus HA \u2013 122 inaktiveeritud (15&#215;109 rakku\/kg).<br \/>&#13;<br \/>\n&#13;<br \/>\n<br \/><b>Anal\u00fc\u00fctilised koostisosad<\/b><br \/>&#13;<br \/>\nToorproteiin 32,0%, toorrasv 24,0%, niiskus 10,0%, toortuhk 7,0%, toorkiud 1,2%, kaltsium 1,6%, fosfor 1,1%, naatrium 0,2%, oomega-3 rasvhapped 0,6%, oomega-6 rasvhapped 3,0%, EPA (eikosapentaeenhape) (20:5 n-3) 0,05%, DHA (dokosaheksaeenhape) (22:6 n-3) 0,1%.<br \/>&#13;<br \/>\n<br \/><b>S\u00f6\u00f6dalisandid<\/b><br \/>&#13;<br \/>\nVitamiin A (3a672a) 23000 R\u00dc, vitamiin D3 (3a671) 1700 R\u00dc, vitamiin E (3a700) 550 mg, vitamiin C (3a312) 350 mg, tauriin (3a370) 1500 mg, koliinkloriid (3a890) 1800 mg, L-karnitiin (3a910) 300 mg, vitamiin B1 (3a821) 3 mg, vitamiin B2 (3a825i) 11 mg, biotiin (3a880) 4 mg, foolhape (3a316) 1,4 mg, vitamiin B6 (3a831) 3 mg, D-kaltsiumpantotenaat (3a841) 30 mg, niatsiinamiid (3a315) 38 mg, vitamiin B12 0,12 mg, jood (3b201) 0,9 mg, orgaaniline tsink (3b606) 100 mg, orgaaniline mangaan (3b504) 45 mg, orgaaniline vask (3b406) 20 mg, orgaaniline raud (3b106) 88 mg, orgaaniline seleen (3b810) 0,18 mg. Sisaldab EL-i poolt heakskiidetud antioks\u00fcdante: taime\u00f5lide tokoferooliekstrakte (1b306 (i)), askorb\u00fc\u00fclpalmitaati (1b304) ja rosmariiniekstrakti.<br \/>&#13;<br \/>\n<br \/><b>Metaboliseeruv energia<\/b><br \/>&#13;<br \/>\n4290 kcal\/kg<\/p>\n<p>&#13;<br \/>\n<b>P\u00e4evane soovituslik kogus<\/b><br \/>&#13;\n<\/p>\n<figure class=\"table\">\n<table>\n<tbody>\n<tr>\n<td><strong>Koera kaal (kg)<\/strong><\/td>\n<td>5<\/td>\n<td>10<\/td>\n<td>15<\/td>\n<td>20<\/td>\n<td>25<\/td>\n<td>30<\/td>\n<td>40<\/td>\n<td>50<\/td>\n<td>60<\/td>\n<td>70<\/td>\n<td>80<\/td>\n<td>90<\/td>\n<\/tr>\n<tr>\n<td><strong>P\u00e4evane kogus &#8211; suure aktiivsusega (g\/p\u00e4evas)<\/strong><\/td>\n<td>65<\/td>\n<td>110<\/td>\n<td>150<\/td>\n<td>190<\/td>\n<td>220<\/td>\n<td>250<\/td>\n<td>310<\/td>\n<td>370<\/td>\n<td>420<\/td>\n<td>470<\/td>\n<td>520<\/td>\n<td>570<\/td>\n<\/tr>\n<tr>\n<td><strong>P\u00e4evane kogus &#8211; eriti suure aktiivsusega (g\/p\u00e4evas)<\/strong><\/td>\n<td>80<\/td>\n<td>140<\/td>\n<td>190<\/td>\n<td>230<\/td>\n<td>270<\/td>\n<td>310<\/td>\n<td>380<\/td>\n<td>450<\/td>\n<td>520<\/td>\n<td>580<\/td>\n<td>640<\/td>\n<td>690<\/td>\n<\/tr>\n<\/tbody>\n<\/table>\n<\/figure>\n","protected":false},"excerpt":{"rendered":"<p>Keskkonnas\u00f5bralik t\u00e4iss\u00f6\u00f6t aktiivsetele ja palju liikuvatele koertele kana ja putukatega.<\/p>\n","protected":false},"featured_media":11368,"template":"","meta":[],"product_cat":[688,64],"product_tag":[],"class_list":{"0":"post-14933","1":"product","2":"type-product","3":"status-publish","4":"has-post-thumbnail","6":"product_cat-koerad","7":"product_cat-koeratoit","8":"pa_brand-brit-care","9":"pa_ean-1841","10":"pa_kaal-3-000","11":"pa_tootjariik-tsehhi","13":"first","14":"instock","15":"taxable","16":"shipping-taxable","17":"purchasable","18":"product-type-simple"},"_links":{"self":[{"href":"https:\/\/kasskoer.ee\/en\/wp-json\/wp\/v2\/product\/14933","targetHints":{"allow":["GET"]}}],"collection":[{"href":"https:\/\/kasskoer.ee\/en\/wp-json\/wp\/v2\/product"}],"about":[{"href":"https:\/\/kasskoer.ee\/en\/wp-json\/wp\/v2\/types\/product"}],"wp:featuredmedia":[{"embeddable":true,"href":"https:\/\/kasskoer.ee\/en\/wp-json\/wp\/v2\/media\/11368"}],"wp:attachment":[{"href":"https:\/\/kasskoer.ee\/en\/wp-json\/wp\/v2\/media?parent=14933"}],"wp:term":[{"taxonomy":"product_cat","embeddable":true,"href":"https:\/\/kasskoer.ee\/en\/wp-json\/wp\/v2\/product_cat?post=14933"},{"taxonomy":"product_tag","embeddable":true,"href":"https:\/\/kasskoer.ee\/en\/wp-json\/wp\/v2\/product_tag?post=14933"}],"curies":[{"name":"wp","href":"https:\/\/api.w.org\/{rel}","templated":true}]}}