{"id":14935,"date":"2026-04-20T03:10:00","date_gmt":"2026-04-20T00:10:00","guid":{"rendered":"https:\/\/kasskoer.ee\/product\/brit-care-sustainable-senior-chicken-insect-koeratoit-3kg-2\/"},"modified":"2026-04-20T03:10:03","modified_gmt":"2026-04-20T00:10:03","slug":"brit-care-sustainable-senior-chicken-insect-koeratoit-3kg","status":"publish","type":"product","link":"https:\/\/kasskoer.ee\/en\/toode\/brit-care-sustainable-senior-chicken-insect-koeratoit-3kg\/","title":{"rendered":"Brit Care Sustainable Senior Chicken &#038; Insect koeratoit 3kg"},"content":{"rendered":"<p><b>J\u00e4tkusuutlik ja keskkonda s\u00e4\u00e4stev superpremium s\u00f6\u00f6t, mis m\u00f5jub soodsalt seedeelundkonna tervisele, v\u00e4hendab stressi, soodustab f\u00fc\u00fcsilise vormi paranemist ja toetab immuunsust. <\/b><br \/>&#13;<\/p>\n<li>Ideaalne igat t\u00f5ugu eakatele koertele.<\/li>\n<p>&#13;<\/p>\n<li>Kondroprotektiivsed ained toetavad liigeste, luude ja k\u00f5hrede tervist, mis on v\u00e4ga oluline eakate koerte puhul.<\/li>\n<p>&#13;<\/p>\n<li>L-tr\u00fcptofaan rahustab stressi tekitavates olukordades ja s\u00fcdamerohi aitab \u00e4revust v\u00e4hendada.<\/li>\n<p>&#13;<\/p>\n<li>Sisaldab kergesti seeditavaid ja suure toitev\u00e4\u00e4rtusega valke ja k\u00f5iki aminohappeid, mis on vajalikud suurep\u00e4rase lihastoonuse ja kudede tervise jaoks.<\/li>\n<p>&#13;<\/p>\n<li>S\u00fcsiniku jalaj\u00e4lje v\u00e4hendamiseks tasakaalustatud retsept.<\/li>\n<p>&#13;<br \/>\n<br \/><b>Koostis<\/b><br \/>&#13;<br \/>\nKana (32%) (deh\u00fcdreeritud kana, h\u00fcdrol\u00fc\u00fcsitud kana), kaer (30%), deh\u00fcdreeritud putukad (14%), kuivatatud \u00f5una viljaliha, lignotselluloos, kanarasv, looduslikud maitseained, \u00f5llep\u00e4rm, l\u00f5he\u00f5li (2%), hernejahu, gl\u00fckoosamiin (260 mg\/kg), fruktooligosahhariidid (200\u202fmg\/kg), kondroitiinsulfaat (200 mg\/kg), mannaani oligosahhariidid (150 mg\/kg), Mojave yucca (150 mg\/kg), maarjaohaka seemned (90\u202fmg\/kg), \u03b2-gl\u00fckaan (50 mg\/kg), kuivatatud veiste-s\u00fcdamerohi (50 mg\/kg), kuivatatud astelpaju (50 mg\/kg), probiootikumid Lactobacillus helveticus HA \u2013 122 inaktiveeritud (15&#215;109 rakku\/kg).<br \/>&#13;<br \/>\n<br \/><b>Anal\u00fc\u00fctilised koostisosad<\/b><br \/>&#13;<br \/>\nToorproteiin 24,0%, toorrasv 11,0%, niiskus 10,0%, toortuhk 5,2%, toorkiud 6,0%, kaltsium 1,2%, fosfor 0,9%, naatrium 0,2%, oomega-3 rasvhapped 0,3%, oomega-6 rasvhapped 2,2%, EPA (eikosapentaeenhape) (20:5 n-3) 0,05%, DHA (dokosaheksaeenhape) (22:6 n-3) 0,1%.<br \/>&#13;<br \/>\n<br \/><b>S\u00f6\u00f6dalisandid<\/b><br \/>&#13;<br \/>\nVitamiin A (3a672a) 20000 R\u00dc, vitamiin D3 (3a671) 1500 R\u00dc, vitamiin E (3a700) 500 mg, vitamiin C (3a312) 300\u202fmg, tauriin (3a370) 1500 mg, koliinkloriid (3a890) 1800 mg, L-karnitiin (3a910) 250 mg, vitamiin B1 (3a821) 2,5 mg, vitamiin B2 (3a825i) 9,6 mg, biotiin (3a880) 3,5 mg, foolhape (3a316) 1,2 mg, vitamiin B6 (3a831) 2,5 mg, D-kaltsiumpantotenaat (3a841) 25 mg, niatsiinamiid (3a315) 32,5 mg, vitamiin B12 0,1 mg, jood (3b201) 0,8 mg, orgaaniline tsink (3b606) 85 mg, orgaaniline mangaan (3b504) 40 mg, orgaaniline vask (3b406) 18 mg, orgaaniline raud (3b106) 75 mg, orgaaniline seleen (3b810) 0,16 mg, L-tr\u00fcptofaan (3c440) 4000 mg. Sisaldab EL-i poolt heakskiidetud antioks\u00fcdante: taime\u00f5lide tokoferooliekstrakte (1b306 (i)), askorb\u00fc\u00fclpalmitaati (1b304) ja rosmariiniekstrakti.<br \/>&#13;<br \/>\n<br \/><b>Metaboliseeruv energia<\/b><br \/>&#13;<br \/>\n3420\u202fkcal\/kg<br \/>&#13;<br \/>\n<br \/><b>Soovituslik p\u00e4evane kogus<\/b>&#13;\n<\/p>\n<figure class=\"table\">\n<table>\n<tbody>\n<tr>\n<td><strong>Koera kaal (kg)<\/strong><\/td>\n<td>5<\/td>\n<td>10<\/td>\n<td>15<\/td>\n<td>20<\/td>\n<td>25<\/td>\n<td>30<\/td>\n<td>40<\/td>\n<td>50<\/td>\n<td>60<\/td>\n<td>70<\/td>\n<td>80<\/td>\n<td>90<\/td>\n<\/tr>\n<tr>\n<td><strong>P\u00e4evane kogus (g\/p\u00e4evas)<\/strong><\/td>\n<td>85<\/td>\n<td>140<\/td>\n<td>190<\/td>\n<td>240<\/td>\n<td>280<\/td>\n<td>320<\/td>\n<td>400<\/td>\n<td>470<\/td>\n<td>540<\/td>\n<td>610<\/td>\n<td>670<\/td>\n<td>730<\/td>\n<\/tr>\n<\/tbody>\n<\/table>\n<\/figure>\n","protected":false},"excerpt":{"rendered":"<p>Keskkonnas\u00f5bralik t\u00e4istoit eakatele koertele kana ja putukatega.<\/p>\n","protected":false},"featured_media":11372,"template":"","meta":[],"product_cat":[688,64],"product_tag":[],"class_list":{"0":"post-14935","1":"product","2":"type-product","3":"status-publish","4":"has-post-thumbnail","6":"product_cat-koerad","7":"product_cat-koeratoit","8":"pa_brand-brit-care","9":"pa_ean-1842","10":"pa_kaal-3-000","11":"pa_tootjariik-tsehhi","13":"first","14":"instock","15":"taxable","16":"shipping-taxable","17":"purchasable","18":"product-type-simple"},"_links":{"self":[{"href":"https:\/\/kasskoer.ee\/en\/wp-json\/wp\/v2\/product\/14935","targetHints":{"allow":["GET"]}}],"collection":[{"href":"https:\/\/kasskoer.ee\/en\/wp-json\/wp\/v2\/product"}],"about":[{"href":"https:\/\/kasskoer.ee\/en\/wp-json\/wp\/v2\/types\/product"}],"wp:featuredmedia":[{"embeddable":true,"href":"https:\/\/kasskoer.ee\/en\/wp-json\/wp\/v2\/media\/11372"}],"wp:attachment":[{"href":"https:\/\/kasskoer.ee\/en\/wp-json\/wp\/v2\/media?parent=14935"}],"wp:term":[{"taxonomy":"product_cat","embeddable":true,"href":"https:\/\/kasskoer.ee\/en\/wp-json\/wp\/v2\/product_cat?post=14935"},{"taxonomy":"product_tag","embeddable":true,"href":"https:\/\/kasskoer.ee\/en\/wp-json\/wp\/v2\/product_tag?post=14935"}],"curies":[{"name":"wp","href":"https:\/\/api.w.org\/{rel}","templated":true}]}}