{"id":14941,"date":"2026-04-20T03:10:04","date_gmt":"2026-04-20T00:10:04","guid":{"rendered":"https:\/\/kasskoer.ee\/product\/record-treening-sprei-250ml-2\/"},"modified":"2026-04-20T03:10:04","modified_gmt":"2026-04-20T00:10:04","slug":"record-treening-sprei-250ml","status":"publish","type":"product","link":"https:\/\/kasskoer.ee\/en\/toode\/record-treening-sprei-250ml\/","title":{"rendered":"Record treening sprei 250ml"},"content":{"rendered":"<p><b>Record treening sprei aitab \u00f5petada koeri v\u00e4ljutama v\u00e4ljaheiteid \u00f5iges kohas.<\/b><br \/>&#13;<br \/>\n<br \/>&#13;<br \/>\n<b>Kasutamine<\/b><br \/>&#13;<br \/>\nPihustage spreid kohta, kuhu koer peab v\u00e4ljaheiteid v\u00e4ljutama. Peale igat toidukorda viige oma lemmik seda kohta nuusutama. Korrake tegevust seni, kuni koer on treenitud.<br \/>&#13;<br \/>\n<br \/>&#13;<br \/>\n<b>Koostis<\/b><br \/>&#13;<br \/>\nVesi, parf\u00fc\u00fcm, abiained, s\u00e4ilitusained.<\/p>\n","protected":false},"excerpt":{"rendered":"<p>V\u00e4ljaheite treening sprei koertele.<\/p>\n","protected":false},"featured_media":14137,"template":"","meta":[],"product_cat":[688,365],"product_tag":[],"class_list":{"0":"post-14941","1":"product","2":"type-product","3":"status-publish","4":"has-post-thumbnail","6":"product_cat-koerad","7":"product_cat-koerte-tarvikud","8":"pa_brand-record","9":"pa_ean-2539","10":"pa_kaal-0-250","11":"pa_tootjariik-itaalia","13":"first","14":"instock","15":"taxable","16":"shipping-taxable","17":"purchasable","18":"product-type-simple"},"_links":{"self":[{"href":"https:\/\/kasskoer.ee\/en\/wp-json\/wp\/v2\/product\/14941","targetHints":{"allow":["GET"]}}],"collection":[{"href":"https:\/\/kasskoer.ee\/en\/wp-json\/wp\/v2\/product"}],"about":[{"href":"https:\/\/kasskoer.ee\/en\/wp-json\/wp\/v2\/types\/product"}],"wp:featuredmedia":[{"embeddable":true,"href":"https:\/\/kasskoer.ee\/en\/wp-json\/wp\/v2\/media\/14137"}],"wp:attachment":[{"href":"https:\/\/kasskoer.ee\/en\/wp-json\/wp\/v2\/media?parent=14941"}],"wp:term":[{"taxonomy":"product_cat","embeddable":true,"href":"https:\/\/kasskoer.ee\/en\/wp-json\/wp\/v2\/product_cat?post=14941"},{"taxonomy":"product_tag","embeddable":true,"href":"https:\/\/kasskoer.ee\/en\/wp-json\/wp\/v2\/product_tag?post=14941"}],"curies":[{"name":"wp","href":"https:\/\/api.w.org\/{rel}","templated":true}]}}