{"id":14947,"date":"2026-04-20T03:10:04","date_gmt":"2026-04-20T00:10:04","guid":{"rendered":"https:\/\/kasskoer.ee\/product\/record-punane-treeningu-klikker-2\/"},"modified":"2026-04-20T03:10:04","modified_gmt":"2026-04-20T00:10:04","slug":"record-punane-treeningu-klikker","status":"publish","type":"product","link":"https:\/\/kasskoer.ee\/en\/toode\/record-punane-treeningu-klikker\/","title":{"rendered":"Record punane treeningu klikker"},"content":{"rendered":"<p>Kasulik \u00f5ppevahend &#8211; pannes kl\u00f5psu k\u00f5lama kohe, kui koer antud k\u00e4sklust t\u00e4idab, annab see loomale teada, et ta on \u00f5igesti k\u00e4itunud ja on saamas ihaldatud tasu. Meetod, mis kiirendab ja t\u00f5hustab treeningut.<\/p>\n","protected":false},"excerpt":{"rendered":"<p>Record punane treeningklikker koertele.<\/p>\n","protected":false},"featured_media":11394,"template":"","meta":[],"product_cat":[688,365],"product_tag":[],"class_list":{"0":"post-14947","1":"product","2":"type-product","3":"status-publish","4":"has-post-thumbnail","6":"product_cat-koerad","7":"product_cat-koerte-tarvikud","8":"pa_brand-record","9":"pa_ean-1744","10":"pa_kaal-0-030","11":"pa_tootjariik-hiina","13":"first","14":"instock","15":"taxable","16":"shipping-taxable","17":"purchasable","18":"product-type-simple"},"_links":{"self":[{"href":"https:\/\/kasskoer.ee\/en\/wp-json\/wp\/v2\/product\/14947","targetHints":{"allow":["GET"]}}],"collection":[{"href":"https:\/\/kasskoer.ee\/en\/wp-json\/wp\/v2\/product"}],"about":[{"href":"https:\/\/kasskoer.ee\/en\/wp-json\/wp\/v2\/types\/product"}],"wp:featuredmedia":[{"embeddable":true,"href":"https:\/\/kasskoer.ee\/en\/wp-json\/wp\/v2\/media\/11394"}],"wp:attachment":[{"href":"https:\/\/kasskoer.ee\/en\/wp-json\/wp\/v2\/media?parent=14947"}],"wp:term":[{"taxonomy":"product_cat","embeddable":true,"href":"https:\/\/kasskoer.ee\/en\/wp-json\/wp\/v2\/product_cat?post=14947"},{"taxonomy":"product_tag","embeddable":true,"href":"https:\/\/kasskoer.ee\/en\/wp-json\/wp\/v2\/product_tag?post=14947"}],"curies":[{"name":"wp","href":"https:\/\/api.w.org\/{rel}","templated":true}]}}