{"id":14951,"date":"2026-04-20T03:10:04","date_gmt":"2026-04-20T00:10:04","guid":{"rendered":"https:\/\/kasskoer.ee\/product\/record-roostevabast-terasest-statiiv-kaussidele-2x235cm-2\/"},"modified":"2026-04-20T03:10:04","modified_gmt":"2026-04-20T00:10:04","slug":"record-roostevabast-terasest-statiiv-kaussidele-2x235cm","status":"publish","type":"product","link":"https:\/\/kasskoer.ee\/en\/toode\/record-roostevabast-terasest-statiiv-kaussidele-2x235cm\/","title":{"rendered":"Record roostevabast terasest statiiv kaussidele 2&#215;23,5cm"},"content":{"rendered":"<li>Statiiv on varustatud k\u00f5rguse reguleerimise mehhanismiga, mis v\u00f5imaldab kohandada k\u00f5rgust vastavalt koera pikkusele (kuni 53cm).<\/li>\n<p>&#13;<\/p>\n<li>Statiiv v\u00f5imaldab kasutada kahte kaussi, millega saab mitmekesistada oma koera toitumist v\u00f5i toita korraga kahte looma.<\/li>\n<p>&#13;<\/p>\n<li>Statiivil on all kummist padjakesed, mis muudavad selle libisemiskindlaks.<\/li>\n","protected":false},"excerpt":{"rendered":"<p>Record muudetava k\u00f5rgusega statiiv kaussidele.<\/p>\n","protected":false},"featured_media":11402,"template":"","meta":[],"product_cat":[1319],"product_tag":[],"class_list":{"0":"post-14951","1":"product","2":"type-product","3":"status-publish","4":"has-post-thumbnail","6":"product_cat-koerte-sooginoud","7":"pa_brand-record","8":"pa_ean-1882","9":"pa_kaal-1-500","10":"pa_tootjariik-hiina","12":"first","13":"instock","14":"taxable","15":"shipping-taxable","16":"purchasable","17":"product-type-simple"},"_links":{"self":[{"href":"https:\/\/kasskoer.ee\/en\/wp-json\/wp\/v2\/product\/14951","targetHints":{"allow":["GET"]}}],"collection":[{"href":"https:\/\/kasskoer.ee\/en\/wp-json\/wp\/v2\/product"}],"about":[{"href":"https:\/\/kasskoer.ee\/en\/wp-json\/wp\/v2\/types\/product"}],"wp:featuredmedia":[{"embeddable":true,"href":"https:\/\/kasskoer.ee\/en\/wp-json\/wp\/v2\/media\/11402"}],"wp:attachment":[{"href":"https:\/\/kasskoer.ee\/en\/wp-json\/wp\/v2\/media?parent=14951"}],"wp:term":[{"taxonomy":"product_cat","embeddable":true,"href":"https:\/\/kasskoer.ee\/en\/wp-json\/wp\/v2\/product_cat?post=14951"},{"taxonomy":"product_tag","embeddable":true,"href":"https:\/\/kasskoer.ee\/en\/wp-json\/wp\/v2\/product_tag?post=14951"}],"curies":[{"name":"wp","href":"https:\/\/api.w.org\/{rel}","templated":true}]}}