{"id":14957,"date":"2026-04-20T03:10:04","date_gmt":"2026-04-20T00:10:04","guid":{"rendered":"https:\/\/kasskoer.ee\/product\/record-eco-kraapimisalus-kassidele-57x25x47cm-2\/"},"modified":"2026-04-20T03:10:05","modified_gmt":"2026-04-20T00:10:05","slug":"record-eco-kraapimisalus-kassidele-57x25x47cm","status":"publish","type":"product","link":"https:\/\/kasskoer.ee\/en\/toode\/record-eco-kraapimisalus-kassidele-57x25x47cm\/","title":{"rendered":"Record Eco kraapimisalus kassidele 57x25x47cm"},"content":{"rendered":"<p>Kraapimisalus on valmistatud puidust ja papist ning seda on lihtne ja kiire kokku panna. Kraapimisalus on varustatud naisten\u00f5gese ja k\u00f5riseva palliga, et kassi veelgi rohkem r\u00f5\u00f5mustada.<\/p>\n","protected":false},"excerpt":{"rendered":"<p>Record Eco kolmnurkne kraapimisalus kassidele.<\/p>\n","protected":false},"featured_media":11414,"template":"","meta":[],"product_cat":[1322],"product_tag":[],"class_list":{"0":"post-14957","1":"product","2":"type-product","3":"status-publish","4":"has-post-thumbnail","6":"product_cat-kasside-ronimispuud-ja-kraapimislauad","7":"pa_brand-record","8":"pa_ean-1806","9":"pa_kaal-1-050","10":"pa_tootjariik-hiina","12":"first","13":"instock","14":"taxable","15":"shipping-taxable","16":"purchasable","17":"product-type-simple"},"_links":{"self":[{"href":"https:\/\/kasskoer.ee\/en\/wp-json\/wp\/v2\/product\/14957","targetHints":{"allow":["GET"]}}],"collection":[{"href":"https:\/\/kasskoer.ee\/en\/wp-json\/wp\/v2\/product"}],"about":[{"href":"https:\/\/kasskoer.ee\/en\/wp-json\/wp\/v2\/types\/product"}],"wp:featuredmedia":[{"embeddable":true,"href":"https:\/\/kasskoer.ee\/en\/wp-json\/wp\/v2\/media\/11414"}],"wp:attachment":[{"href":"https:\/\/kasskoer.ee\/en\/wp-json\/wp\/v2\/media?parent=14957"}],"wp:term":[{"taxonomy":"product_cat","embeddable":true,"href":"https:\/\/kasskoer.ee\/en\/wp-json\/wp\/v2\/product_cat?post=14957"},{"taxonomy":"product_tag","embeddable":true,"href":"https:\/\/kasskoer.ee\/en\/wp-json\/wp\/v2\/product_tag?post=14957"}],"curies":[{"name":"wp","href":"https:\/\/api.w.org\/{rel}","templated":true}]}}