{"id":14958,"date":"2026-04-20T03:10:04","date_gmt":"2026-04-20T00:10:04","guid":{"rendered":"https:\/\/kasskoer.ee\/product\/record-eco-kraapimisalus-pallidega-48x25x5cm-2\/"},"modified":"2026-04-20T03:10:05","modified_gmt":"2026-04-20T00:10:05","slug":"record-eco-kraapimisalus-pallidega-48x25x5cm","status":"publish","type":"product","link":"https:\/\/kasskoer.ee\/en\/toode\/record-eco-kraapimisalus-pallidega-48x25x5cm\/","title":{"rendered":"Record Eco kraapimisalus pallidega 48x25x5cm"},"content":{"rendered":"<li>Kraapimisalusel on sees k\u00f5risevad pallid, millega kass saab l\u00e4bi alusel olevate aukude m\u00e4ngida.<\/li>\n<p>&#13;<\/p>\n<li>Alusega tuleb kaasa kotike naisten\u00f5gest, mis muudab kraapimisaluse kassile veelgi atraktiivsemaks.<\/li>\n","protected":false},"excerpt":{"rendered":"<p>Record Eco pallidega papist kraapimisalus kassile.<\/p>\n","protected":false},"featured_media":11416,"template":"","meta":[],"product_cat":[1322],"product_tag":[],"class_list":{"0":"post-14958","1":"product","2":"type-product","3":"status-publish","4":"has-post-thumbnail","6":"product_cat-kasside-ronimispuud-ja-kraapimislauad","7":"pa_brand-record","8":"pa_ean-1807","9":"pa_kaal-0-500","10":"pa_tootjariik-hiina","12":"first","13":"instock","14":"taxable","15":"shipping-taxable","16":"purchasable","17":"product-type-simple"},"_links":{"self":[{"href":"https:\/\/kasskoer.ee\/en\/wp-json\/wp\/v2\/product\/14958","targetHints":{"allow":["GET"]}}],"collection":[{"href":"https:\/\/kasskoer.ee\/en\/wp-json\/wp\/v2\/product"}],"about":[{"href":"https:\/\/kasskoer.ee\/en\/wp-json\/wp\/v2\/types\/product"}],"wp:featuredmedia":[{"embeddable":true,"href":"https:\/\/kasskoer.ee\/en\/wp-json\/wp\/v2\/media\/11416"}],"wp:attachment":[{"href":"https:\/\/kasskoer.ee\/en\/wp-json\/wp\/v2\/media?parent=14958"}],"wp:term":[{"taxonomy":"product_cat","embeddable":true,"href":"https:\/\/kasskoer.ee\/en\/wp-json\/wp\/v2\/product_cat?post=14958"},{"taxonomy":"product_tag","embeddable":true,"href":"https:\/\/kasskoer.ee\/en\/wp-json\/wp\/v2\/product_tag?post=14958"}],"curies":[{"name":"wp","href":"https:\/\/api.w.org\/{rel}","templated":true}]}}