{"id":14965,"date":"2026-04-21T03:10:20","date_gmt":"2026-04-21T00:10:20","guid":{"rendered":"https:\/\/kasskoer.ee\/product\/brit-care-sustainable-puppy-chicken-insect-koeratoit-3kg-2\/"},"modified":"2026-04-21T03:10:22","modified_gmt":"2026-04-21T00:10:22","slug":"brit-care-sustainable-puppy-chicken-insect-koeratoit-3kg","status":"publish","type":"product","link":"https:\/\/kasskoer.ee\/en\/toode\/brit-care-sustainable-puppy-chicken-insect-koeratoit-3kg\/","title":{"rendered":"Brit Care Sustainable Puppy Chicken &#038; Insect koeratoit 3kg"},"content":{"rendered":"<p><b>J\u00e4tkusuutlik ja keskkonda s\u00e4\u00e4stev superpremium s\u00f6\u00f6t, mis m\u00f5jub soodsalt seedeelundkonna tervisele, v\u00e4hendab stressi, soodustab f\u00fc\u00fcsilise vormi paranemist ja toetab immuunsust. <\/b>&#13;<\/p>\n<li>Ideaalne igat t\u00f5ugu kutsikatele.<\/li>\n<p>&#13;<\/p>\n<li>Sisaldab kergesti seeditavaid ja suure toitev\u00e4\u00e4rtusega valke ja k\u00f5iki aminohappeid, mis on vajalikud suurep\u00e4rase lihastoonuse ja kudede tervise jaoks.<\/li>\n<p>&#13;<\/p>\n<li>Oomega-3 rasvhapped DHA ja EPA toetavad normaalset aju ja s\u00fcdame arengut.<\/li>\n<p>&#13;<\/p>\n<li>Probiootikumid ja antioks\u00fcdandid tugevdavad immuuns\u00fcsteemi ja toetavad seedes\u00fcsteemi tervist.<\/li>\n<p>&#13;<\/p>\n<li>S\u00fcsiniku jalaj\u00e4lje v\u00e4hendamiseks tasakaalustatud retsept.<\/li>\n<p>&#13;<br \/>\n<br \/><b>Koostis<\/b><br \/>&#13;<br \/>\nKana (40%) (deh\u00fcdreeritud kana, h\u00fcdrol\u00fc\u00fcsitud kana), kaer (26%), deh\u00fcdreeritud putukad (14%), kuivatatud \u00f5una viljaliha, kanarasv, looduslikud maitseained, \u00f5llep\u00e4rm, l\u00f5he\u00f5li (2%), h\u00fcdrol\u00fc\u00fcsitud p\u00e4rm (0,5% \u2013 inositooli ja aminohapete allikas), hernejahu, gl\u00fckoosamiin (300mg\/kg), frukto-oligosahhariidid (230mg\/kg), kondroitiinsulfaat (230mg\/kg), mannan-oligosahhariidid (180). mg\/kg), Mojave yucca (180 mg\/kg), piimaohaka seeme (110 mg\/kg), \u03b2-gl\u00fckaanid (60 mg\/kg), kuivatatud emajuur (60 mg\/kg), kuivatatud astelpaju (60 mg\/kg) kg), probiootiline Lactobacillus helveticus HA \u2013 122 inaktiveeritud (15&#215;109 rakku\/kg).<br \/>&#13;<br \/>\n<br \/><b>Anal\u00fc\u00fctilised koostisosad<\/b><br \/>&#13;<br \/>\nToorproteiin 31,0%, toorrasv 19,0%, niiskus 10,0%, toortuhk 5,9%, toorkiud 1.5%, kaltsium 1,4%, fosfor 1,0%, naatrium 0,2%, oomega-3 rasvhapped 0,5%, oomega-6 rasvhapped 2,4%, EPA (eikosapentaeenhape) (20:5 n-3) 0,05%, DHA (dokosaheksaeenhape) (22:6 n-3) 0,1%.<br \/>&#13;<br \/>\n<br \/><b>S\u00f6\u00f6dalisandid<\/b><br \/>&#13;<br \/>\nVitamiin A (3a672a) (3a672a) 23,000 R\u00dc, vitamiin D3 (3a671) 1700 R\u00dc, vitamiin E (3a700) 500 mg, vitamiin C (3a312) 350\u202fmg, tauriin (3a370) 1500 mg, koliinkloriid (3a890) 1800 mg, L-karnitiin (3a910) 300 mg, vitamiin B1 (3a821) 3 mg, vitamiin B2 (3a825i) 11 mg, biotiin (3a880) 4 mg, foolhape (3a316) 1,4 mg, vitamiin B6 (3a831) 3 mg, D-kaltsiumpantotenaat (3a841) 30 mg, niatsiinamiid (3a315) 38 mg, vitamiin B12 0,12 mg, jood (3b201) 0,9 mg, orgaaniline tsink (3b606) 100 mg, orgaaniline mangaan (3b504) 40 mg, orgaaniline vask (3b406) 18 mg, orgaaniline raud (3b106) 75 mg, orgaaniline seleen (3b810) 0,18 mg, L-tr\u00fcptofaan (3c440) 4000 mg. Sisaldab EL-i poolt heakskiidetud antioks\u00fcdante: taime\u00f5lide tokoferooliekstrakte (1b306 (i)), askorb\u00fc\u00fclpalmitaati (1b304) ja rosmariiniekstrakti.<br \/>&#13;<br \/>\n<br \/><b>Metaboliseeruv energia<\/b><br \/>&#13;<br \/>\n4090\u202fkcal\/kg<br \/>&#13;<br \/>\n<br \/> <strong>Soovituslik p\u00e4evane kogus<\/strong>&nbsp;<\/p>\n<figure class=\"table\">\n<table>\n<tbody>\n<tr>\n<td rowspan=\"2\">&nbsp;<\/td>\n<td colspan=\"12\">\n<p style=\"text-align:center;\"><strong>Koera kaal (kg)<\/strong><\/p>\n<\/td>\n<td>&nbsp;<\/td>\n<\/tr>\n<tr>\n<td><strong>Vanus (kuudes)<\/strong><\/td>\n<td><strong>5<\/strong><\/td>\n<td><strong>10<\/strong><\/td>\n<td><strong>15<\/strong><\/td>\n<td><strong>20<\/strong><\/td>\n<td><strong>25<\/strong><\/td>\n<td><strong>30<\/strong><\/td>\n<td><strong>40<\/strong><\/td>\n<td><strong>50<\/strong><\/td>\n<td><strong>60<\/strong><\/td>\n<td><strong>70<\/strong><\/td>\n<td><strong>80<\/strong><\/td>\n<td><strong>90<\/strong><\/td>\n<\/tr>\n<tr>\n<td rowspan=\"5\"><strong>P\u00e4evane kogus (g\/p\u00e4evas)<\/strong><\/td>\n<td><strong>1-3<\/strong><\/td>\n<td>50<\/td>\n<td>85<\/td>\n<td>115<\/td>\n<td>140<\/td>\n<td>150<\/td>\n<td>170<\/td>\n<td>180<\/td>\n<td>210<\/td>\n<td>230<\/td>\n<td>250<\/td>\n<td>270<\/td>\n<td>300<\/td>\n<\/tr>\n<tr>\n<td><strong>3-4<\/strong><\/td>\n<td>75<\/td>\n<td>120<\/td>\n<td>160<\/td>\n<td>180<\/td>\n<td colspan=\"8\" rowspan=\"4\">Junior Large Breed<\/td>\n<\/tr>\n<tr>\n<td><strong>4-6<\/strong><\/td>\n<td>75<\/td>\n<td>130<\/td>\n<td>175<\/td>\n<td>220<\/td>\n<\/tr>\n<tr>\n<td><strong>6-12<\/strong><\/td>\n<td>70<\/td>\n<td>120<\/td>\n<td>170<\/td>\n<td>210<\/td>\n<\/tr>\n<tr>\n<td><strong>12 &lt;<\/strong><\/td>\n<td>Adult Small Breed<\/td>\n<td colspan=\"3\">Adult Medium Breed<\/td>\n<\/tr>\n<\/tbody>\n<\/table>\n<\/figure>\n","protected":false},"excerpt":{"rendered":"<p>Keskkonnas\u00f5bralik t\u00e4istoit kutsikatele kana ja putukatega.<\/p>\n","protected":false},"featured_media":11430,"template":"","meta":[],"product_cat":[688,64],"product_tag":[],"class_list":{"0":"post-14965","1":"product","2":"type-product","3":"status-publish","4":"has-post-thumbnail","6":"product_cat-koerad","7":"product_cat-koeratoit","8":"pa_brand-brit-care","9":"pa_ean-1647","10":"pa_kaal-3-000","11":"pa_tootjariik-tsehhi","13":"first","14":"instock","15":"taxable","16":"shipping-taxable","17":"purchasable","18":"product-type-simple"},"_links":{"self":[{"href":"https:\/\/kasskoer.ee\/en\/wp-json\/wp\/v2\/product\/14965","targetHints":{"allow":["GET"]}}],"collection":[{"href":"https:\/\/kasskoer.ee\/en\/wp-json\/wp\/v2\/product"}],"about":[{"href":"https:\/\/kasskoer.ee\/en\/wp-json\/wp\/v2\/types\/product"}],"wp:featuredmedia":[{"embeddable":true,"href":"https:\/\/kasskoer.ee\/en\/wp-json\/wp\/v2\/media\/11430"}],"wp:attachment":[{"href":"https:\/\/kasskoer.ee\/en\/wp-json\/wp\/v2\/media?parent=14965"}],"wp:term":[{"taxonomy":"product_cat","embeddable":true,"href":"https:\/\/kasskoer.ee\/en\/wp-json\/wp\/v2\/product_cat?post=14965"},{"taxonomy":"product_tag","embeddable":true,"href":"https:\/\/kasskoer.ee\/en\/wp-json\/wp\/v2\/product_tag?post=14965"}],"curies":[{"name":"wp","href":"https:\/\/api.w.org\/{rel}","templated":true}]}}