{"id":14968,"date":"2026-04-20T03:10:04","date_gmt":"2026-04-20T00:10:04","guid":{"rendered":"https:\/\/kasskoer.ee\/product\/best-friend-paberaluspanu-lemmikloomadele-55l-2\/"},"modified":"2026-04-20T03:10:06","modified_gmt":"2026-04-20T00:10:06","slug":"best-friend-paberaluspanu-lemmikloomadele-55l","status":"publish","type":"product","link":"https:\/\/kasskoer.ee\/en\/toode\/best-friend-paberaluspanu-lemmikloomadele-55l\/","title":{"rendered":"Best Friend paberaluspanu lemmikloomadele 5,5L"},"content":{"rendered":"<p><b>Best Friend biolagunev allapanu, mis on valmistatud 100% taaskasutatud paberist.<\/b>&#13;<\/p>\n<li>Suure imavusega, sobib n\u00e4rilistele ja k\u00fc\u00fclikutele.<\/li>\n<p>&#13;<\/p>\n<li>\u00dclimalt kerge ja tolmuvaba.<\/li>\n<p>&#13;<\/p>\n<li>Valmistatud ilma lisandite ja kemikaalideta.<\/li>\n","protected":false},"excerpt":{"rendered":"<p>Taaskasutatud paberist allapanu n\u00e4rilistele ja j\u00e4nestele.<\/p>\n","protected":false},"featured_media":11434,"template":"","meta":[],"product_cat":[1316,693,3078],"product_tag":[],"class_list":{"0":"post-14968","1":"product","2":"type-product","3":"status-publish","4":"has-post-thumbnail","6":"product_cat-nariliste-allapanu","7":"product_cat-muud-loomad","8":"product_cat-narilised","9":"pa_brand-best-friend","10":"pa_ean-2442","11":"pa_kaal-1-800","12":"pa_tootjariik-euroopa-liit","14":"first","15":"outofstock","16":"taxable","17":"shipping-taxable","18":"purchasable","19":"product-type-simple"},"_links":{"self":[{"href":"https:\/\/kasskoer.ee\/en\/wp-json\/wp\/v2\/product\/14968","targetHints":{"allow":["GET"]}}],"collection":[{"href":"https:\/\/kasskoer.ee\/en\/wp-json\/wp\/v2\/product"}],"about":[{"href":"https:\/\/kasskoer.ee\/en\/wp-json\/wp\/v2\/types\/product"}],"wp:featuredmedia":[{"embeddable":true,"href":"https:\/\/kasskoer.ee\/en\/wp-json\/wp\/v2\/media\/11434"}],"wp:attachment":[{"href":"https:\/\/kasskoer.ee\/en\/wp-json\/wp\/v2\/media?parent=14968"}],"wp:term":[{"taxonomy":"product_cat","embeddable":true,"href":"https:\/\/kasskoer.ee\/en\/wp-json\/wp\/v2\/product_cat?post=14968"},{"taxonomy":"product_tag","embeddable":true,"href":"https:\/\/kasskoer.ee\/en\/wp-json\/wp\/v2\/product_tag?post=14968"}],"curies":[{"name":"wp","href":"https:\/\/api.w.org\/{rel}","templated":true}]}}