{"id":14974,"date":"2026-04-20T03:10:04","date_gmt":"2026-04-20T00:10:04","guid":{"rendered":"https:\/\/kasskoer.ee\/product\/brit-care-hypoallergenic-dog-show-champion-koeratoit-12kg-2\/"},"modified":"2026-04-20T03:10:06","modified_gmt":"2026-04-20T00:10:06","slug":"brit-care-hypoallergenic-dog-show-champion-koeratoit-12kg","status":"publish","type":"product","link":"https:\/\/kasskoer.ee\/en\/toode\/brit-care-hypoallergenic-dog-show-champion-koeratoit-12kg\/","title":{"rendered":"Brit Care Hypoallergenic Dog Show Champion koeratoit 12kg"},"content":{"rendered":"<p><b>Ainult \u00fcht liiki loomset valku sisaldav allergiaohutu superpremium-t\u00e4iss\u00f6\u00f6t on loodud n\u00e4itusekoerte suurep\u00e4rase vormi hoidmiseks.<\/b>&#13;<\/p>\n<li>Suur oomega-3 rasvhapete sisaldus soodustab karvkatte l\u00e4ikimist ja naha tervist.<\/li>\n<p>&#13;<\/p>\n<li>Probiootikumid ja antioks\u00fcdandid toetavad immuuns\u00fcsteemi ja seedeelundkonna tervist.<\/li>\n<p>&#13;<\/p>\n<li>L-tr\u00fcptofaan rahustab stressi tekitavates olukordades.<\/li>\n<p>&#13;<\/p>\n<li>Maarjaohaka sisaldus aitab toetada maksa t\u00f6\u00f6d ning puhastab samal ajal organismi ja vabastab seda kahjulikest m\u00fcrkainetest.<\/li>\n<p>&#13;<br \/>\n<br \/>&#13;<br \/>\n<b>Koostis<\/b><br \/>&#13;<br \/>\nL\u00f5he(36%) (deh\u00fcdreeritud l\u00f5he, h\u00fcdrol\u00fc\u00fcsitud l\u00f5he), riis (26%), deh\u00fcdreeritud heeringas (14%), kanarasv, linaseemned (4%), kuivatatud \u00f5una viljaliha, l\u00f5he\u00f5li (3%), looduslikud maitseained, \u00f5llep\u00e4rm, kuivatatud vetikad (0,5%, Schizochytrium limacinum), hernejahu, gl\u00fckoosamiin (300 mg\/kg), fruktooligosahhariidid (230 mg\/kg), kondroitiinsulfaat (230 mg\/kg), mannaani oligosahhariidid (180 mg\/kg), Mojave yucca (180 mg\/kg), maarjaohaka seemned (110 mg\/kg), \u03b2-gl\u00fckaan (60 mg\/kg), kuivatatud veiste-s\u00fcdamerohi (60 mg\/kg), kuivatatud astelpaju (60 mg\/kg), probiootikumid Lactobacillus helveticus HA \u2013 122 inaktiveeritud (15&#215;109 rakku\/kg).&#13;<br \/>\n<br \/>&#13;<br \/>\n<br \/><b>Anal\u00fc\u00fctilised koostisosad<\/b><br \/>&#13;<br \/>\nToorproteiin 26,0%, toorrasv 16,0%, niiskus 10,0%, toortuhk 5,8%, toorkiud 3,0%, kaltsium 1,1%, fosfor 0,9%, naatrium 0,4%, oomega-3 rasvhapped 2,1%, oomega-6 rasvhapped 2,2%, EPA (eikosapentaeenhape) (20:5 n-3) 0,1%, DHA (dokosaheksaeenhape) (22:6 n-3) 0,25%.&#13;<br \/>\n<br \/>&#13;<br \/>\n<br \/><b>S\u00f6\u00f6dalisandid (1 kg kohta)<\/b><br \/>&#13;<br \/>\nToitainelised lisandid: Vitamiin A (3a672a) 23000 R\u00dc, vitamiin D3 (3a671) 1700 R\u00dc, vitamiin E (3a700) 550 mg, vitamiin C (3a312) 350\u202fmg, tauriin (3a370) 1500 mg, koliinkloriid (3a890) 1800 mg, L-karnitiin (3a910) 300 mg, vitamiin B1 (3a821) 3 mg, vitamiin B2 (3a825i) 11 mg, biotiin (3a880) 4 mg, foolhape (3a316) 1,4 mg, vitamiin B6 (3a831) 3 mg, D-kaltsiumpantotenaat (3a841) 30 mg, niatsiinamiid (3a315) 38 mg, vitamiin B12 0,12 mg, jood (3b201) 0,9 mg, orgaaniline tsink (3b606) 100 mg, orgaaniline mangaan (3b504) 45 mg, orgaaniline vask (3b406) 20 mg, orgaaniline raud (3b106) 88 mg, orgaaniline seleen (3b810) 0,18 mg. Sisaldab EL-i poolt heakskiidetud antioks\u00fcdante: taime\u00f5lide tokoferooliekstrakte (1b306 (i)), askorb\u00fc\u00fclpalmitaati (1b304) ja rosmariiniekstrakti.&#13;<br \/>\n<br \/>&#13;<br \/>\n<br \/><b>Metaboliseeruv energia<\/b><br \/>&#13;<br \/>\n3830 kcal\/kg&#13;<br \/>\n<br \/>&#13;<br \/>\n<br \/><b>Soovituslik p\u00e4evane kogus<\/b><br \/>&#13;\n<\/p>\n<figure class=\"table\">\n<table>\n<tbody>\n<tr>\n<td><strong>Koera kaal (kg)<\/strong><\/td>\n<td>5<\/td>\n<td>10<\/td>\n<td>15<\/td>\n<td>20<\/td>\n<td>25<\/td>\n<td>30<\/td>\n<td>40<\/td>\n<td>50<\/td>\n<td>60<\/td>\n<td>70<\/td>\n<td>80<\/td>\n<td>90<\/td>\n<\/tr>\n<tr>\n<td><strong>P\u00e4evane kogus (g\/p\u00e4evas)<\/strong><\/td>\n<td>75<\/td>\n<td>130<\/td>\n<td>180<\/td>\n<td>220<\/td>\n<td>260<\/td>\n<td>290<\/td>\n<td>360<\/td>\n<td>430<\/td>\n<td>490<\/td>\n<td>540<\/td>\n<td>600<\/td>\n<td>650<\/td>\n<\/tr>\n<\/tbody>\n<\/table>\n<\/figure>\n","protected":false},"excerpt":{"rendered":"<p>Heeringa ja l\u00f5hega t\u00e4iss\u00f6\u00f6t t\u00e4iskasvanud n\u00e4itusekoertele.<\/p>\n","protected":false},"featured_media":11444,"template":"","meta":[],"product_cat":[688,64],"product_tag":[],"class_list":{"0":"post-14974","1":"product","2":"type-product","3":"status-publish","4":"has-post-thumbnail","6":"product_cat-koerad","7":"product_cat-koeratoit","8":"pa_brand-brit-care","9":"pa_ean-1678","10":"pa_kaal-12-000","11":"pa_tootjariik-tsehhi","13":"first","14":"instock","15":"taxable","16":"shipping-taxable","17":"purchasable","18":"product-type-simple"},"_links":{"self":[{"href":"https:\/\/kasskoer.ee\/en\/wp-json\/wp\/v2\/product\/14974","targetHints":{"allow":["GET"]}}],"collection":[{"href":"https:\/\/kasskoer.ee\/en\/wp-json\/wp\/v2\/product"}],"about":[{"href":"https:\/\/kasskoer.ee\/en\/wp-json\/wp\/v2\/types\/product"}],"wp:featuredmedia":[{"embeddable":true,"href":"https:\/\/kasskoer.ee\/en\/wp-json\/wp\/v2\/media\/11444"}],"wp:attachment":[{"href":"https:\/\/kasskoer.ee\/en\/wp-json\/wp\/v2\/media?parent=14974"}],"wp:term":[{"taxonomy":"product_cat","embeddable":true,"href":"https:\/\/kasskoer.ee\/en\/wp-json\/wp\/v2\/product_cat?post=14974"},{"taxonomy":"product_tag","embeddable":true,"href":"https:\/\/kasskoer.ee\/en\/wp-json\/wp\/v2\/product_tag?post=14974"}],"curies":[{"name":"wp","href":"https:\/\/api.w.org\/{rel}","templated":true}]}}