{"id":14976,"date":"2026-04-20T03:10:04","date_gmt":"2026-04-20T00:10:04","guid":{"rendered":"https:\/\/kasskoer.ee\/product\/record-kakakotid-vikerkaar-7tk-2\/"},"modified":"2026-04-20T03:10:06","modified_gmt":"2026-04-20T00:10:06","slug":"record-kakakotid-vikerkaar-7tk","status":"publish","type":"product","link":"https:\/\/kasskoer.ee\/en\/toode\/record-kakakotid-vikerkaar-7tk\/","title":{"rendered":"Record kakakotid vikerkaar 7tk"},"content":{"rendered":"<p>Mitmev\u00e4rvilised h\u00fcgieenikotid on vastupidavad, l\u00f5hnatud ja lekkekindlad. Neid on lihtne avada ja rebida.<br \/>&#13;<br \/>\nRullis on 20 kotti.&#13;<br \/>\n<br \/>&#13;<br \/>\n<br \/><b>Koti m\u00f5\u00f5dud<\/b><br \/>&#13;<br \/>\n26x20cm<\/p>\n","protected":false},"excerpt":{"rendered":"<p>Record h\u00fcgieenikotid vikerkaare v\u00e4rvides, pakis 7 rulli.<\/p>\n","protected":false},"featured_media":11448,"template":"","meta":[],"product_cat":[688,365],"product_tag":[],"class_list":{"0":"post-14976","1":"product","2":"type-product","3":"status-publish","4":"has-post-thumbnail","6":"product_cat-koerad","7":"product_cat-koerte-tarvikud","8":"pa_brand-record","9":"pa_ean-1731","10":"pa_kaal-0-130","11":"pa_tootjariik-hiina","13":"first","14":"instock","15":"taxable","16":"shipping-taxable","17":"purchasable","18":"product-type-simple"},"_links":{"self":[{"href":"https:\/\/kasskoer.ee\/en\/wp-json\/wp\/v2\/product\/14976","targetHints":{"allow":["GET"]}}],"collection":[{"href":"https:\/\/kasskoer.ee\/en\/wp-json\/wp\/v2\/product"}],"about":[{"href":"https:\/\/kasskoer.ee\/en\/wp-json\/wp\/v2\/types\/product"}],"wp:featuredmedia":[{"embeddable":true,"href":"https:\/\/kasskoer.ee\/en\/wp-json\/wp\/v2\/media\/11448"}],"wp:attachment":[{"href":"https:\/\/kasskoer.ee\/en\/wp-json\/wp\/v2\/media?parent=14976"}],"wp:term":[{"taxonomy":"product_cat","embeddable":true,"href":"https:\/\/kasskoer.ee\/en\/wp-json\/wp\/v2\/product_cat?post=14976"},{"taxonomy":"product_tag","embeddable":true,"href":"https:\/\/kasskoer.ee\/en\/wp-json\/wp\/v2\/product_tag?post=14976"}],"curies":[{"name":"wp","href":"https:\/\/api.w.org\/{rel}","templated":true}]}}