{"id":14977,"date":"2026-04-20T03:10:04","date_gmt":"2026-04-20T00:10:04","guid":{"rendered":"https:\/\/kasskoer.ee\/product\/record-roheline-jooksurihm-25x-215-270cm-2\/"},"modified":"2026-04-20T03:10:06","modified_gmt":"2026-04-20T00:10:06","slug":"record-roheline-jooksurihm-25x-215-270cm","status":"publish","type":"product","link":"https:\/\/kasskoer.ee\/en\/toode\/record-roheline-jooksurihm-25x-215-270cm\/","title":{"rendered":"Record roheline jooksurihm 2,5x 215-270cm"},"content":{"rendered":"<p><b>Jalutusrihm, mis v\u00f5imaldab kontrollida koera liigutusi ilma k\u00e4si kasutamata.<\/b>&#13;<\/p>\n<li>Kinnitub kl\u00f5pskonksuga reguleeritava nailonrihma k\u00fclge praktilise plastikklambriga, jalutusrihma teises otsas on ka kinnituskonks koera kaelarihma k\u00fclge.<\/li>\n<p>&#13;<\/p>\n<li>Jalutusrihm on varustatud elastse rebenemiskindla pikendusega.<\/li>\n<p>&#13;<\/p>\n<li>Ideaalne mitte ainult s\u00f6rkimiseks, vaid ka rattas\u00f5iduks ja koeraga jalutamiseks.<\/li>\n","protected":false},"excerpt":{"rendered":"<p>Record rohelist v\u00e4rvi rihm koeraga jooksmiseks ja rattas\u00f5iduks.<\/p>\n","protected":false},"featured_media":14043,"template":"","meta":[],"product_cat":[688,365],"product_tag":[],"class_list":{"0":"post-14977","1":"product","2":"type-product","3":"status-publish","4":"has-post-thumbnail","6":"product_cat-koerad","7":"product_cat-koerte-tarvikud","8":"pa_brand-record","9":"pa_ean-2489","10":"pa_kaal-0-400","11":"pa_tootjariik-hiina","13":"first","14":"instock","15":"taxable","16":"shipping-taxable","17":"purchasable","18":"product-type-simple"},"_links":{"self":[{"href":"https:\/\/kasskoer.ee\/en\/wp-json\/wp\/v2\/product\/14977","targetHints":{"allow":["GET"]}}],"collection":[{"href":"https:\/\/kasskoer.ee\/en\/wp-json\/wp\/v2\/product"}],"about":[{"href":"https:\/\/kasskoer.ee\/en\/wp-json\/wp\/v2\/types\/product"}],"wp:featuredmedia":[{"embeddable":true,"href":"https:\/\/kasskoer.ee\/en\/wp-json\/wp\/v2\/media\/14043"}],"wp:attachment":[{"href":"https:\/\/kasskoer.ee\/en\/wp-json\/wp\/v2\/media?parent=14977"}],"wp:term":[{"taxonomy":"product_cat","embeddable":true,"href":"https:\/\/kasskoer.ee\/en\/wp-json\/wp\/v2\/product_cat?post=14977"},{"taxonomy":"product_tag","embeddable":true,"href":"https:\/\/kasskoer.ee\/en\/wp-json\/wp\/v2\/product_tag?post=14977"}],"curies":[{"name":"wp","href":"https:\/\/api.w.org\/{rel}","templated":true}]}}