{"id":14983,"date":"2026-04-20T03:10:04","date_gmt":"2026-04-20T00:10:04","guid":{"rendered":"https:\/\/kasskoer.ee\/product\/record-eco-traksid-koerale-s-30-40cm-2\/"},"modified":"2026-04-20T03:10:06","modified_gmt":"2026-04-20T00:10:06","slug":"record-eco-traksid-koerale-s-30-40cm","status":"publish","type":"product","link":"https:\/\/kasskoer.ee\/en\/toode\/record-eco-traksid-koerale-s-30-40cm\/","title":{"rendered":"Record Eco traksid koerale S 30-40cm"},"content":{"rendered":"<p>Walky Green sarja kuuluvad traksid, mis on valmistatud plastpudelite taaskasutamise teel saadud kangast, et v\u00e4hendada keskkonnam\u00f5ju ja kaitsta mere \u00f6kos\u00fcsteemi.<br \/>&#13;<br \/>\n<br \/>&#13;<\/p>\n<li>Traksid on reguleeritava suurusega.<\/li>\n<p>&#13;<\/p>\n<li>Varustatud kahekordse kinnitusr\u00f5ngaga tagak\u00fcljel.<\/li>\n","protected":false},"excerpt":{"rendered":"<p>Taaskasutatud materjalidest valmistatud reguleeritavad traksid koerale.<\/p>\n","protected":false},"featured_media":11456,"template":"","meta":[],"product_cat":[1324],"product_tag":[],"class_list":{"0":"post-14983","1":"product","2":"type-product","3":"status-publish","4":"has-post-thumbnail","6":"product_cat-koerte-traksid","7":"pa_brand-record","8":"pa_ean-1854","9":"pa_kaal-0-030","10":"pa_tootjariik-hiina","12":"first","13":"instock","14":"taxable","15":"shipping-taxable","16":"purchasable","17":"product-type-simple"},"_links":{"self":[{"href":"https:\/\/kasskoer.ee\/en\/wp-json\/wp\/v2\/product\/14983","targetHints":{"allow":["GET"]}}],"collection":[{"href":"https:\/\/kasskoer.ee\/en\/wp-json\/wp\/v2\/product"}],"about":[{"href":"https:\/\/kasskoer.ee\/en\/wp-json\/wp\/v2\/types\/product"}],"wp:featuredmedia":[{"embeddable":true,"href":"https:\/\/kasskoer.ee\/en\/wp-json\/wp\/v2\/media\/11456"}],"wp:attachment":[{"href":"https:\/\/kasskoer.ee\/en\/wp-json\/wp\/v2\/media?parent=14983"}],"wp:term":[{"taxonomy":"product_cat","embeddable":true,"href":"https:\/\/kasskoer.ee\/en\/wp-json\/wp\/v2\/product_cat?post=14983"},{"taxonomy":"product_tag","embeddable":true,"href":"https:\/\/kasskoer.ee\/en\/wp-json\/wp\/v2\/product_tag?post=14983"}],"curies":[{"name":"wp","href":"https:\/\/api.w.org\/{rel}","templated":true}]}}