{"id":14992,"date":"2026-04-20T03:10:04","date_gmt":"2026-04-20T00:10:04","guid":{"rendered":"https:\/\/kasskoer.ee\/product\/record-koielelu-piparmundiga-koerale-25cm-2\/"},"modified":"2026-04-20T03:10:06","modified_gmt":"2026-04-20T00:10:06","slug":"record-koielelu-piparmundiga-koerale-25cm","status":"publish","type":"product","link":"https:\/\/kasskoer.ee\/en\/toode\/record-koielelu-piparmundiga-koerale-25cm\/","title":{"rendered":"Record k\u00f6ielelu piparm\u00fcndiga koerale 25cm"},"content":{"rendered":"<p>Piparm\u00fcndiga k\u00f6ielelu koerale, stimuleerib n\u00e4rimist ja aitab puhastada looma hambaid.<br \/>&#13;<br \/>\nValmistatud pehmest ja vastupidavast kootud puuvillast.<\/p>\n","protected":false},"excerpt":{"rendered":"<p>Record m\u00fcndiga maitsestatud k\u00f6ielelu koerale 25cm.<\/p>\n","protected":false},"featured_media":11472,"template":"","meta":[],"product_cat":[1326,688],"product_tag":[],"class_list":{"0":"post-14992","1":"product","2":"type-product","3":"status-publish","4":"has-post-thumbnail","6":"product_cat-koerte-manguasjad","7":"product_cat-koerad","8":"pa_brand-record","9":"pa_ean-1748","10":"pa_kaal-0-200","11":"pa_tootjariik-hiina","13":"first","14":"instock","15":"taxable","16":"shipping-taxable","17":"purchasable","18":"product-type-simple"},"_links":{"self":[{"href":"https:\/\/kasskoer.ee\/en\/wp-json\/wp\/v2\/product\/14992","targetHints":{"allow":["GET"]}}],"collection":[{"href":"https:\/\/kasskoer.ee\/en\/wp-json\/wp\/v2\/product"}],"about":[{"href":"https:\/\/kasskoer.ee\/en\/wp-json\/wp\/v2\/types\/product"}],"wp:featuredmedia":[{"embeddable":true,"href":"https:\/\/kasskoer.ee\/en\/wp-json\/wp\/v2\/media\/11472"}],"wp:attachment":[{"href":"https:\/\/kasskoer.ee\/en\/wp-json\/wp\/v2\/media?parent=14992"}],"wp:term":[{"taxonomy":"product_cat","embeddable":true,"href":"https:\/\/kasskoer.ee\/en\/wp-json\/wp\/v2\/product_cat?post=14992"},{"taxonomy":"product_tag","embeddable":true,"href":"https:\/\/kasskoer.ee\/en\/wp-json\/wp\/v2\/product_tag?post=14992"}],"curies":[{"name":"wp","href":"https:\/\/api.w.org\/{rel}","templated":true}]}}