{"id":15003,"date":"2026-04-20T03:10:04","date_gmt":"2026-04-20T00:10:04","guid":{"rendered":"https:\/\/kasskoer.ee\/product\/record-kahe-poolega-kamm-lemmiku-hoolduseks-23x7cm-2\/"},"modified":"2026-04-20T03:10:07","modified_gmt":"2026-04-20T00:10:07","slug":"record-kahe-poolega-kamm-lemmiku-hoolduseks-23x7cm","status":"publish","type":"product","link":"https:\/\/kasskoer.ee\/en\/toode\/record-kahe-poolega-kamm-lemmiku-hoolduseks-23x7cm\/","title":{"rendered":"Record kahe poolega kamm lemmiku hoolduseks 23x7cm"},"content":{"rendered":"<p>Metalln\u00f5elad eemaldavad mustuse ja harutavad karvad lahti, s\u00fcnteetilised harjased eemaldavad \u00f5rnalt lahtised karvad, j\u00e4ttes karva l\u00e4ikivaks ja siledaks.<\/p>\n","protected":false},"excerpt":{"rendered":"<p>Record kahe poolega kamm lemmiku karvkatte hoolduseks.<\/p>\n","protected":false},"featured_media":11492,"template":"","meta":[],"product_cat":[688,365],"product_tag":[],"class_list":{"0":"post-15003","1":"product","2":"type-product","3":"status-publish","4":"has-post-thumbnail","6":"product_cat-koerad","7":"product_cat-koerte-tarvikud","8":"pa_brand-record","9":"pa_ean-1812","10":"pa_kaal-0-130","11":"pa_tootjariik-hiina","13":"first","14":"instock","15":"taxable","16":"shipping-taxable","17":"purchasable","18":"product-type-simple"},"_links":{"self":[{"href":"https:\/\/kasskoer.ee\/en\/wp-json\/wp\/v2\/product\/15003","targetHints":{"allow":["GET"]}}],"collection":[{"href":"https:\/\/kasskoer.ee\/en\/wp-json\/wp\/v2\/product"}],"about":[{"href":"https:\/\/kasskoer.ee\/en\/wp-json\/wp\/v2\/types\/product"}],"wp:featuredmedia":[{"embeddable":true,"href":"https:\/\/kasskoer.ee\/en\/wp-json\/wp\/v2\/media\/11492"}],"wp:attachment":[{"href":"https:\/\/kasskoer.ee\/en\/wp-json\/wp\/v2\/media?parent=15003"}],"wp:term":[{"taxonomy":"product_cat","embeddable":true,"href":"https:\/\/kasskoer.ee\/en\/wp-json\/wp\/v2\/product_cat?post=15003"},{"taxonomy":"product_tag","embeddable":true,"href":"https:\/\/kasskoer.ee\/en\/wp-json\/wp\/v2\/product_tag?post=15003"}],"curies":[{"name":"wp","href":"https:\/\/api.w.org\/{rel}","templated":true}]}}