{"id":15005,"date":"2026-04-20T03:10:07","date_gmt":"2026-04-20T00:10:07","guid":{"rendered":"https:\/\/kasskoer.ee\/product\/cat-rina-benatural-tofu-kassiliiv-445kg-2\/"},"modified":"2026-04-20T03:10:07","modified_gmt":"2026-04-20T00:10:07","slug":"cat-rina-benatural-tofu-kassiliiv-445kg","status":"publish","type":"product","link":"https:\/\/kasskoer.ee\/en\/toode\/cat-rina-benatural-tofu-kassiliiv-445kg\/","title":{"rendered":"Cat &#038; Rina BeNatural tofu kassiliiv 4,45kg"},"content":{"rendered":"<li>100% looduslik tofust valmistatud kassiliiv.<\/li>\n<p>&#13;<\/p>\n<li>T\u00e4nu oma taimset p\u00e4ritolu koostisele ei eralda see kahjulikku tolmu ega sisalda kivikesi, mis v\u00f5iksid p\u00f5randat rikkuda.<\/li>\n<p>&#13;<\/p>\n<li>Kui kass on tualetti kasutanud moodustub kasutatud liiv kompaktse palli, mis ei kleepu kassi k\u00e4ppade k\u00fclge.<\/li>\n<p>&#13;<\/p>\n<li>Lihtne puhastada, kasutatud liiv v\u00f5ib visata orgaaniliste j\u00e4\u00e4tmete konteinerisse v\u00f5i otse tualetti.<\/li>\n<p>&#13;<\/p>\n<li>10-liitrine kott kestab kuni 60 p\u00e4eva.<\/li>\n","protected":false},"excerpt":{"rendered":"<p>Cat&#038;Rina 100% looduslik l\u00f5hnatu tofu kassiliiv.<\/p>\n","protected":false},"featured_media":11496,"template":"","meta":[],"product_cat":[689,565],"product_tag":[],"class_list":{"0":"post-15005","1":"product","2":"type-product","3":"status-publish","4":"has-post-thumbnail","6":"product_cat-kassid","7":"product_cat-kassiliivad","8":"pa_brand-catrina","9":"pa_ean-1750","10":"pa_kaal-4-450","11":"pa_tootjariik-itaalia","13":"first","14":"instock","15":"taxable","16":"shipping-taxable","17":"purchasable","18":"product-type-simple"},"_links":{"self":[{"href":"https:\/\/kasskoer.ee\/en\/wp-json\/wp\/v2\/product\/15005","targetHints":{"allow":["GET"]}}],"collection":[{"href":"https:\/\/kasskoer.ee\/en\/wp-json\/wp\/v2\/product"}],"about":[{"href":"https:\/\/kasskoer.ee\/en\/wp-json\/wp\/v2\/types\/product"}],"wp:featuredmedia":[{"embeddable":true,"href":"https:\/\/kasskoer.ee\/en\/wp-json\/wp\/v2\/media\/11496"}],"wp:attachment":[{"href":"https:\/\/kasskoer.ee\/en\/wp-json\/wp\/v2\/media?parent=15005"}],"wp:term":[{"taxonomy":"product_cat","embeddable":true,"href":"https:\/\/kasskoer.ee\/en\/wp-json\/wp\/v2\/product_cat?post=15005"},{"taxonomy":"product_tag","embeddable":true,"href":"https:\/\/kasskoer.ee\/en\/wp-json\/wp\/v2\/product_tag?post=15005"}],"curies":[{"name":"wp","href":"https:\/\/api.w.org\/{rel}","templated":true}]}}