{"id":15021,"date":"2026-04-20T03:10:07","date_gmt":"2026-04-20T00:10:07","guid":{"rendered":"https:\/\/kasskoer.ee\/product\/record-eco-kaelarihm-koerale-40-55cm-2\/"},"modified":"2026-04-20T03:10:07","modified_gmt":"2026-04-20T00:10:07","slug":"record-eco-kaelarihm-koerale-40-55cm","status":"publish","type":"product","link":"https:\/\/kasskoer.ee\/en\/toode\/record-eco-kaelarihm-koerale-40-55cm\/","title":{"rendered":"Record Eco kaelarihm koerale 40-55cm"},"content":{"rendered":"<p>Walky Green sarja kuuluv kaelarihm, mis on valmistatud plastpudelite taaskasutamise teel saadud kangast, et v\u00e4hendada keskkonnam\u00f5ju ja kaitsta mere \u00f6kos\u00fcsteemi.&#13;<\/p>\n<p>&#13;<\/p>\n<li>Kaelarihm on reguleeritava suurusega.<\/li>\n<p>&#13;<\/p>\n<li>Kaelarihmal on praktiline plastikust klamberkinnitus ja metallr\u00f5ngas jalutusrihma k\u00fclge kinnitamiseks.<\/li>\n","protected":false},"excerpt":{"rendered":"<p>Taaskasutatud materjalidest valmistatud reguleeritav kaelarihm koertele.<\/p>\n","protected":false},"featured_media":11508,"template":"","meta":[],"product_cat":[1331],"product_tag":[],"class_list":{"0":"post-15021","1":"product","2":"type-product","3":"status-publish","4":"has-post-thumbnail","6":"product_cat-koerte-rihmad","7":"pa_brand-record","8":"pa_ean-1876","9":"pa_kaal-0-050","10":"pa_tootjariik-hiina","12":"first","13":"instock","14":"taxable","15":"shipping-taxable","16":"purchasable","17":"product-type-simple"},"_links":{"self":[{"href":"https:\/\/kasskoer.ee\/en\/wp-json\/wp\/v2\/product\/15021","targetHints":{"allow":["GET"]}}],"collection":[{"href":"https:\/\/kasskoer.ee\/en\/wp-json\/wp\/v2\/product"}],"about":[{"href":"https:\/\/kasskoer.ee\/en\/wp-json\/wp\/v2\/types\/product"}],"wp:featuredmedia":[{"embeddable":true,"href":"https:\/\/kasskoer.ee\/en\/wp-json\/wp\/v2\/media\/11508"}],"wp:attachment":[{"href":"https:\/\/kasskoer.ee\/en\/wp-json\/wp\/v2\/media?parent=15021"}],"wp:term":[{"taxonomy":"product_cat","embeddable":true,"href":"https:\/\/kasskoer.ee\/en\/wp-json\/wp\/v2\/product_cat?post=15021"},{"taxonomy":"product_tag","embeddable":true,"href":"https:\/\/kasskoer.ee\/en\/wp-json\/wp\/v2\/product_tag?post=15021"}],"curies":[{"name":"wp","href":"https:\/\/api.w.org\/{rel}","templated":true}]}}