{"id":15022,"date":"2026-04-20T03:10:07","date_gmt":"2026-04-20T00:10:07","guid":{"rendered":"https:\/\/kasskoer.ee\/product\/record-naturaalne-prosciutto-narimiskont-koerale-140-260g-2\/"},"modified":"2026-04-20T03:10:07","modified_gmt":"2026-04-20T00:10:07","slug":"record-naturaalne-prosciutto-narimiskont-koerale-150g","status":"publish","type":"product","link":"https:\/\/kasskoer.ee\/en\/toode\/record-naturaalne-prosciutto-narimiskont-koerale-150g\/","title":{"rendered":"Record naturaalne Prosciutto n\u00e4rimiskont koerale 150g"},"content":{"rendered":"<p><b>Record Prociutto singiga kont. N\u00e4rimismaius koerale.<\/b>&#13;<\/p>\n<li>V\u00e4hendab hambakattu ja hambakivi teket &#8211; n\u00e4rimise mehaaniline toime aitab puhastatada hambaid.<\/li>\n<p>&#13;<\/p>\n<li>Hea s\u00e4ilivuse tagamiseks kuumt\u00f6\u00f6deldud ja pakendatud vaakumpakendesse, mis hoiab selle v\u00e4rskena, nagu oleks otse lihapoest v\u00f5etud.<\/li>\n<p>&#13;<\/p>\n<li>100% naturaalne toode &#8211; ei ole lisatud suhkruid, s\u00e4ilitus- ega v\u00e4rvaineid.<\/li>\n<p>&#13;<br \/>\n<br \/>&#13;<br \/>\n<b>Koostis<\/b><br \/>&#13;<br \/>\nNaturaalne kuumt\u00f6\u00f6deldud vanandatud kuivatatud singiluu singit\u00fckkidega.<br \/>&#13;<br \/>\n<br \/>&#13;<br \/>\n<b>Anal\u00fc\u00fctiline koostis<\/b><br \/>&#13;<br \/>\nToortuhk 30.0%, toorrasv 26.3%, niiskus 22.1%, toorvalk 7.0%, toorkiud 1.7%.<br \/>&#13;<br \/>\n<br \/>&#13;<br \/>\n<b>S\u00f6\u00f6tmissoovitus<\/b><br \/>&#13;<br \/>\nS\u00e4ilitada kuivas ja jahedas kohas. Avatuna tarbida koheselt. V\u00e4rske vesi peab alati olema saadaval.<\/p>\n","protected":false},"excerpt":{"rendered":"<p>100% naturaalne luu koos maitsvate liha t\u00fckkidega.<\/p>\n","protected":false},"featured_media":11510,"template":"","meta":[],"product_cat":[1332,688],"product_tag":[],"class_list":{"0":"post-15022","1":"product","2":"type-product","3":"status-publish","4":"has-post-thumbnail","6":"product_cat-koerte-narimiskondid","7":"product_cat-koerad","8":"pa_brand-record","9":"pa_ean-2527","10":"pa_kaal-0-150","11":"pa_tootjariik-itaalia","13":"first","14":"instock","15":"taxable","16":"shipping-taxable","17":"purchasable","18":"product-type-simple"},"_links":{"self":[{"href":"https:\/\/kasskoer.ee\/en\/wp-json\/wp\/v2\/product\/15022","targetHints":{"allow":["GET"]}}],"collection":[{"href":"https:\/\/kasskoer.ee\/en\/wp-json\/wp\/v2\/product"}],"about":[{"href":"https:\/\/kasskoer.ee\/en\/wp-json\/wp\/v2\/types\/product"}],"wp:featuredmedia":[{"embeddable":true,"href":"https:\/\/kasskoer.ee\/en\/wp-json\/wp\/v2\/media\/11510"}],"wp:attachment":[{"href":"https:\/\/kasskoer.ee\/en\/wp-json\/wp\/v2\/media?parent=15022"}],"wp:term":[{"taxonomy":"product_cat","embeddable":true,"href":"https:\/\/kasskoer.ee\/en\/wp-json\/wp\/v2\/product_cat?post=15022"},{"taxonomy":"product_tag","embeddable":true,"href":"https:\/\/kasskoer.ee\/en\/wp-json\/wp\/v2\/product_tag?post=15022"}],"curies":[{"name":"wp","href":"https:\/\/api.w.org\/{rel}","templated":true}]}}