{"id":15023,"date":"2026-04-20T03:10:07","date_gmt":"2026-04-20T00:10:07","guid":{"rendered":"https:\/\/kasskoer.ee\/product\/record-presskont-koertele-5x8cm-125g-2\/"},"modified":"2026-04-20T03:10:07","modified_gmt":"2026-04-20T00:10:07","slug":"record-presskont-koertele-5x8cm-125g","status":"publish","type":"product","link":"https:\/\/kasskoer.ee\/en\/toode\/record-presskont-koertele-5x8cm-125g\/","title":{"rendered":"Record presskont koertele 5x8cm 125g"},"content":{"rendered":"<p>Toornahast n\u00e4rimiskondid on t\u00e4nu oma vastupidavusele hammaste tervisele kasulikud ning \u00fchtlasi ka suurep\u00e4raseks stressimaandajaks.<br \/>&#13;<br \/>\nPakend sisaldab 5 n\u00e4rimiskonti.&#13;<br \/>\n<br \/>&#13;<br \/>\n<br \/><b>Koostis<\/b><br \/>&#13;<br \/>\nToornahk 99%, tapioki t\u00e4rklis 1%.<br \/>&#13;<br \/>\n<br \/>&#13;<br \/>\n<b>Anal\u00fc\u00fctilised koostisosad<\/b><br \/>&#13;<br \/>\nToorvalk 82%, toor\u00f5lid ja -rasvad 1.0%, toorkiud 0.8%, niiskus 16.0%, toortuhk 1.0%.<\/p>\n","protected":false},"excerpt":{"rendered":"<p>Record toornahast presskondid koertele.<\/p>\n","protected":false},"featured_media":11512,"template":"","meta":[],"product_cat":[1332,688],"product_tag":[],"class_list":{"0":"post-15023","1":"product","2":"type-product","3":"status-publish","4":"has-post-thumbnail","6":"product_cat-koerte-narimiskondid","7":"product_cat-koerad","8":"pa_brand-record","9":"pa_ean-1774","10":"pa_kaal-0-125","11":"pa_tootjariik-hiina","13":"first","14":"instock","15":"taxable","16":"shipping-taxable","17":"purchasable","18":"product-type-simple"},"_links":{"self":[{"href":"https:\/\/kasskoer.ee\/en\/wp-json\/wp\/v2\/product\/15023","targetHints":{"allow":["GET"]}}],"collection":[{"href":"https:\/\/kasskoer.ee\/en\/wp-json\/wp\/v2\/product"}],"about":[{"href":"https:\/\/kasskoer.ee\/en\/wp-json\/wp\/v2\/types\/product"}],"wp:featuredmedia":[{"embeddable":true,"href":"https:\/\/kasskoer.ee\/en\/wp-json\/wp\/v2\/media\/11512"}],"wp:attachment":[{"href":"https:\/\/kasskoer.ee\/en\/wp-json\/wp\/v2\/media?parent=15023"}],"wp:term":[{"taxonomy":"product_cat","embeddable":true,"href":"https:\/\/kasskoer.ee\/en\/wp-json\/wp\/v2\/product_cat?post=15023"},{"taxonomy":"product_tag","embeddable":true,"href":"https:\/\/kasskoer.ee\/en\/wp-json\/wp\/v2\/product_tag?post=15023"}],"curies":[{"name":"wp","href":"https:\/\/api.w.org\/{rel}","templated":true}]}}