{"id":15030,"date":"2026-04-20T03:10:07","date_gmt":"2026-04-20T00:10:07","guid":{"rendered":"https:\/\/kasskoer.ee\/product\/record-sinine-kaelarihm-kapa-mustriga-s-19x45-50cm-2\/"},"modified":"2026-04-20T03:10:08","modified_gmt":"2026-04-20T00:10:08","slug":"record-sinine-kaelarihm-kapa-mustriga-s-19x45-50cm","status":"publish","type":"product","link":"https:\/\/kasskoer.ee\/en\/toode\/record-sinine-kaelarihm-kapa-mustriga-s-19x45-50cm\/","title":{"rendered":"Record sinine kaelarihm k\u00e4pa mustriga S 1,9&#215;45-50cm"},"content":{"rendered":"<p>Koera kaelarihm mugavast nailonist, v\u00e4rvilise k\u00e4pamustriga. Rihm on reguleeritav, praktilise plastikust sulgurklambriga ja varustatud metallist kinnitusr\u00f5ngaga.<\/p>\n","protected":false},"excerpt":{"rendered":"<p>Record sinine v\u00e4rvilise k\u00e4pamustriga kaelarihm koerale S.<\/p>\n","protected":false},"featured_media":11526,"template":"","meta":[],"product_cat":[1331],"product_tag":[],"class_list":{"0":"post-15030","1":"product","2":"type-product","3":"status-publish","4":"has-post-thumbnail","6":"product_cat-koerte-rihmad","7":"pa_brand-record","8":"pa_ean-1863","9":"pa_kaal-0-040","10":"pa_tootjariik-hiina","12":"first","13":"instock","14":"taxable","15":"shipping-taxable","16":"purchasable","17":"product-type-simple"},"_links":{"self":[{"href":"https:\/\/kasskoer.ee\/en\/wp-json\/wp\/v2\/product\/15030","targetHints":{"allow":["GET"]}}],"collection":[{"href":"https:\/\/kasskoer.ee\/en\/wp-json\/wp\/v2\/product"}],"about":[{"href":"https:\/\/kasskoer.ee\/en\/wp-json\/wp\/v2\/types\/product"}],"wp:featuredmedia":[{"embeddable":true,"href":"https:\/\/kasskoer.ee\/en\/wp-json\/wp\/v2\/media\/11526"}],"wp:attachment":[{"href":"https:\/\/kasskoer.ee\/en\/wp-json\/wp\/v2\/media?parent=15030"}],"wp:term":[{"taxonomy":"product_cat","embeddable":true,"href":"https:\/\/kasskoer.ee\/en\/wp-json\/wp\/v2\/product_cat?post=15030"},{"taxonomy":"product_tag","embeddable":true,"href":"https:\/\/kasskoer.ee\/en\/wp-json\/wp\/v2\/product_tag?post=15030"}],"curies":[{"name":"wp","href":"https:\/\/api.w.org\/{rel}","templated":true}]}}