{"id":15036,"date":"2026-04-20T03:10:07","date_gmt":"2026-04-20T00:10:07","guid":{"rendered":"https:\/\/kasskoer.ee\/product\/livisto-deltatic-koeraparasiidi-kaelarihm-60cm-2tk-2\/"},"modified":"2026-04-20T03:10:08","modified_gmt":"2026-04-20T00:10:08","slug":"livisto-deltatic-koeraparasiidi-kaelarihm-60cm-2tk","status":"publish","type":"product","link":"https:\/\/kasskoer.ee\/en\/toode\/livisto-deltatic-koeraparasiidi-kaelarihm-60cm-2tk\/","title":{"rendered":"Livisto Deltatic koeraparasiidi kaelarihm 60cm 2tk"},"content":{"rendered":"<p><b>Livisto Deltatic reguleeritav l\u00f5hnatu parasiidivastane kaelarihm koerale.<\/b><br \/>&#13;<br \/>\n<br \/>&#13;<br \/>\nDeltatic pikaajalist barj\u00e4\u00e4ritoimet pakkuv kaelarihm koosneb pidevalt vabastatavatest deltametriini mikrokapslitest, mis pakuvad kaitset:&#13;<\/p>\n<li>Kirpude vastu kuni 4 kuud.<\/li>\n<p>&#13;<\/p>\n<li>Puukide ja s\u00e4\u00e4skede vastu kuni 6 kuud.<\/li>\n<p>&#13;<\/p>\n<li>Moskiitode (Phlebotomus perniciosus) vastu kuni 5 kuud.<\/li>\n<p>&#13;<\/p>\n<li>Ennetab puukide infestatsioone 6 kuu jooksul.<\/li>\n<p>&#13;<\/p>\n<li>Ennetab kirpude infestatsioone 4 kuu jooksul.<\/li>\n<p>&#13;<br \/>\n<br \/>&#13;<br \/>\n<b>Kaelarihma omadused<\/b>&#13;<\/p>\n<li>Sobib koerale kaela\u00fcmberm\u00f5\u00f5duga kuni 48 cm.<\/li>\n<p>&#13;<\/p>\n<li>Kaelarihmal on l\u00e4mbumisvastane lukustusmehhanism, mis v\u00f5imaldab koeral juhul, kui ta j\u00e4\u00e4b kuhugi kinni, iseseisvalt kiirelt vabaneda.<\/li>\n<p>&#13;<\/p>\n<li>Pakend sisaldab kahte kaelarihma pikaajalise kaitse tagamiseks.<\/li>\n<p>&#13;<br \/>\n<br \/>&#13;<br \/>\n60cm (26,4 g) kaelarihm sisaldab: toimeaine deltameriin 1,056g.<br \/>&#13;<br \/>\n<br \/>&#13;<br \/>\n<b>Erihoiatused<\/b><br \/>&#13;<br \/>\nEnne kasutamist lugege pakendi infolehte.&#13;<br \/>\nHoida originaalpakendis kuni kasutamiseni, et lapsed ei p\u00e4\u00e4seks tootele ligi.&#13;<br \/>\nKaelarihmu kandvad koerad ei tohiks magada samas voodis omanikega, eriti lastega.<br \/>&#13;<br \/>\nP\u00e4rast avamist kasutada koheselt. Ainult veterinaarseks kasutamiseks.&#13;<br \/>\nM\u00fc\u00fck ei ole piiratud ainult apteekidega ja see ei kuulu retseptikohustuse alla.&#13;<br \/>\nHoida lastele k\u00e4ttesaamatus kohas.<\/p>\n","protected":false},"excerpt":{"rendered":"<p>Parasiitide vastane kaelarihm keskmise suurusega koertele.<\/p>\n","protected":false},"featured_media":11538,"template":"","meta":[],"product_cat":[688,365],"product_tag":[],"class_list":{"0":"post-15036","1":"product","2":"type-product","3":"status-publish","4":"has-post-thumbnail","6":"product_cat-koerad","7":"product_cat-koerte-tarvikud","8":"pa_brand-livisto","9":"pa_ean-2448","10":"pa_kaal-0-090","11":"pa_tootjariik-itaalia","13":"first","14":"outofstock","15":"taxable","16":"shipping-taxable","17":"purchasable","18":"product-type-simple"},"_links":{"self":[{"href":"https:\/\/kasskoer.ee\/en\/wp-json\/wp\/v2\/product\/15036","targetHints":{"allow":["GET"]}}],"collection":[{"href":"https:\/\/kasskoer.ee\/en\/wp-json\/wp\/v2\/product"}],"about":[{"href":"https:\/\/kasskoer.ee\/en\/wp-json\/wp\/v2\/types\/product"}],"wp:featuredmedia":[{"embeddable":true,"href":"https:\/\/kasskoer.ee\/en\/wp-json\/wp\/v2\/media\/11538"}],"wp:attachment":[{"href":"https:\/\/kasskoer.ee\/en\/wp-json\/wp\/v2\/media?parent=15036"}],"wp:term":[{"taxonomy":"product_cat","embeddable":true,"href":"https:\/\/kasskoer.ee\/en\/wp-json\/wp\/v2\/product_cat?post=15036"},{"taxonomy":"product_tag","embeddable":true,"href":"https:\/\/kasskoer.ee\/en\/wp-json\/wp\/v2\/product_tag?post=15036"}],"curies":[{"name":"wp","href":"https:\/\/api.w.org\/{rel}","templated":true}]}}