{"id":15041,"date":"2026-04-20T03:10:07","date_gmt":"2026-04-20T00:10:07","guid":{"rendered":"https:\/\/kasskoer.ee\/product\/record-bamboo-kollane-kauss-koerale-125x15x8cm-2\/"},"modified":"2026-04-20T03:10:08","modified_gmt":"2026-04-20T00:10:08","slug":"record-bamboo-kollane-kauss-koerale-125x15x8cm","status":"publish","type":"product","link":"https:\/\/kasskoer.ee\/en\/toode\/record-bamboo-kollane-kauss-koerale-125x15x8cm\/","title":{"rendered":"Record Bamboo kollane kauss koerale 12,5x15x8cm"},"content":{"rendered":"<li>Selle kaldus kuju muudab selle ideaalseks pika koonuga koertele.<\/li>\n<p>&#13;<\/p>\n<li>Varustatud praktiliste libisemisvastaste patjadega.<\/li>\n<p>&#13;<\/p>\n<li>Kauss on n\u00f5udepesumasinas pestav.<\/li>\n<p>&#13;<br \/>\n&#13;<br \/>\n<br \/><b>Maht<\/b><br \/>&#13;<br \/>\n180ml<\/p>\n","protected":false},"excerpt":{"rendered":"<p>Naturaalsest bambuskiust kollane s\u00f6\u00f6gin\u00f5u koerale.<\/p>\n","protected":false},"featured_media":11548,"template":"","meta":[],"product_cat":[1319],"product_tag":[],"class_list":{"0":"post-15041","1":"product","2":"type-product","3":"status-publish","4":"has-post-thumbnail","6":"product_cat-koerte-sooginoud","7":"pa_brand-record","8":"pa_ean-1877","9":"pa_kaal-0-200","10":"pa_tootjariik-hiina","12":"first","13":"instock","14":"taxable","15":"shipping-taxable","16":"purchasable","17":"product-type-simple"},"_links":{"self":[{"href":"https:\/\/kasskoer.ee\/en\/wp-json\/wp\/v2\/product\/15041","targetHints":{"allow":["GET"]}}],"collection":[{"href":"https:\/\/kasskoer.ee\/en\/wp-json\/wp\/v2\/product"}],"about":[{"href":"https:\/\/kasskoer.ee\/en\/wp-json\/wp\/v2\/types\/product"}],"wp:featuredmedia":[{"embeddable":true,"href":"https:\/\/kasskoer.ee\/en\/wp-json\/wp\/v2\/media\/11548"}],"wp:attachment":[{"href":"https:\/\/kasskoer.ee\/en\/wp-json\/wp\/v2\/media?parent=15041"}],"wp:term":[{"taxonomy":"product_cat","embeddable":true,"href":"https:\/\/kasskoer.ee\/en\/wp-json\/wp\/v2\/product_cat?post=15041"},{"taxonomy":"product_tag","embeddable":true,"href":"https:\/\/kasskoer.ee\/en\/wp-json\/wp\/v2\/product_tag?post=15041"}],"curies":[{"name":"wp","href":"https:\/\/api.w.org\/{rel}","templated":true}]}}