{"id":15046,"date":"2026-04-20T03:10:07","date_gmt":"2026-04-20T00:10:07","guid":{"rendered":"https:\/\/kasskoer.ee\/product\/record-punane-maiusekott-12x6x5cm-2\/"},"modified":"2026-04-20T03:10:08","modified_gmt":"2026-04-20T00:10:08","slug":"record-punane-maiusekott-12x6x5cm","status":"publish","type":"product","link":"https:\/\/kasskoer.ee\/en\/toode\/record-punane-maiusekott-12x6x5cm\/","title":{"rendered":"Record punane maiusekott 12x6x5cm"},"content":{"rendered":"<li>Mugav klamber koti v\u00f6\u00f6le kinnitamiseks.<\/li>\n<p>&#13;<\/p>\n<li>Kott on pealt n\u00f6\u00f6riga suletav.<\/li>\n<p>&#13;<\/p>\n<li>Koti k\u00fcljes on v\u00e4ike v\u00f5rgust lisatasku.<\/li>\n","protected":false},"excerpt":{"rendered":"<p>Record punane v\u00f6\u00f6kott maiuste kaasaskandmiseks.<\/p>\n","protected":false},"featured_media":11554,"template":"","meta":[],"product_cat":[688,365],"product_tag":[],"class_list":{"0":"post-15046","1":"product","2":"type-product","3":"status-publish","4":"has-post-thumbnail","6":"product_cat-koerad","7":"product_cat-koerte-tarvikud","8":"pa_brand-record","9":"pa_ean-1889","10":"pa_kaal-0-060","11":"pa_tootjariik-hiina","13":"first","14":"outofstock","15":"taxable","16":"shipping-taxable","17":"purchasable","18":"product-type-simple"},"_links":{"self":[{"href":"https:\/\/kasskoer.ee\/en\/wp-json\/wp\/v2\/product\/15046","targetHints":{"allow":["GET"]}}],"collection":[{"href":"https:\/\/kasskoer.ee\/en\/wp-json\/wp\/v2\/product"}],"about":[{"href":"https:\/\/kasskoer.ee\/en\/wp-json\/wp\/v2\/types\/product"}],"wp:featuredmedia":[{"embeddable":true,"href":"https:\/\/kasskoer.ee\/en\/wp-json\/wp\/v2\/media\/11554"}],"wp:attachment":[{"href":"https:\/\/kasskoer.ee\/en\/wp-json\/wp\/v2\/media?parent=15046"}],"wp:term":[{"taxonomy":"product_cat","embeddable":true,"href":"https:\/\/kasskoer.ee\/en\/wp-json\/wp\/v2\/product_cat?post=15046"},{"taxonomy":"product_tag","embeddable":true,"href":"https:\/\/kasskoer.ee\/en\/wp-json\/wp\/v2\/product_tag?post=15046"}],"curies":[{"name":"wp","href":"https:\/\/api.w.org\/{rel}","templated":true}]}}