{"id":15047,"date":"2026-04-20T03:10:07","date_gmt":"2026-04-20T00:10:07","guid":{"rendered":"https:\/\/kasskoer.ee\/product\/record-aktiivsoega-pissilapid-kutsikatele-60x90cm-10tk-2\/"},"modified":"2026-04-20T03:10:08","modified_gmt":"2026-04-20T00:10:08","slug":"record-aktiivsoega-pissilapid-kutsikatele-60x90cm-10tk","status":"publish","type":"product","link":"https:\/\/kasskoer.ee\/en\/toode\/record-aktiivsoega-pissilapid-kutsikatele-60x90cm-10tk\/","title":{"rendered":"Record aktiivs\u00f6ega pissilapid kutsikatele 60x90cm 10tk"},"content":{"rendered":"<p>Aktiivs\u00f6ega \u00fcliimavate pol\u00fcmeeridega h\u00fcgieenilised kutsikamatid igas vanuses koertele.&#13;<\/p>\n<p>&#13;<\/p>\n<li>Taimne aktiivs\u00fcsi imab endasse ebameeldivad l\u00f5hnad ja niiskusmarker v\u00f5imaldab aru saada, millal matt on m\u00e4rg.<\/li>\n<p>&#13;<\/p>\n<li>Nurkades olevad kleebised v\u00f5imaldavad selle kindlalt p\u00f5randale kinnitada.<\/li>\n","protected":false},"excerpt":{"rendered":"<p>Record l\u00f5hna neelava aktiivs\u00f6ega tualetilapid kutsikatele.<\/p>\n","protected":false},"featured_media":11556,"template":"","meta":[],"product_cat":[688,365],"product_tag":[],"class_list":{"0":"post-15047","1":"product","2":"type-product","3":"status-publish","4":"has-post-thumbnail","6":"product_cat-koerad","7":"product_cat-koerte-tarvikud","8":"pa_brand-record","9":"pa_ean-1816","10":"pa_kaal-0-500","11":"pa_tootjariik-hiina","13":"first","14":"instock","15":"taxable","16":"shipping-taxable","17":"purchasable","18":"product-type-simple"},"_links":{"self":[{"href":"https:\/\/kasskoer.ee\/en\/wp-json\/wp\/v2\/product\/15047","targetHints":{"allow":["GET"]}}],"collection":[{"href":"https:\/\/kasskoer.ee\/en\/wp-json\/wp\/v2\/product"}],"about":[{"href":"https:\/\/kasskoer.ee\/en\/wp-json\/wp\/v2\/types\/product"}],"wp:featuredmedia":[{"embeddable":true,"href":"https:\/\/kasskoer.ee\/en\/wp-json\/wp\/v2\/media\/11556"}],"wp:attachment":[{"href":"https:\/\/kasskoer.ee\/en\/wp-json\/wp\/v2\/media?parent=15047"}],"wp:term":[{"taxonomy":"product_cat","embeddable":true,"href":"https:\/\/kasskoer.ee\/en\/wp-json\/wp\/v2\/product_cat?post=15047"},{"taxonomy":"product_tag","embeddable":true,"href":"https:\/\/kasskoer.ee\/en\/wp-json\/wp\/v2\/product_tag?post=15047"}],"curies":[{"name":"wp","href":"https:\/\/api.w.org\/{rel}","templated":true}]}}