{"id":15048,"date":"2026-04-20T03:10:07","date_gmt":"2026-04-20T00:10:07","guid":{"rendered":"https:\/\/kasskoer.ee\/product\/record-sinine-sulgedega-kassiong-46cm-2\/"},"modified":"2026-04-20T03:10:09","modified_gmt":"2026-04-20T00:10:09","slug":"record-sinine-sulgedega-kassiong-46cm","status":"publish","type":"product","link":"https:\/\/kasskoer.ee\/en\/toode\/record-sinine-sulgedega-kassiong-46cm\/","title":{"rendered":"Record sinine sulgedega kassi\u00f5ng 46cm"},"content":{"rendered":"<p>Meelitab looma oma k\u00e4ppasid ja k\u00fc\u00fcniseid strateegiliselt kasutama.<\/p>\n","protected":false},"excerpt":{"rendered":"<p>Record kassilelu siniste sulgede ja kellukesega.<\/p>\n","protected":false},"featured_media":11558,"template":"","meta":[],"product_cat":[1321],"product_tag":[],"class_list":{"0":"post-15048","1":"product","2":"type-product","3":"status-publish","4":"has-post-thumbnail","6":"product_cat-kasside-manguasjad","7":"pa_brand-record","8":"pa_ean-1778","9":"pa_kaal-0-040","10":"pa_tootjariik-hiina","12":"first","13":"instock","14":"taxable","15":"shipping-taxable","16":"purchasable","17":"product-type-simple"},"_links":{"self":[{"href":"https:\/\/kasskoer.ee\/en\/wp-json\/wp\/v2\/product\/15048","targetHints":{"allow":["GET"]}}],"collection":[{"href":"https:\/\/kasskoer.ee\/en\/wp-json\/wp\/v2\/product"}],"about":[{"href":"https:\/\/kasskoer.ee\/en\/wp-json\/wp\/v2\/types\/product"}],"wp:featuredmedia":[{"embeddable":true,"href":"https:\/\/kasskoer.ee\/en\/wp-json\/wp\/v2\/media\/11558"}],"wp:attachment":[{"href":"https:\/\/kasskoer.ee\/en\/wp-json\/wp\/v2\/media?parent=15048"}],"wp:term":[{"taxonomy":"product_cat","embeddable":true,"href":"https:\/\/kasskoer.ee\/en\/wp-json\/wp\/v2\/product_cat?post=15048"},{"taxonomy":"product_tag","embeddable":true,"href":"https:\/\/kasskoer.ee\/en\/wp-json\/wp\/v2\/product_tag?post=15048"}],"curies":[{"name":"wp","href":"https:\/\/api.w.org\/{rel}","templated":true}]}}