{"id":15051,"date":"2026-04-20T03:10:07","date_gmt":"2026-04-20T00:10:07","guid":{"rendered":"https:\/\/kasskoer.ee\/product\/record-stay-fresh-jahutusmatt-roheline-mustriga-90x50cm-2\/"},"modified":"2026-04-20T03:10:09","modified_gmt":"2026-04-20T00:10:09","slug":"record-stay-fresh-jahutusmatt-roheline-mustriga-90x50cm","status":"publish","type":"product","link":"https:\/\/kasskoer.ee\/en\/toode\/record-stay-fresh-jahutusmatt-roheline-mustriga-90x50cm\/","title":{"rendered":"Record Stay Fresh jahutusmatt roheline mustriga 90x50cm"},"content":{"rendered":"<p>Stay Fresh on loodud Teie lemmiklooma jahutamiseks kuumadel ja kiiretel p\u00e4evadel.<br \/>&#13;<br \/>\n<br \/>&#13;<\/p>\n<li>Erinevalt teistest materjalidest, mille t\u00f6\u00f6shoidmiseks on vaja vett, jahutust v\u00f5i elektrit, jahtub Stay Fresh j\u00e4rk-j\u00e4rgult, kaitstes Teie looma liiga k\u00fclmal pinnal magamise eest.<\/li>\n<p>&#13;<\/p>\n<li>T\u00e4itematerjal on mittetoksiline k\u00fclmutusgeel, mist\u00f5ttu ei ole see Teie lemmikule ohtlik.<\/li>\n<p>&#13;<\/p>\n<li>Madrats on valmistatud v\u00e4ga vastupidavast materjalist ja seda on lihtne hooldada, piisab vaid niiske lapiga puhastamisest.<\/li>\n","protected":false},"excerpt":{"rendered":"<p>Record roheline mustriga jahutav madrats Stay Fresh.<\/p>\n","protected":false},"featured_media":11564,"template":"","meta":[],"product_cat":[688,365],"product_tag":[],"class_list":{"0":"post-15051","1":"product","2":"type-product","3":"status-publish","4":"has-post-thumbnail","6":"product_cat-koerad","7":"product_cat-koerte-tarvikud","8":"pa_brand-record","9":"pa_ean-1781","10":"pa_kaal-1-950","11":"pa_tootjariik-hiina","13":"first","14":"instock","15":"taxable","16":"shipping-taxable","17":"purchasable","18":"product-type-simple"},"_links":{"self":[{"href":"https:\/\/kasskoer.ee\/en\/wp-json\/wp\/v2\/product\/15051","targetHints":{"allow":["GET"]}}],"collection":[{"href":"https:\/\/kasskoer.ee\/en\/wp-json\/wp\/v2\/product"}],"about":[{"href":"https:\/\/kasskoer.ee\/en\/wp-json\/wp\/v2\/types\/product"}],"wp:featuredmedia":[{"embeddable":true,"href":"https:\/\/kasskoer.ee\/en\/wp-json\/wp\/v2\/media\/11564"}],"wp:attachment":[{"href":"https:\/\/kasskoer.ee\/en\/wp-json\/wp\/v2\/media?parent=15051"}],"wp:term":[{"taxonomy":"product_cat","embeddable":true,"href":"https:\/\/kasskoer.ee\/en\/wp-json\/wp\/v2\/product_cat?post=15051"},{"taxonomy":"product_tag","embeddable":true,"href":"https:\/\/kasskoer.ee\/en\/wp-json\/wp\/v2\/product_tag?post=15051"}],"curies":[{"name":"wp","href":"https:\/\/api.w.org\/{rel}","templated":true}]}}