{"id":15053,"date":"2026-04-20T03:10:07","date_gmt":"2026-04-20T00:10:07","guid":{"rendered":"https:\/\/kasskoer.ee\/product\/record-koeralelu-pirn-385cm-2\/"},"modified":"2026-04-20T03:10:09","modified_gmt":"2026-04-20T00:10:09","slug":"record-koeralelu-pirn-385cm","status":"publish","type":"product","link":"https:\/\/kasskoer.ee\/en\/toode\/record-koeralelu-pirn-385cm\/","title":{"rendered":"Record koeralelu pirn 38,5cm"},"content":{"rendered":"<p>K\u00f6iega m\u00e4nguasi roheline pirn on varustatud kr\u00f5biseva \u00fcmbrisega ja m\u00e4nguasja pigistades teeb see piiksuvat heli.<\/p>\n","protected":false},"excerpt":{"rendered":"<p>Record lateksist koeram\u00e4nguasi pirn Veggy Fruit sarjast, millel on vastupidav punutud k\u00f6is ja pehmed detailid.<\/p>\n","protected":false},"featured_media":11568,"template":"","meta":[],"product_cat":[1326,688],"product_tag":[],"class_list":{"0":"post-15053","1":"product","2":"type-product","3":"status-publish","4":"has-post-thumbnail","6":"product_cat-koerte-manguasjad","7":"product_cat-koerad","8":"pa_brand-record","9":"pa_ean-1890","10":"pa_kaal-0-080","11":"pa_tootjariik-hiina","13":"first","14":"instock","15":"taxable","16":"shipping-taxable","17":"purchasable","18":"product-type-simple"},"_links":{"self":[{"href":"https:\/\/kasskoer.ee\/en\/wp-json\/wp\/v2\/product\/15053","targetHints":{"allow":["GET"]}}],"collection":[{"href":"https:\/\/kasskoer.ee\/en\/wp-json\/wp\/v2\/product"}],"about":[{"href":"https:\/\/kasskoer.ee\/en\/wp-json\/wp\/v2\/types\/product"}],"wp:featuredmedia":[{"embeddable":true,"href":"https:\/\/kasskoer.ee\/en\/wp-json\/wp\/v2\/media\/11568"}],"wp:attachment":[{"href":"https:\/\/kasskoer.ee\/en\/wp-json\/wp\/v2\/media?parent=15053"}],"wp:term":[{"taxonomy":"product_cat","embeddable":true,"href":"https:\/\/kasskoer.ee\/en\/wp-json\/wp\/v2\/product_cat?post=15053"},{"taxonomy":"product_tag","embeddable":true,"href":"https:\/\/kasskoer.ee\/en\/wp-json\/wp\/v2\/product_tag?post=15053"}],"curies":[{"name":"wp","href":"https:\/\/api.w.org\/{rel}","templated":true}]}}