{"id":15054,"date":"2026-04-20T03:10:07","date_gmt":"2026-04-20T00:10:07","guid":{"rendered":"https:\/\/kasskoer.ee\/product\/record-sinine-tennisepall-65cm-2\/"},"modified":"2026-04-20T03:10:09","modified_gmt":"2026-04-20T00:10:09","slug":"record-tennisepall-o-65cm","status":"publish","type":"product","link":"https:\/\/kasskoer.ee\/en\/toode\/record-tennisepall-o-65cm\/","title":{"rendered":"Record tennisepall \u00f8 6,5cm"},"content":{"rendered":"<p>Pallim\u00e4ng hoiab looma liikumises, vaimselt aktiivsena ja \u00f5nnelikuna.<\/p>\n","protected":false},"excerpt":{"rendered":"<p>Record tennisepall koerale.<\/p>\n","protected":false},"featured_media":11570,"template":"","meta":[],"product_cat":[1326,688],"product_tag":[],"class_list":{"0":"post-15054","1":"product","2":"type-product","3":"status-publish","4":"has-post-thumbnail","6":"product_cat-koerte-manguasjad","7":"product_cat-koerad","8":"pa_brand-record","9":"pa_ean-1783","10":"pa_kaal-0-060","11":"pa_tootjariik-hiina","13":"first","14":"instock","15":"taxable","16":"shipping-taxable","17":"purchasable","18":"product-type-simple"},"_links":{"self":[{"href":"https:\/\/kasskoer.ee\/en\/wp-json\/wp\/v2\/product\/15054","targetHints":{"allow":["GET"]}}],"collection":[{"href":"https:\/\/kasskoer.ee\/en\/wp-json\/wp\/v2\/product"}],"about":[{"href":"https:\/\/kasskoer.ee\/en\/wp-json\/wp\/v2\/types\/product"}],"wp:featuredmedia":[{"embeddable":true,"href":"https:\/\/kasskoer.ee\/en\/wp-json\/wp\/v2\/media\/11570"}],"wp:attachment":[{"href":"https:\/\/kasskoer.ee\/en\/wp-json\/wp\/v2\/media?parent=15054"}],"wp:term":[{"taxonomy":"product_cat","embeddable":true,"href":"https:\/\/kasskoer.ee\/en\/wp-json\/wp\/v2\/product_cat?post=15054"},{"taxonomy":"product_tag","embeddable":true,"href":"https:\/\/kasskoer.ee\/en\/wp-json\/wp\/v2\/product_tag?post=15054"}],"curies":[{"name":"wp","href":"https:\/\/api.w.org\/{rel}","templated":true}]}}