{"id":15074,"date":"2026-04-20T03:10:07","date_gmt":"2026-04-20T00:10:07","guid":{"rendered":"https:\/\/kasskoer.ee\/product\/record-dolomiti-traksid-koerale-xxs-must-2\/"},"modified":"2026-04-20T03:10:10","modified_gmt":"2026-04-20T00:10:10","slug":"record-dolomiti-traksid-koerale-xxs-must","status":"publish","type":"product","link":"https:\/\/kasskoer.ee\/en\/toode\/record-dolomiti-traksid-koerale-xxs-must\/","title":{"rendered":"Record Dolomiti traksid koerale XXS must"},"content":{"rendered":"<p><b>Record Dolomiti kootud nailonist vastupidavad traksid koerale.<\/b>&#13;<\/p>\n<li>Nailon on tugev ja vastupidav.<\/li>\n<p>&#13;<\/p>\n<li>Nailonist traksid h\u00f5\u00f5ruvad v\u00e4hem ning j\u00e4tavad koerale maksimaalse liikumisvabaduse.<\/li>\n<p>&#13;<\/p>\n<li>Varustatud helkurribadega.<\/li>\n<p>&#13;<br \/>\n<br \/><b>M\u00f5\u00f5dud<\/b><br \/>&#13;<br \/>\nSobib koerale \u00fcmberm\u00f5\u00f5duga 42-50cm.<\/p>\n","protected":false},"excerpt":{"rendered":"<p>Record musta v\u00e4rvi nailonist traksid koertele.<\/p>\n","protected":false},"featured_media":14045,"template":"","meta":[],"product_cat":[1324],"product_tag":[],"class_list":{"0":"post-15074","1":"product","2":"type-product","3":"status-publish","4":"has-post-thumbnail","6":"product_cat-koerte-traksid","7":"pa_brand-record","8":"pa_ean-2490","9":"pa_kaal-0-100","10":"pa_tootjariik-hiina","12":"first","13":"instock","14":"taxable","15":"shipping-taxable","16":"purchasable","17":"product-type-simple"},"_links":{"self":[{"href":"https:\/\/kasskoer.ee\/en\/wp-json\/wp\/v2\/product\/15074","targetHints":{"allow":["GET"]}}],"collection":[{"href":"https:\/\/kasskoer.ee\/en\/wp-json\/wp\/v2\/product"}],"about":[{"href":"https:\/\/kasskoer.ee\/en\/wp-json\/wp\/v2\/types\/product"}],"wp:featuredmedia":[{"embeddable":true,"href":"https:\/\/kasskoer.ee\/en\/wp-json\/wp\/v2\/media\/14045"}],"wp:attachment":[{"href":"https:\/\/kasskoer.ee\/en\/wp-json\/wp\/v2\/media?parent=15074"}],"wp:term":[{"taxonomy":"product_cat","embeddable":true,"href":"https:\/\/kasskoer.ee\/en\/wp-json\/wp\/v2\/product_cat?post=15074"},{"taxonomy":"product_tag","embeddable":true,"href":"https:\/\/kasskoer.ee\/en\/wp-json\/wp\/v2\/product_tag?post=15074"}],"curies":[{"name":"wp","href":"https:\/\/api.w.org\/{rel}","templated":true}]}}