{"id":15088,"date":"2026-04-21T03:10:27","date_gmt":"2026-04-21T00:10:27","guid":{"rendered":"https:\/\/kasskoer.ee\/product\/cazo-mattress-luna-sinine-madrats-koertele-15x110x90cm-2\/"},"modified":"2026-04-21T03:10:28","modified_gmt":"2026-04-21T00:10:28","slug":"cazo-mattress-luna-sinine-madrats-koertele-15x110x90cm","status":"publish","type":"product","link":"https:\/\/kasskoer.ee\/en\/toode\/cazo-mattress-luna-sinine-madrats-koertele-15x110x90cm\/","title":{"rendered":"Cazo Mattress Luna sinine madrats koertele 15x110x90cm"},"content":{"rendered":"<p>Cazo Luna kollektsiooni madratsid on lisaks stiilsele v\u00e4limusele ka keskkonnas\u00f5bralikud. \u00dche madratsi valmistamiseks kasutatakse 70 \u00fcmbert\u00f6\u00f6deldud plastikpudelit.&#13;<\/p>\n<li>Madratsit katab v\u00e4ga vastupidav m\u00f6\u00f6blikangas, mis on valmistatud plastikpudelite taaskasutamisel valmistatud rPET materjalist.<\/li>\n<p>&#13;<\/p>\n<li>Madratsi t\u00e4idisel on ortopeedilised omadused, mis teeb madratsi lemmikloomale veelgi mugavamaks.<\/li>\n<p>&#13;<\/p>\n<li>Madratsil on praktiline lihtsasti eemaldatav kate, mida v\u00f5ib pesumasinas pesta.<\/li>\n<p>&#13;<br \/>\n<br \/>&#13;<br \/>\n<b>Madratsi m\u00f5\u00f5tmed<\/b><br \/>&#13;<br \/>\n110x90x15cm<\/p>\n","protected":false},"excerpt":{"rendered":"<p>Cazo Luna kollektsiooni kuuluv sinist v\u00e4rvi madrats koerale.<\/p>\n","protected":false},"featured_media":11632,"template":"","meta":[],"product_cat":[692,456],"product_tag":[],"class_list":{"0":"post-15088","1":"product","2":"type-product","3":"status-publish","4":"has-post-thumbnail","6":"product_cat-lemmikutele-lisaks","7":"product_cat-pesad-ja-asemed","8":"pa_brand-cazo","9":"pa_ean-1954","10":"pa_kaal-3-000","11":"pa_tootjariik-poola","13":"first","14":"outofstock","15":"taxable","16":"shipping-taxable","17":"purchasable","18":"product-type-simple"},"_links":{"self":[{"href":"https:\/\/kasskoer.ee\/en\/wp-json\/wp\/v2\/product\/15088","targetHints":{"allow":["GET"]}}],"collection":[{"href":"https:\/\/kasskoer.ee\/en\/wp-json\/wp\/v2\/product"}],"about":[{"href":"https:\/\/kasskoer.ee\/en\/wp-json\/wp\/v2\/types\/product"}],"wp:featuredmedia":[{"embeddable":true,"href":"https:\/\/kasskoer.ee\/en\/wp-json\/wp\/v2\/media\/11632"}],"wp:attachment":[{"href":"https:\/\/kasskoer.ee\/en\/wp-json\/wp\/v2\/media?parent=15088"}],"wp:term":[{"taxonomy":"product_cat","embeddable":true,"href":"https:\/\/kasskoer.ee\/en\/wp-json\/wp\/v2\/product_cat?post=15088"},{"taxonomy":"product_tag","embeddable":true,"href":"https:\/\/kasskoer.ee\/en\/wp-json\/wp\/v2\/product_tag?post=15088"}],"curies":[{"name":"wp","href":"https:\/\/api.w.org\/{rel}","templated":true}]}}