{"id":15093,"date":"2026-04-20T03:10:10","date_gmt":"2026-04-20T00:10:10","guid":{"rendered":"https:\/\/kasskoer.ee\/product\/cazo-bed-luna-hall-pesa-koertele-120x95cm-2\/"},"modified":"2026-04-20T03:10:11","modified_gmt":"2026-04-20T00:10:11","slug":"cazo-bed-luna-hall-pesa-koertele-120x95cm","status":"publish","type":"product","link":"https:\/\/kasskoer.ee\/en\/toode\/cazo-bed-luna-hall-pesa-koertele-120x95cm\/","title":{"rendered":"Cazo Bed Luna hall pesa koertele 120x95cm"},"content":{"rendered":"<p>Cazo Luna kollektsiooni pesad on lisaks stiilsele v\u00e4limusele ka keskkonnas\u00f5bralikud. \u00dche pesa valmistamiseks kasutatakse 70 \u00fcmbert\u00f6\u00f6deldud plastikpudelit.&#13;<\/p>\n<li>Pesa katab v\u00e4ga vastupidav m\u00f6\u00f6blikangas, mis on valmistatud plastikpudelite taaskasutamisel valmistatud rPET materjalist.<\/li>\n<p>&#13;<\/p>\n<li>Pesa t\u00e4idisel on ortopeedilised omadused, mis teeb pesa lemmikloomale veelgi mugavamaks.<\/li>\n<p>&#13;<\/p>\n<li>Pesal on praktiline lihtsasti eemaldatav kate, mida v\u00f5ib pesumasinas pesta.<\/li>\n<p>&#13;<br \/>\n<br \/>&#13;<br \/>\n<b>Pesa m\u00f5\u00f5tmed<\/b><br \/>&#13;<br \/>\n120x95cm<\/p>\n","protected":false},"excerpt":{"rendered":"<p>Cazo Luna kollektsiooni kuuluv halli v\u00e4rvi pesa koerale.<\/p>\n","protected":false},"featured_media":11642,"template":"","meta":[],"product_cat":[692,456],"product_tag":[],"class_list":{"0":"post-15093","1":"product","2":"type-product","3":"status-publish","4":"has-post-thumbnail","6":"product_cat-lemmikutele-lisaks","7":"product_cat-pesad-ja-asemed","8":"pa_brand-cazo","9":"pa_ean-1959","10":"pa_kaal-3-500","11":"pa_tootjariik-poola","13":"first","14":"instock","15":"taxable","16":"shipping-taxable","17":"purchasable","18":"product-type-simple"},"_links":{"self":[{"href":"https:\/\/kasskoer.ee\/en\/wp-json\/wp\/v2\/product\/15093","targetHints":{"allow":["GET"]}}],"collection":[{"href":"https:\/\/kasskoer.ee\/en\/wp-json\/wp\/v2\/product"}],"about":[{"href":"https:\/\/kasskoer.ee\/en\/wp-json\/wp\/v2\/types\/product"}],"wp:featuredmedia":[{"embeddable":true,"href":"https:\/\/kasskoer.ee\/en\/wp-json\/wp\/v2\/media\/11642"}],"wp:attachment":[{"href":"https:\/\/kasskoer.ee\/en\/wp-json\/wp\/v2\/media?parent=15093"}],"wp:term":[{"taxonomy":"product_cat","embeddable":true,"href":"https:\/\/kasskoer.ee\/en\/wp-json\/wp\/v2\/product_cat?post=15093"},{"taxonomy":"product_tag","embeddable":true,"href":"https:\/\/kasskoer.ee\/en\/wp-json\/wp\/v2\/product_tag?post=15093"}],"curies":[{"name":"wp","href":"https:\/\/api.w.org\/{rel}","templated":true}]}}