{"id":15097,"date":"2026-04-20T03:10:10","date_gmt":"2026-04-20T00:10:10","guid":{"rendered":"https:\/\/kasskoer.ee\/product\/cazo-foam-bed-luna-hall-pesa-koertele-70x55cm-2\/"},"modified":"2026-04-20T03:10:11","modified_gmt":"2026-04-20T00:10:11","slug":"cazo-foam-bed-luna-hall-pesa-koertele-70x55cm","status":"publish","type":"product","link":"https:\/\/kasskoer.ee\/en\/toode\/cazo-foam-bed-luna-hall-pesa-koertele-70x55cm\/","title":{"rendered":"Cazo Foam Bed Luna hall pesa koertele 70x55cm"},"content":{"rendered":"<p>Cazo Luna kollektsiooni pesad on lisaks stiilsele v\u00e4limusele ka keskkonnas\u00f5bralikud. \u00dche pesa valmistamiseks kasutatakse 70 \u00fcmbert\u00f6\u00f6deldud plastikpudelit.&#13;<\/p>\n<li>Pesa katab v\u00e4ga vastupidav m\u00f6\u00f6blikangas, mis on valmistatud plastikpudelite taaskasutamisel valmistatud rPET materjalist.<\/li>\n<p>&#13;<\/p>\n<li>Pesa on pesumasinas pestav.<\/li>\n<p>&#13;<br \/>\n<br \/>&#13;<br \/>\n<b>Pesa m\u00f5\u00f5tmed<\/b><br \/>&#13;<br \/>\n70x55cm<\/p>\n","protected":false},"excerpt":{"rendered":"<p>Cazo Luna kollektsiooni kuuluv halli v\u00e4rvi pesa koerale.<\/p>\n","protected":false},"featured_media":11650,"template":"","meta":[],"product_cat":[692,456],"product_tag":[],"class_list":{"0":"post-15097","1":"product","2":"type-product","3":"status-publish","4":"has-post-thumbnail","6":"product_cat-lemmikutele-lisaks","7":"product_cat-pesad-ja-asemed","8":"pa_brand-cazo","9":"pa_ean-1963","10":"pa_kaal-2-500","11":"pa_tootjariik-poola","13":"first","14":"instock","15":"taxable","16":"shipping-taxable","17":"purchasable","18":"product-type-simple"},"_links":{"self":[{"href":"https:\/\/kasskoer.ee\/en\/wp-json\/wp\/v2\/product\/15097","targetHints":{"allow":["GET"]}}],"collection":[{"href":"https:\/\/kasskoer.ee\/en\/wp-json\/wp\/v2\/product"}],"about":[{"href":"https:\/\/kasskoer.ee\/en\/wp-json\/wp\/v2\/types\/product"}],"wp:featuredmedia":[{"embeddable":true,"href":"https:\/\/kasskoer.ee\/en\/wp-json\/wp\/v2\/media\/11650"}],"wp:attachment":[{"href":"https:\/\/kasskoer.ee\/en\/wp-json\/wp\/v2\/media?parent=15097"}],"wp:term":[{"taxonomy":"product_cat","embeddable":true,"href":"https:\/\/kasskoer.ee\/en\/wp-json\/wp\/v2\/product_cat?post=15097"},{"taxonomy":"product_tag","embeddable":true,"href":"https:\/\/kasskoer.ee\/en\/wp-json\/wp\/v2\/product_tag?post=15097"}],"curies":[{"name":"wp","href":"https:\/\/api.w.org\/{rel}","templated":true}]}}