{"id":15105,"date":"2026-04-20T03:10:10","date_gmt":"2026-04-20T00:10:10","guid":{"rendered":"https:\/\/kasskoer.ee\/product\/cazo-pet-house-poli-pesa-lemmikloomale-40x42x42cm-2\/"},"modified":"2026-04-20T03:10:11","modified_gmt":"2026-04-20T00:10:11","slug":"cazo-pet-house-poli-pesa-lemmikloomale-40x42x42cm","status":"publish","type":"product","link":"https:\/\/kasskoer.ee\/en\/toode\/cazo-pet-house-poli-pesa-lemmikloomale-40x42x42cm\/","title":{"rendered":"Cazo Pet House Poli pesa lemmikloomale 40x42x42cm"},"content":{"rendered":"<p>Pesa on kaetud s\u00fcnteetilise karvaga, mis on kerge, hingav, soe ja \u00fclimalt m\u00f5nus sinu lemmikule. Cazo Poli on valmistatud materjalidest, mis on vastupidavad ka k\u00fc\u00fcnte kahjustustele.<\/p>\n<p> Pesal on praktiline lihtsasti eemaldatav kate, mida v\u00f5ib pesumasinas pesta. Lihtne hooldus aitab hoida pesa kogu aeg puhtana.&nbsp;<\/p>\n<p> Pesa suurus: 40x42x42cm.<\/p>\n","protected":false},"excerpt":{"rendered":"<p>Cazo Poli luksuslik karvane pesa majakene lemmikloomale.<\/p>\n","protected":false},"featured_media":11666,"template":"","meta":[],"product_cat":[692,456],"product_tag":[],"class_list":{"0":"post-15105","1":"product","2":"type-product","3":"status-publish","4":"has-post-thumbnail","6":"product_cat-lemmikutele-lisaks","7":"product_cat-pesad-ja-asemed","8":"pa_brand-cazo","9":"pa_ean-1993","10":"pa_kaal-3-000","11":"pa_tootjariik-poola","13":"first","14":"instock","15":"taxable","16":"shipping-taxable","17":"purchasable","18":"product-type-simple"},"_links":{"self":[{"href":"https:\/\/kasskoer.ee\/en\/wp-json\/wp\/v2\/product\/15105","targetHints":{"allow":["GET"]}}],"collection":[{"href":"https:\/\/kasskoer.ee\/en\/wp-json\/wp\/v2\/product"}],"about":[{"href":"https:\/\/kasskoer.ee\/en\/wp-json\/wp\/v2\/types\/product"}],"wp:featuredmedia":[{"embeddable":true,"href":"https:\/\/kasskoer.ee\/en\/wp-json\/wp\/v2\/media\/11666"}],"wp:attachment":[{"href":"https:\/\/kasskoer.ee\/en\/wp-json\/wp\/v2\/media?parent=15105"}],"wp:term":[{"taxonomy":"product_cat","embeddable":true,"href":"https:\/\/kasskoer.ee\/en\/wp-json\/wp\/v2\/product_cat?post=15105"},{"taxonomy":"product_tag","embeddable":true,"href":"https:\/\/kasskoer.ee\/en\/wp-json\/wp\/v2\/product_tag?post=15105"}],"curies":[{"name":"wp","href":"https:\/\/api.w.org\/{rel}","templated":true}]}}