{"id":15107,"date":"2026-04-20T03:10:10","date_gmt":"2026-04-20T00:10:10","guid":{"rendered":"https:\/\/kasskoer.ee\/product\/cazo-soft-bed-poli-pesa-koertele-93x72cm-2\/"},"modified":"2026-04-20T03:10:11","modified_gmt":"2026-04-20T00:10:11","slug":"cazo-soft-bed-poli-pesa-koertele-93x72cm","status":"publish","type":"product","link":"https:\/\/kasskoer.ee\/en\/toode\/cazo-soft-bed-poli-pesa-koertele-93x72cm\/","title":{"rendered":"Cazo Soft Bed Poli pesa koertele 93x72cm"},"content":{"rendered":"<p>Pesa v\u00e4lispind on valmistatud kunstnahast ning sisu katab pikk s\u00fcnteetiline karv. S\u00fcnteetiline karv on kerge, hingav, soe ja \u00fclimalt m\u00f5nus sinu lemmikule. Cazo Poli on valmistatud materjalidest, mis on vastupidavad ka koerak\u00fc\u00fcnte kahjustustele.<\/p>\n<p> Pesal on praktiline lihtsasti eemaldatav kate, mida v\u00f5ib pesumasinas pesta. Lihtne hooldus aitab hoida pesa kogu aeg puhtana.&nbsp;<\/p>\n<p> Pesa suurus: 93x72cm.<\/p>\n","protected":false},"excerpt":{"rendered":"<p>Cazo Poli luksuslik karvane pesa koertele.<\/p>\n","protected":false},"featured_media":11670,"template":"","meta":[],"product_cat":[692,456],"product_tag":[],"class_list":{"0":"post-15107","1":"product","2":"type-product","3":"status-publish","4":"has-post-thumbnail","6":"product_cat-lemmikutele-lisaks","7":"product_cat-pesad-ja-asemed","8":"pa_brand-cazo","9":"pa_ean-1995","10":"pa_kaal-3-000","11":"pa_tootjariik-poola","13":"first","14":"instock","15":"taxable","16":"shipping-taxable","17":"purchasable","18":"product-type-simple"},"_links":{"self":[{"href":"https:\/\/kasskoer.ee\/en\/wp-json\/wp\/v2\/product\/15107","targetHints":{"allow":["GET"]}}],"collection":[{"href":"https:\/\/kasskoer.ee\/en\/wp-json\/wp\/v2\/product"}],"about":[{"href":"https:\/\/kasskoer.ee\/en\/wp-json\/wp\/v2\/types\/product"}],"wp:featuredmedia":[{"embeddable":true,"href":"https:\/\/kasskoer.ee\/en\/wp-json\/wp\/v2\/media\/11670"}],"wp:attachment":[{"href":"https:\/\/kasskoer.ee\/en\/wp-json\/wp\/v2\/media?parent=15107"}],"wp:term":[{"taxonomy":"product_cat","embeddable":true,"href":"https:\/\/kasskoer.ee\/en\/wp-json\/wp\/v2\/product_cat?post=15107"},{"taxonomy":"product_tag","embeddable":true,"href":"https:\/\/kasskoer.ee\/en\/wp-json\/wp\/v2\/product_tag?post=15107"}],"curies":[{"name":"wp","href":"https:\/\/api.w.org\/{rel}","templated":true}]}}