{"id":15110,"date":"2026-04-20T03:10:10","date_gmt":"2026-04-20T00:10:10","guid":{"rendered":"https:\/\/kasskoer.ee\/product\/record-eco-kraapimispuu-30x30x615cm-2\/"},"modified":"2026-04-20T03:10:12","modified_gmt":"2026-04-20T00:10:12","slug":"record-eco-kraapimispuu-30x30x615cm","status":"publish","type":"product","link":"https:\/\/kasskoer.ee\/en\/toode\/record-eco-kraapimispuu-30x30x615cm\/","title":{"rendered":"Record Eco kraapimispuu 30x30x61,5cm"},"content":{"rendered":"<p>Eco kraapimispuu pakub kassile ideaalset v\u00f5imalust k\u00fc\u00fcsi viilida ning energiat kulutada. Tulemusena ei kannata teie m\u00f6\u00f6bel ning kass on aktiivne ja terve.<br \/>&#13;<br \/>\nSisaldab naisten\u00f5gest, mis stimuleerib ja l\u00f5\u00f5gastab kassi.<\/p>\n","protected":false},"excerpt":{"rendered":"<p>Lainekujuline puitraamiga papist k\u00fclgedega kraapimispuu.<\/p>\n","protected":false},"featured_media":11676,"template":"","meta":[],"product_cat":[1322],"product_tag":[],"class_list":{"0":"post-15110","1":"product","2":"type-product","3":"status-publish","4":"has-post-thumbnail","6":"product_cat-kasside-ronimispuud-ja-kraapimislauad","7":"pa_brand-record","8":"pa_ean-1879","9":"pa_kaal-3-000","10":"pa_tootjariik-hiina","12":"first","13":"instock","14":"taxable","15":"shipping-taxable","16":"purchasable","17":"product-type-simple"},"_links":{"self":[{"href":"https:\/\/kasskoer.ee\/en\/wp-json\/wp\/v2\/product\/15110","targetHints":{"allow":["GET"]}}],"collection":[{"href":"https:\/\/kasskoer.ee\/en\/wp-json\/wp\/v2\/product"}],"about":[{"href":"https:\/\/kasskoer.ee\/en\/wp-json\/wp\/v2\/types\/product"}],"wp:featuredmedia":[{"embeddable":true,"href":"https:\/\/kasskoer.ee\/en\/wp-json\/wp\/v2\/media\/11676"}],"wp:attachment":[{"href":"https:\/\/kasskoer.ee\/en\/wp-json\/wp\/v2\/media?parent=15110"}],"wp:term":[{"taxonomy":"product_cat","embeddable":true,"href":"https:\/\/kasskoer.ee\/en\/wp-json\/wp\/v2\/product_cat?post=15110"},{"taxonomy":"product_tag","embeddable":true,"href":"https:\/\/kasskoer.ee\/en\/wp-json\/wp\/v2\/product_tag?post=15110"}],"curies":[{"name":"wp","href":"https:\/\/api.w.org\/{rel}","templated":true}]}}