{"id":15113,"date":"2026-04-20T03:10:10","date_gmt":"2026-04-20T00:10:10","guid":{"rendered":"https:\/\/kasskoer.ee\/product\/record-weli-salmon-maius-koerale-75g-2\/"},"modified":"2026-04-20T03:10:12","modified_gmt":"2026-04-20T00:10:12","slug":"record-weli-salmon-maius-koerale-75g","status":"publish","type":"product","link":"https:\/\/kasskoer.ee\/en\/toode\/record-weli-salmon-maius-koerale-75g\/","title":{"rendered":"Record Weli Salmon maius koerale 75g"},"content":{"rendered":"<p><b>Record Weli maius l\u00f5hega. T\u00e4iends\u00f6\u00f6t koerale.<\/b>&#13;<\/p>\n<li>Pehmed, maitsvad ja valgurikkad.<\/li>\n<p>&#13;<\/p>\n<li>Sobib koertele alates 6-dast elukuust.<\/li>\n<p>&#13;<\/p>\n<li>100% looduslik \u2013 ei sisalda teravilja, gluteeni, kunstlikke v\u00e4rvaineid, s\u00e4ilitusaineid ega suhkrut.<\/li>\n<p>&#13;<br \/>\n<br \/>&#13;<br \/>\n<b>Koostis<\/b><br \/>&#13;<br \/>\nKala ja kalasaadused (l\u00f5he 85%, tursk), taimset p\u00e4ritolu saadused, \u00f5lid ja rasvad.<br \/>&#13;<br \/>\n<br \/>&#13;<br \/>\n<b>Anal\u00fc\u00fctilised koostisosad<\/b><br \/>&#13;<br \/>\nToorvalk 35%, niiskus 23%, toortuhk 1,5%, toorrasv 1%, toorkiud 0,3%.<br \/>&#13;<br \/>\n<br \/>&#13;<br \/>\n<b>S\u00f6\u00f6tmisjuhend<\/b><br \/>&#13;<br \/>\nAnda maiust koerale preemiana. V\u00e4rske vesi peab olema alati saadaval. Maius ei ole sobilik alla 6 kuu vanustele koertele.<\/p>\n","protected":false},"excerpt":{"rendered":"<p>Weli sarja valgurikkad koerasn\u00e4kid l\u00f5hega.<\/p>\n","protected":false},"featured_media":11680,"template":"","meta":[],"product_cat":[1210,688],"product_tag":[],"class_list":{"0":"post-15113","1":"product","2":"type-product","3":"status-publish","4":"has-post-thumbnail","6":"product_cat-koerte-maiused","7":"product_cat-koerad","8":"pa_brand-record","9":"pa_ean-2443","10":"pa_kaal-0-075","11":"pa_tootjariik-hiina","13":"first","14":"instock","15":"taxable","16":"shipping-taxable","17":"purchasable","18":"product-type-simple"},"_links":{"self":[{"href":"https:\/\/kasskoer.ee\/en\/wp-json\/wp\/v2\/product\/15113","targetHints":{"allow":["GET"]}}],"collection":[{"href":"https:\/\/kasskoer.ee\/en\/wp-json\/wp\/v2\/product"}],"about":[{"href":"https:\/\/kasskoer.ee\/en\/wp-json\/wp\/v2\/types\/product"}],"wp:featuredmedia":[{"embeddable":true,"href":"https:\/\/kasskoer.ee\/en\/wp-json\/wp\/v2\/media\/11680"}],"wp:attachment":[{"href":"https:\/\/kasskoer.ee\/en\/wp-json\/wp\/v2\/media?parent=15113"}],"wp:term":[{"taxonomy":"product_cat","embeddable":true,"href":"https:\/\/kasskoer.ee\/en\/wp-json\/wp\/v2\/product_cat?post=15113"},{"taxonomy":"product_tag","embeddable":true,"href":"https:\/\/kasskoer.ee\/en\/wp-json\/wp\/v2\/product_tag?post=15113"}],"curies":[{"name":"wp","href":"https:\/\/api.w.org\/{rel}","templated":true}]}}