{"id":15117,"date":"2026-04-20T03:10:10","date_gmt":"2026-04-20T00:10:10","guid":{"rendered":"https:\/\/kasskoer.ee\/product\/record-dental-avocado-maius-koerale-75g-2\/"},"modified":"2026-04-20T03:10:12","modified_gmt":"2026-04-20T00:10:12","slug":"record-dental-avocado-maius-koerale-75g","status":"publish","type":"product","link":"https:\/\/kasskoer.ee\/en\/toode\/record-dental-avocado-maius-koerale-75g\/","title":{"rendered":"Record Dental Avocado maius koerale 75g"},"content":{"rendered":"<p>Dental sarja koerasn\u00e4kk, mis soodustab koera suu korralikku puhastamist ja p\u00f5hjalikku h\u00fcgieeni. T\u00e4nu oma funktsionaalsetele koostisosadele on see rikas vitamiinide ja antioks\u00fcdantide poolest ning aitab kaasa teie koera heaolule.&#13;<br \/>\n<br \/>&#13;<br \/>\n<br \/><b>Koostis<\/b><br \/>&#13;<br \/>\nTaimset p\u00e4ritolu derivaadid, liha ja loomsed saadused, gl\u00fctserool, mineraalid.&#13;<br \/>\n<br \/>&#13;<br \/>\n<br \/><b>Anal\u00fc\u00fctilised koostisosad<\/b><br \/>&#13;<br \/>\nToorproteiin 33.0%, niiskus 14.0%, toorrasv 1.0%, toortuhk 2.5%, toorkiud 1.0%.&#13;<br \/>\n<br \/>&#13;<br \/>\n<br \/><b>S\u00f6\u00f6dalisandid<\/b><br \/>&#13;<br \/>\nV\u00e4rvained, s\u00e4ilitusained.&#13;<br \/>\n<br \/>&#13;<br \/>\n<br \/><b>Kasutamine<\/b><br \/>&#13;<br \/>\nAnda maiust koerale preemiana.V\u00e4rske vesi peab olema alati saadaval. Maius ei ole sobilik alla 6 kuu vanustele koertele.<\/p>\n","protected":false},"excerpt":{"rendered":"<p>Record Dental sarja avokaadoga maius.<\/p>\n","protected":false},"featured_media":11686,"template":"","meta":[],"product_cat":[1210,688],"product_tag":[],"class_list":{"0":"post-15117","1":"product","2":"type-product","3":"status-publish","4":"has-post-thumbnail","6":"product_cat-koerte-maiused","7":"product_cat-koerad","8":"pa_brand-record","9":"pa_ean-1761","10":"pa_kaal-0-075","11":"pa_tootjariik-hiina","13":"first","14":"instock","15":"taxable","16":"shipping-taxable","17":"purchasable","18":"product-type-simple"},"_links":{"self":[{"href":"https:\/\/kasskoer.ee\/en\/wp-json\/wp\/v2\/product\/15117","targetHints":{"allow":["GET"]}}],"collection":[{"href":"https:\/\/kasskoer.ee\/en\/wp-json\/wp\/v2\/product"}],"about":[{"href":"https:\/\/kasskoer.ee\/en\/wp-json\/wp\/v2\/types\/product"}],"wp:featuredmedia":[{"embeddable":true,"href":"https:\/\/kasskoer.ee\/en\/wp-json\/wp\/v2\/media\/11686"}],"wp:attachment":[{"href":"https:\/\/kasskoer.ee\/en\/wp-json\/wp\/v2\/media?parent=15117"}],"wp:term":[{"taxonomy":"product_cat","embeddable":true,"href":"https:\/\/kasskoer.ee\/en\/wp-json\/wp\/v2\/product_cat?post=15117"},{"taxonomy":"product_tag","embeddable":true,"href":"https:\/\/kasskoer.ee\/en\/wp-json\/wp\/v2\/product_tag?post=15117"}],"curies":[{"name":"wp","href":"https:\/\/api.w.org\/{rel}","templated":true}]}}