{"id":15121,"date":"2026-04-20T03:10:10","date_gmt":"2026-04-20T00:10:10","guid":{"rendered":"https:\/\/kasskoer.ee\/product\/record-koeralelu-maasikas-425cm-2\/"},"modified":"2026-04-20T03:10:12","modified_gmt":"2026-04-20T00:10:12","slug":"record-koeralelu-maasikas-425cm","status":"publish","type":"product","link":"https:\/\/kasskoer.ee\/en\/toode\/record-koeralelu-maasikas-425cm\/","title":{"rendered":"Record koeralelu maasikas 42,5cm"},"content":{"rendered":"<p>K\u00f6iega m\u00e4nguasjal on m\u00f5nus kr\u00f5bisev pl\u00fc\u00fcsist detail  ja m\u00e4nguasja vajutades teeb see piiksuvat heli.<\/p>\n","protected":false},"excerpt":{"rendered":"<p>Record lateksist koeram\u00e4nguasi maasikas Veggy Fruit sarjast, millel on vastupidav punutud k\u00f6is ja pehmed detailid.<\/p>\n","protected":false},"featured_media":11692,"template":"","meta":[],"product_cat":[1326,688],"product_tag":[],"class_list":{"0":"post-15121","1":"product","2":"type-product","3":"status-publish","4":"has-post-thumbnail","6":"product_cat-koerte-manguasjad","7":"product_cat-koerad","8":"pa_brand-record","9":"pa_ean-2437","10":"pa_kaal-0-081","11":"pa_tootjariik-hiina","13":"first","14":"instock","15":"taxable","16":"shipping-taxable","17":"purchasable","18":"product-type-simple"},"_links":{"self":[{"href":"https:\/\/kasskoer.ee\/en\/wp-json\/wp\/v2\/product\/15121","targetHints":{"allow":["GET"]}}],"collection":[{"href":"https:\/\/kasskoer.ee\/en\/wp-json\/wp\/v2\/product"}],"about":[{"href":"https:\/\/kasskoer.ee\/en\/wp-json\/wp\/v2\/types\/product"}],"wp:featuredmedia":[{"embeddable":true,"href":"https:\/\/kasskoer.ee\/en\/wp-json\/wp\/v2\/media\/11692"}],"wp:attachment":[{"href":"https:\/\/kasskoer.ee\/en\/wp-json\/wp\/v2\/media?parent=15121"}],"wp:term":[{"taxonomy":"product_cat","embeddable":true,"href":"https:\/\/kasskoer.ee\/en\/wp-json\/wp\/v2\/product_cat?post=15121"},{"taxonomy":"product_tag","embeddable":true,"href":"https:\/\/kasskoer.ee\/en\/wp-json\/wp\/v2\/product_tag?post=15121"}],"curies":[{"name":"wp","href":"https:\/\/api.w.org\/{rel}","templated":true}]}}