{"id":15132,"date":"2026-04-20T03:10:10","date_gmt":"2026-04-20T00:10:10","guid":{"rendered":"https:\/\/kasskoer.ee\/product\/brit-care-grain-free-sensitive-venison-koeratoit-12kg-2\/"},"modified":"2026-04-20T03:10:12","modified_gmt":"2026-04-20T00:10:12","slug":"brit-care-grain-free-sensitive-venison-koeratoit-12kg","status":"publish","type":"product","link":"https:\/\/kasskoer.ee\/en\/toode\/brit-care-grain-free-sensitive-venison-koeratoit-12kg\/","title":{"rendered":"Brit Care Grain-Free Sensitive Venison koeratoit 12kg"},"content":{"rendered":"<p><b>Hirvelihaga teraviljavaba s\u00f6\u00f6t, mis on loodud spetsiaalselt tundliku seedimisega v\u00f5i toidutalumatuse all kannatavatele koertele.<\/b><br \/>&#13;<\/p>\n<li>Ei sisalda kanarasva.<\/li>\n<p>&#13;<\/p>\n<li>Ulukilihal p\u00f5hinev koostis on sobilik soovimatute reaktsioonide v\u00e4ltimiseks.<\/li>\n<p>&#13;<\/p>\n<li>Maarjaohakas toetab maksa t\u00f6\u00f6d ja on p\u00f5letikuvastase toimega.<\/li>\n<p>&#13;<\/p>\n<li>Probiootikumid ja antioks\u00fcdandid toetavad immuuns\u00fcsteemi ja seedeelundkonna tervist.<\/li>\n<p>&#13;<\/p>\n<li>Rikkalik oomega-3 rasvhapete sisaldus soodustab karvkatte ja naha tervist.<\/li>\n<p>&#13;<br \/>\n&#13;<br \/>\n<br \/><b>Koostis<\/b><br \/>&#13;<br \/>\nDeh\u00fcdreeritud ulukiliha (36%), kartulid (30%), kookos\u00f5li, kuivatatud \u00f5una viljaliha, l\u00f5he\u00f5li (5%), linaseemned (4%), \u00f5llep\u00e4rm, hernejahu, gl\u00fckoosamiin (300 mg\/kg), fruktooligosahhariidid (230 mg\/kg), kondroitiinsulfaat (230 mg\/kg), mannaani oligosahhariidid (180\u202fmg\/kg), Mojave yucca (180 mg\/kg), maarjaohaka seemned (110 mg\/kg), \u03b2-gl\u00fckaan (60 mg\/kg), kuivatatud veiste-s\u00fcdamerohi (60\u202fmg\/kg), kuivatatud astelpaju (60 mg\/kg), probiootikumid Lactobacillus helveticus HA \u2013 122 inaktiveeritud (15&#215;109 rakku\/kg).&#13;<br \/>\n<br \/>&#13;<br \/>\n<br \/><b>Anal\u00fc\u00fctilised koostisosad<\/b><br \/>&#13;<br \/>\nToorproteiin 25,0%, toorrasv 14,0%, niiskus 10,0%, toortuhk 8,5%, toorkiud 3,0%, kaltsium 1,7%, fosfor 1,2%, naatrium 0,2%, oomega-3 rasvhapped 1,0%, oomega-6 rasvhapped 0,8%, EPA (eikosapentaeenhape) (20:5 n-3) 0,06%, DHA (dokosaheksaeenhape) (22:6 n-3) 0,12%.&#13;<br \/>\n<br \/>&#13;<br \/>\n<br \/><b>S\u00f6\u00f6dalisandid<\/b><br \/>&#13;<br \/>\nVitamiin A (3a672a) 23000 R\u00dc, vitamiin D3 (3a671) 1700 R\u00dc, vitamiin E (3a700) 550 mg, vitamiin C (3a312) 350\u202fmg, tauriin (3a370) 1500 mg, koliinkloriid (3a890) 1800 mg, L-karnitiin (3a910) 300 mg, vitamiin B1 (3a821) 3 mg, vitamiin B2 (3a825i) 11 mg, biotiin (3a880) 4 mg, foolhape (3a316) 1,4 mg, vitamiin B6 (3a831) 3 mg, D-kaltsiumpantotenaat (3a841) 30 mg, niatsiinamiid (3a315) 38 mg, vitamiin B12 0,12 mg, jood (3b201) 0,9 mg, orgaaniline tsink (3b606) 100 mg, orgaaniline mangaan (3b504) 45 mg, orgaaniline vask (3b406) 20 mg, orgaaniline raud (3b106) 88 mg, orgaaniline seleen (3b810) 0,18 mg. Sisaldab EL-i poolt heakskiidetud antioks\u00fcdante: taime\u00f5lide tokoferooliekstrakte (1b306 (i)), askorb\u00fc\u00fclpalmitaati (1b304) ja rosmariiniekstrakti.&#13;<br \/>\n<br \/>&#13;<br \/>\n<br \/><b>Metaboliseeruv energia<\/b><br \/>&#13;<br \/>\n3640\u202fkcal\/kg<br \/>&#13;<br \/>\n<br \/><b>Soovituslik p\u00e4evane kogus<\/b>&#13;\n<\/p>\n<figure class=\"table\">\n<table>\n<tbody>\n<tr>\n<td><strong>Koera kaal (kg)<\/strong><\/td>\n<td>5<\/td>\n<td>10<\/td>\n<td>15<\/td>\n<td>20<\/td>\n<td>25<\/td>\n<td>30<\/td>\n<td>40<\/td>\n<td>50<\/td>\n<td>60<\/td>\n<td>70<\/td>\n<td>80<\/td>\n<td>90<\/td>\n<\/tr>\n<tr>\n<td><strong>P\u00e4evane kogus (g\/p\u00e4evas)<\/strong><\/td>\n<td>85<\/td>\n<td>140<\/td>\n<td>180<\/td>\n<td>230<\/td>\n<td>270<\/td>\n<td>310<\/td>\n<td>380<\/td>\n<td>440<\/td>\n<td>510<\/td>\n<td>570<\/td>\n<td>630<\/td>\n<td>680<\/td>\n<\/tr>\n<\/tbody>\n<\/table>\n<\/figure>\n","protected":false},"excerpt":{"rendered":"<p>Teraviljavaba hirvelihaga s\u00f6\u00f6t tundliku seedimisega v\u00f5i toidutalumatuse all kannatavatele koertele.<\/p>\n","protected":false},"featured_media":11714,"template":"","meta":[],"product_cat":[688,64],"product_tag":[],"class_list":{"0":"post-15132","1":"product","2":"type-product","3":"status-publish","4":"has-post-thumbnail","6":"product_cat-koerad","7":"product_cat-koeratoit","8":"pa_brand-brit-care","9":"pa_ean-2021","10":"pa_kaal-12-000","11":"pa_tootjariik-tsehhi","13":"first","14":"instock","15":"taxable","16":"shipping-taxable","17":"purchasable","18":"product-type-simple"},"_links":{"self":[{"href":"https:\/\/kasskoer.ee\/en\/wp-json\/wp\/v2\/product\/15132","targetHints":{"allow":["GET"]}}],"collection":[{"href":"https:\/\/kasskoer.ee\/en\/wp-json\/wp\/v2\/product"}],"about":[{"href":"https:\/\/kasskoer.ee\/en\/wp-json\/wp\/v2\/types\/product"}],"wp:featuredmedia":[{"embeddable":true,"href":"https:\/\/kasskoer.ee\/en\/wp-json\/wp\/v2\/media\/11714"}],"wp:attachment":[{"href":"https:\/\/kasskoer.ee\/en\/wp-json\/wp\/v2\/media?parent=15132"}],"wp:term":[{"taxonomy":"product_cat","embeddable":true,"href":"https:\/\/kasskoer.ee\/en\/wp-json\/wp\/v2\/product_cat?post=15132"},{"taxonomy":"product_tag","embeddable":true,"href":"https:\/\/kasskoer.ee\/en\/wp-json\/wp\/v2\/product_tag?post=15132"}],"curies":[{"name":"wp","href":"https:\/\/api.w.org\/{rel}","templated":true}]}}